{"id":8281,"date":"2021-11-23T16:11:58","date_gmt":"2021-11-23T14:11:58","guid":{"rendered":"https:\/\/rupa.lt\/?post_type=product&#038;p=8281"},"modified":"2025-12-06T14:47:14","modified_gmt":"2025-12-06T12:47:14","slug":"ivairiu-spalvu-lakuotas-staciakampis-sepetys","status":"publish","type":"product","link":"https:\/\/rupa.lt\/en\/product\/ivairiu-spalvu-lakuotas-staciakampis-sepetys\/","title":{"rendered":"\u012evairi\u0173 spalv\u0173 lakuotas sta\u010diakampis \u0161epetys"},"content":{"rendered":"<p id=\"tw-target-text\" class=\"tw-data-text tw-text-large tw-ta\" dir=\"ltr\" data-placeholder=\"Vertimas\"><span class=\"Y2IQFc\" lang=\"lt\">Sta\u010diakampis lakuotas trump\u0173 dant\u0173 \u0161epetys &#8211; 22 x 4 cm dyd\u017eio &#8211; pagamintas i\u0161 100% FSC\u00ae sertifikuotos lakuoto uosio medienos. Tek naudojami da\u017eai yra netoksi\u0161ki ir hipoalergi\u0161ki augalin\u0117s kilm\u0117s, o lakas gaunamas i\u0161 ekologi\u0161k\u0173 epoksidini\u0173 derv\u0173. Trumpi dantukai pagamintas i\u0161 100% FSC\u00ae sertifikuotos skroblo medienos. \u0160is \u0161epetys tinka trumpiems plaukams, labai trumpiems arba vyrams. Antistatinis, rank\u0173 darbo, pagamintas Italijoje<\/span><\/p>","protected":false},"excerpt":{"rendered":"<p id=\"tw-target-text\" class=\"tw-data-text tw-text-large tw-ta\" dir=\"ltr\" data-placeholder=\"Vertimas\"><span class=\"Y2IQFc\" lang=\"lt\">Sta\u010diakampis \u0161epetys i\u0161 uosio medienos, trumpais dantukais. \u0160epe\u010diai lakuoti violetiniu, oran\u017einiu ir salotiniu laku. Idealiai tinka trumpiems, itin trumpiems, vidutinio ilgio ar vyri\u0161kiems plaukams, bet i\u0161si\u0161ukuos ir ilgakas\u0117s neturin\u010dios labai stor\u0173, tanki\u0173 ar besipu\u010dian\u010di\u0173 plauk\u0173.<\/span><\/p>\n<p>&nbsp;<\/p>","protected":false},"featured_media":8293,"comment_status":"open","ping_status":"closed","template":"","meta":[],"product_brand":[],"product_cat":[103,247],"product_tag":[],"class_list":{"0":"post-8281","1":"product","2":"type-product","3":"status-publish","4":"has-post-thumbnail","6":"product_cat-tek","7":"product_cat-color-linija","9":"first","10":"outofstock","11":"shipping-taxable","12":"purchasable","13":"product-type-variable"},"_links":{"self":[{"href":"https:\/\/rupa.lt\/en\/wp-json\/wp\/v2\/product\/8281","targetHints":{"allow":["GET"]}}],"collection":[{"href":"https:\/\/rupa.lt\/en\/wp-json\/wp\/v2\/product"}],"about":[{"href":"https:\/\/rupa.lt\/en\/wp-json\/wp\/v2\/types\/product"}],"replies":[{"embeddable":true,"href":"https:\/\/rupa.lt\/en\/wp-json\/wp\/v2\/comments?post=8281"}],"wp:featuredmedia":[{"embeddable":true,"href":"https:\/\/rupa.lt\/en\/wp-json\/wp\/v2\/media\/8293"}],"wp:attachment":[{"href":"https:\/\/rupa.lt\/en\/wp-json\/wp\/v2\/media?parent=8281"}],"wp:term":[{"taxonomy":"product_brand","embeddable":true,"href":"https:\/\/rupa.lt\/en\/wp-json\/wp\/v2\/product_brand?post=8281"},{"taxonomy":"product_cat","embeddable":true,"href":"https:\/\/rupa.lt\/en\/wp-json\/wp\/v2\/product_cat?post=8281"},{"taxonomy":"product_tag","embeddable":true,"href":"https:\/\/rupa.lt\/en\/wp-json\/wp\/v2\/product_tag?post=8281"}],"curies":[{"name":"wp","href":"https:\/\/api.w.org\/{rel}","templated":true}]}}