{"id":8274,"date":"2021-11-20T18:26:09","date_gmt":"2021-11-20T16:26:09","guid":{"rendered":"https:\/\/rupa.lt\/?post_type=product&#038;p=8274"},"modified":"2023-10-27T23:28:12","modified_gmt":"2023-10-27T20:28:12","slug":"medines-sukos-su-rankena","status":"publish","type":"product","link":"https:\/\/rupa.lt\/en\/product\/medines-sukos-su-rankena\/","title":{"rendered":"Medin\u0117s \u0161ukos su rankena"},"content":{"rendered":"<p>\u0160ukos su rankena ir pla\u010diais dantukais &#8211; 20 x 4,5 cm dyd\u017eio &#8211; pagamintos i\u0161 100% FSC\u00ae sertifikuotos uosio medienos. U\u017ebaigtos, i\u0161lygintos rankomis ir apdorotos s\u0117men\u0173 aliejumi ir augaliniu va\u0161ku. \u0160ukos sudarytos i\u0161 dviej\u0173 medienos juosteli\u0173 su prie\u0161ingomis dro\u017el\u0117mis, kurios leid\u017eia jas naudoti net ant \u0161lapi\u0173 plauk\u0173, kad neb\u016bt\u0173 pa\u017eeista \u0161uk\u0173 strukt\u016bra. Plat\u016bs tarpai idealiai tinka normaliems, garbanotiems ar banguotiems plaukams. I\u0161\u0161ukuoja plaukus, paskirsto produktus nepa\u017eeizdamos \u0161lapi\u0173 plauk\u0173. B\u016btinos tepant kondicionierius ir kremus plovimo metu, rankena palengvina \u0161ias proced\u016bras. VeganOK sertifikuotas produktas. Antistatinis, rank\u0173 darbo, pagamintos Italijoje.<\/p>","protected":false},"excerpt":{"rendered":"<p>Medin\u0117s \u0161ukos pagamintos i\u0161 uosio medienos su funkcine rankena. Skirtos tepti kremus ir kondicionierius plaunant plaukus.<\/p>\n<p>&nbsp;<\/p>","protected":false},"featured_media":8381,"comment_status":"open","ping_status":"closed","template":"","meta":[],"product_brand":[],"product_cat":[273,103,248],"product_tag":[266,267,268,250],"class_list":{"0":"post-8274","1":"product","2":"type-product","3":"status-publish","4":"has-post-thumbnail","6":"product_cat-dovanuidejos","7":"product_cat-tek","8":"product_cat-natural-linija","9":"product_tag-2040-03","10":"product_tag-medines-sukos-su-ranka","11":"product_tag-produktams-paskisryti-ant-dregnu-plauku","12":"product_tag-tek","14":"first","15":"instock","16":"shipping-taxable","17":"purchasable","18":"product-type-simple"},"_links":{"self":[{"href":"https:\/\/rupa.lt\/en\/wp-json\/wp\/v2\/product\/8274","targetHints":{"allow":["GET"]}}],"collection":[{"href":"https:\/\/rupa.lt\/en\/wp-json\/wp\/v2\/product"}],"about":[{"href":"https:\/\/rupa.lt\/en\/wp-json\/wp\/v2\/types\/product"}],"replies":[{"embeddable":true,"href":"https:\/\/rupa.lt\/en\/wp-json\/wp\/v2\/comments?post=8274"}],"wp:featuredmedia":[{"embeddable":true,"href":"https:\/\/rupa.lt\/en\/wp-json\/wp\/v2\/media\/8381"}],"wp:attachment":[{"href":"https:\/\/rupa.lt\/en\/wp-json\/wp\/v2\/media?parent=8274"}],"wp:term":[{"taxonomy":"product_brand","embeddable":true,"href":"https:\/\/rupa.lt\/en\/wp-json\/wp\/v2\/product_brand?post=8274"},{"taxonomy":"product_cat","embeddable":true,"href":"https:\/\/rupa.lt\/en\/wp-json\/wp\/v2\/product_cat?post=8274"},{"taxonomy":"product_tag","embeddable":true,"href":"https:\/\/rupa.lt\/en\/wp-json\/wp\/v2\/product_tag?post=8274"}],"curies":[{"name":"wp","href":"https:\/\/api.w.org\/{rel}","templated":true}]}}