{"id":8270,"date":"2021-11-20T18:10:14","date_gmt":"2021-11-20T16:10:14","guid":{"rendered":"https:\/\/rupa.lt\/?post_type=product&#038;p=8270"},"modified":"2023-03-23T09:46:45","modified_gmt":"2023-03-23T07:46:45","slug":"medinis-staciakampio-formos-sepetys-su-ilgais-dantukais-22-x-4-cm-pagamintas-is-100-fsc-sertifikuotos-uosio-medienos-naturalios-medienos-spalvos-apdorotas-augaliniu-vasku-ir-semenu-aliejum","status":"publish","type":"product","link":"https:\/\/rupa.lt\/en\/product\/medinis-staciakampio-formos-sepetys-su-ilgais-dantukais-22-x-4-cm-pagamintas-is-100-fsc-sertifikuotos-uosio-medienos-naturalios-medienos-spalvos-apdorotas-augaliniu-vasku-ir-semenu-aliejum\/","title":{"rendered":"Medinis sta\u010diakampis \u0161epetys su ilgais dantukais"},"content":{"rendered":"<p>Medinis sta\u010diakampio formos \u0161epetys su ilgais dantukais &#8211; 22 x 4 cm &#8211; pagamintas i\u0161 100% FSC\u00ae sertifikuotos uosio medienos, nat\u016bralios medienos spalvos, apdorotas augaliniu va\u0161ku ir s\u0117men\u0173 aliejumi. Dantukai i\u0161 100% FSC\u00ae sertifikuotos skroblo medienos. \u0160is \u0161epetys tinka trumpiems ar vidutinio ilgio plaukams, taip pat vyrams. \u017dinau, kad su juo puikiai i\u0161si\u0161ukuoja ir ilgakas\u0117s. VeganOK sertifikuotas produktas. Antistatinis, rank\u0173 darbo, pagamintas Italijoje.<\/p>\n<p>&nbsp;<\/p>","protected":false},"excerpt":{"rendered":"<p>Medinis sta\u010diakampis \u0161epetys i\u0161 uosio medienos su ilgais dantukais. Idialiai tinka vidutinio trumpumo plaukams ir vyrams, bet i\u0161si\u0161ukuos ir ilgakas\u0117s.<\/p>","protected":false},"featured_media":8271,"comment_status":"open","ping_status":"closed","template":"","meta":[],"product_brand":[],"product_cat":[103,248],"product_tag":[257,250,265],"class_list":{"0":"post-8270","1":"product","2":"type-product","3":"status-publish","4":"has-post-thumbnail","6":"product_cat-tek","7":"product_cat-natural-linija","8":"product_tag-medinis-sepetys","9":"product_tag-tek","10":"product_tag-vidutinio-ilgio-ir-trumpiems-plaukams","12":"first","13":"instock","14":"shipping-taxable","15":"purchasable","16":"product-type-simple"},"_links":{"self":[{"href":"https:\/\/rupa.lt\/en\/wp-json\/wp\/v2\/product\/8270","targetHints":{"allow":["GET"]}}],"collection":[{"href":"https:\/\/rupa.lt\/en\/wp-json\/wp\/v2\/product"}],"about":[{"href":"https:\/\/rupa.lt\/en\/wp-json\/wp\/v2\/types\/product"}],"replies":[{"embeddable":true,"href":"https:\/\/rupa.lt\/en\/wp-json\/wp\/v2\/comments?post=8270"}],"wp:featuredmedia":[{"embeddable":true,"href":"https:\/\/rupa.lt\/en\/wp-json\/wp\/v2\/media\/8271"}],"wp:attachment":[{"href":"https:\/\/rupa.lt\/en\/wp-json\/wp\/v2\/media?parent=8270"}],"wp:term":[{"taxonomy":"product_brand","embeddable":true,"href":"https:\/\/rupa.lt\/en\/wp-json\/wp\/v2\/product_brand?post=8270"},{"taxonomy":"product_cat","embeddable":true,"href":"https:\/\/rupa.lt\/en\/wp-json\/wp\/v2\/product_cat?post=8270"},{"taxonomy":"product_tag","embeddable":true,"href":"https:\/\/rupa.lt\/en\/wp-json\/wp\/v2\/product_tag?post=8270"}],"curies":[{"name":"wp","href":"https:\/\/api.w.org\/{rel}","templated":true}]}}