{"id":8265,"date":"2021-11-20T17:57:42","date_gmt":"2021-11-20T15:57:42","guid":{"rendered":"https:\/\/rupa.lt\/?post_type=product&#038;p=8265"},"modified":"2023-03-23T09:47:02","modified_gmt":"2023-03-23T07:47:02","slug":"staciakampis-sepertys-su-trumpais-dantukais","status":"publish","type":"product","link":"https:\/\/rupa.lt\/en\/product\/staciakampis-sepertys-su-trumpais-dantukais\/","title":{"rendered":"Sta\u010diakampis medinis \u0161epertys su trumpais dantukais"},"content":{"rendered":"<p>Sta\u010diakampis medinis plauk\u0173 \u0161epetys trumpais dantukais- 22 x 4 cm &#8211; pagamintas i\u0161 100% FSC\u00ae sertifikuotos uosio medienos, nat\u016bralios medienos spalvos, apdorotas augaliniu va\u0161ku ir s\u0117men\u0173 aliejumi, dantukai i\u0161 100% FSC\u00ae sertifikuotos skroblo. \u0160is \u0161epetys labiausiai tinkamas trumpiems ir labai trumpiems plaukams. VeganOK sertifikuotas produktas. Antistatinis, rank\u0173 darbo, pagamintas Italijoje.<\/p>\n<p>&nbsp;<\/p>","protected":false},"excerpt":{"rendered":"<p>Sta\u010diakampis medinis \u0161epetys i\u0161 uosio medienos su trumpais dantukais. Idialus vidutinio ilgio ir trumpiems ar labai trumpiems plaukams, tiks ir vyrams.<\/p>","protected":false},"featured_media":8266,"comment_status":"open","ping_status":"closed","template":"","meta":[],"product_brand":[],"product_cat":[103,248],"product_tag":[262,257,252,250,263,316],"class_list":{"0":"post-8265","1":"product","2":"type-product","3":"status-publish","4":"has-post-thumbnail","6":"product_cat-tek","7":"product_cat-natural-linija","8":"product_tag-1620-03","9":"product_tag-medinis-sepetys","10":"product_tag-naturalus","11":"product_tag-tek","12":"product_tag-trumpiems-plaukams","13":"product_tag-vidutinio-ilgio-plaukams","15":"first","16":"instock","17":"shipping-taxable","18":"purchasable","19":"product-type-simple"},"_links":{"self":[{"href":"https:\/\/rupa.lt\/en\/wp-json\/wp\/v2\/product\/8265","targetHints":{"allow":["GET"]}}],"collection":[{"href":"https:\/\/rupa.lt\/en\/wp-json\/wp\/v2\/product"}],"about":[{"href":"https:\/\/rupa.lt\/en\/wp-json\/wp\/v2\/types\/product"}],"replies":[{"embeddable":true,"href":"https:\/\/rupa.lt\/en\/wp-json\/wp\/v2\/comments?post=8265"}],"wp:featuredmedia":[{"embeddable":true,"href":"https:\/\/rupa.lt\/en\/wp-json\/wp\/v2\/media\/8266"}],"wp:attachment":[{"href":"https:\/\/rupa.lt\/en\/wp-json\/wp\/v2\/media?parent=8265"}],"wp:term":[{"taxonomy":"product_brand","embeddable":true,"href":"https:\/\/rupa.lt\/en\/wp-json\/wp\/v2\/product_brand?post=8265"},{"taxonomy":"product_cat","embeddable":true,"href":"https:\/\/rupa.lt\/en\/wp-json\/wp\/v2\/product_cat?post=8265"},{"taxonomy":"product_tag","embeddable":true,"href":"https:\/\/rupa.lt\/en\/wp-json\/wp\/v2\/product_tag?post=8265"}],"curies":[{"name":"wp","href":"https:\/\/api.w.org\/{rel}","templated":true}]}}