{"id":8259,"date":"2021-11-19T21:55:21","date_gmt":"2021-11-19T19:55:21","guid":{"rendered":"https:\/\/rupa.lt\/?post_type=product&#038;p=8259"},"modified":"2023-03-23T09:46:31","modified_gmt":"2023-03-23T07:46:31","slug":"didelis-medinis-ovalus-sepetys-su-trumpais-dantukais","status":"publish","type":"product","link":"https:\/\/rupa.lt\/en\/product\/didelis-medinis-ovalus-sepetys-su-trumpais-dantukais\/","title":{"rendered":"Didelis medinis ovalus \u0161epetys"},"content":{"rendered":"<p>Didelis medinis ovalus \u0161epetys su vidutinio ilgio dantukais &#8211; 22 x 6 cm &#8211; pagamintas i\u0161 100% FSC\u00ae sertifikuotos uosio medienos, nat\u016bralios medienos spalvos su rankena apdorota augaliniu va\u0161ku ir s\u0117men\u0173 aliejumi, trumpi dantukai i\u0161 100% FSC\u00ae sertifikuotos skroblo medienos. \u0160is \u0161epetys universalus vis\u0173 tip\u0173 plaukams. VeganOK sertifikuotas produktas. Antistatinis ir rank\u0173 darbo, pagamintas Italijoje.<\/p>\n<p>&nbsp;<\/p>","protected":false},"excerpt":{"rendered":"<p>Didelis medinis ovalus \u0161epetys su vidutinio ilgio dantukais i\u0161 uosio medienos. Universalus, tinka vis\u0173 tip\u0173 plaukams.<\/p>","protected":false},"featured_media":8260,"comment_status":"open","ping_status":"closed","template":"","meta":[],"product_brand":[],"product_cat":[103,248],"product_tag":[258,260,259,250,261],"class_list":{"0":"post-8259","1":"product","2":"type-product","3":"status-publish","4":"has-post-thumbnail","6":"product_cat-tek","7":"product_cat-natural-linija","8":"product_tag-1520-03","9":"product_tag-medinis-plauku-sepetys","10":"product_tag-ovalus","11":"product_tag-tek","12":"product_tag-universalus","14":"first","15":"instock","16":"shipping-taxable","17":"purchasable","18":"product-type-simple"},"_links":{"self":[{"href":"https:\/\/rupa.lt\/en\/wp-json\/wp\/v2\/product\/8259","targetHints":{"allow":["GET"]}}],"collection":[{"href":"https:\/\/rupa.lt\/en\/wp-json\/wp\/v2\/product"}],"about":[{"href":"https:\/\/rupa.lt\/en\/wp-json\/wp\/v2\/types\/product"}],"replies":[{"embeddable":true,"href":"https:\/\/rupa.lt\/en\/wp-json\/wp\/v2\/comments?post=8259"}],"wp:featuredmedia":[{"embeddable":true,"href":"https:\/\/rupa.lt\/en\/wp-json\/wp\/v2\/media\/8260"}],"wp:attachment":[{"href":"https:\/\/rupa.lt\/en\/wp-json\/wp\/v2\/media?parent=8259"}],"wp:term":[{"taxonomy":"product_brand","embeddable":true,"href":"https:\/\/rupa.lt\/en\/wp-json\/wp\/v2\/product_brand?post=8259"},{"taxonomy":"product_cat","embeddable":true,"href":"https:\/\/rupa.lt\/en\/wp-json\/wp\/v2\/product_cat?post=8259"},{"taxonomy":"product_tag","embeddable":true,"href":"https:\/\/rupa.lt\/en\/wp-json\/wp\/v2\/product_tag?post=8259"}],"curies":[{"name":"wp","href":"https:\/\/api.w.org\/{rel}","templated":true}]}}