{"id":8253,"date":"2021-11-19T21:41:26","date_gmt":"2021-11-19T19:41:26","guid":{"rendered":"https:\/\/rupa.lt\/?post_type=product&#038;p=8253"},"modified":"2023-03-23T10:07:36","modified_gmt":"2023-03-23T08:07:36","slug":"medinis-vidutinio-dydzio-staciakampio-formos-sepetys","status":"publish","type":"product","link":"https:\/\/rupa.lt\/en\/product\/medinis-vidutinio-dydzio-staciakampio-formos-sepetys\/","title":{"rendered":"Medinis vidutinis sta\u010diakampio formos \u0161epetys"},"content":{"rendered":"<p>Medinis vidutinio dyd\u017eio sta\u010diakampio formos \u0161epetys su trumpais dantukais &#8211; 22 x 5,5 cm &#8211; pagamintas i\u0161 100% FSC\u00ae sertifikuotos uosio medienos, nat\u016bralios medienos spalvos su rankena apdorota augaliniu va\u0161ku ir s\u0117men\u0173 aliejumi, 100% FSC\u00ae sertifikuotas skroblo med\u017eio dantukais. Jis ypa\u010d tinka ploniems arba labai ploniems \u012fvairaus ilgio plaukams. VeganOK sertifikuotas produktas. Antistatinis ir rank\u0173 darbo pagamintas Italijoje.<\/p>","protected":false},"excerpt":{"rendered":"<p>Medinis vidutinio dyd\u017eio sta\u010diakampis \u0161epetys i\u0161 uosio medienos su trumpais dantukais. Idealiai tinka turintiems plonus, ilgus arba vidutinio ilgio plaukus.<\/p>","protected":false},"featured_media":8254,"comment_status":"open","ping_status":"closed","template":"","meta":[],"product_brand":[],"product_cat":[103,248],"product_tag":[255,257,252,256,250],"class_list":{"0":"post-8253","1":"product","2":"type-product","3":"status-publish","4":"has-post-thumbnail","6":"product_cat-tek","7":"product_cat-natural-linija","8":"product_tag-1020-03","9":"product_tag-medinis-sepetys","10":"product_tag-naturalus","11":"product_tag-staciakampis","12":"product_tag-tek","14":"first","15":"instock","16":"shipping-taxable","17":"purchasable","18":"product-type-simple"},"_links":{"self":[{"href":"https:\/\/rupa.lt\/en\/wp-json\/wp\/v2\/product\/8253","targetHints":{"allow":["GET"]}}],"collection":[{"href":"https:\/\/rupa.lt\/en\/wp-json\/wp\/v2\/product"}],"about":[{"href":"https:\/\/rupa.lt\/en\/wp-json\/wp\/v2\/types\/product"}],"replies":[{"embeddable":true,"href":"https:\/\/rupa.lt\/en\/wp-json\/wp\/v2\/comments?post=8253"}],"wp:featuredmedia":[{"embeddable":true,"href":"https:\/\/rupa.lt\/en\/wp-json\/wp\/v2\/media\/8254"}],"wp:attachment":[{"href":"https:\/\/rupa.lt\/en\/wp-json\/wp\/v2\/media?parent=8253"}],"wp:term":[{"taxonomy":"product_brand","embeddable":true,"href":"https:\/\/rupa.lt\/en\/wp-json\/wp\/v2\/product_brand?post=8253"},{"taxonomy":"product_cat","embeddable":true,"href":"https:\/\/rupa.lt\/en\/wp-json\/wp\/v2\/product_cat?post=8253"},{"taxonomy":"product_tag","embeddable":true,"href":"https:\/\/rupa.lt\/en\/wp-json\/wp\/v2\/product_tag?post=8253"}],"curies":[{"name":"wp","href":"https:\/\/api.w.org\/{rel}","templated":true}]}}