{"id":8226,"date":"2021-11-19T19:36:03","date_gmt":"2021-11-19T17:36:03","guid":{"rendered":"https:\/\/rupa.lt\/?post_type=product&#038;p=8226"},"modified":"2025-12-11T22:00:30","modified_gmt":"2025-12-11T20:00:30","slug":"medinis-didelis-staciakampis-septys","status":"publish","type":"product","link":"https:\/\/rupa.lt\/en\/product\/medinis-didelis-staciakampis-septys\/","title":{"rendered":"Medinis didelis sta\u010diakampis \u0161eptys su trumpais dantukais"},"content":{"rendered":"<p>Medinis didelis sta\u010diakampis \u0161epetys su trumpais dantukais &#8211; 22 x 6,5 cm &#8211; pagamintas i\u0161 100% FSC\u00ae sertifikuotos uosio medienos. Nat\u016bralios medienos spalvos, apdorotas augaliniu va\u0161ku ir s\u0117men\u0173 aliejumi. VeganOK sertifikuotas produktas. Antistatinis, rank\u0173 darbo, pagamintas Italijoje.<\/p>","protected":false},"excerpt":{"rendered":"<p>Didelis platus sta\u010diakampis \u0161epetys i\u0161 uosio medienos su trumpais dantukais. Tinka ilgiems ir vidutinio ilgio plaukams.<\/p>","protected":false},"featured_media":8228,"comment_status":"open","ping_status":"closed","template":"","meta":[],"product_brand":[],"product_cat":[103,248],"product_tag":[254,315,251,252,250,253,316],"class_list":{"0":"post-8226","1":"product","2":"type-product","3":"status-publish","4":"has-post-thumbnail","6":"product_cat-tek","7":"product_cat-natural-linija","8":"product_tag-1022-03","9":"product_tag-ilgiems-plaukams","10":"product_tag-medinis-platus-sepetys","11":"product_tag-naturalus","12":"product_tag-tek","13":"product_tag-vegan","14":"product_tag-vidutinio-ilgio-plaukams","16":"first","17":"onbackorder","18":"shipping-taxable","19":"purchasable","20":"product-type-simple"},"_links":{"self":[{"href":"https:\/\/rupa.lt\/en\/wp-json\/wp\/v2\/product\/8226","targetHints":{"allow":["GET"]}}],"collection":[{"href":"https:\/\/rupa.lt\/en\/wp-json\/wp\/v2\/product"}],"about":[{"href":"https:\/\/rupa.lt\/en\/wp-json\/wp\/v2\/types\/product"}],"replies":[{"embeddable":true,"href":"https:\/\/rupa.lt\/en\/wp-json\/wp\/v2\/comments?post=8226"}],"wp:featuredmedia":[{"embeddable":true,"href":"https:\/\/rupa.lt\/en\/wp-json\/wp\/v2\/media\/8228"}],"wp:attachment":[{"href":"https:\/\/rupa.lt\/en\/wp-json\/wp\/v2\/media?parent=8226"}],"wp:term":[{"taxonomy":"product_brand","embeddable":true,"href":"https:\/\/rupa.lt\/en\/wp-json\/wp\/v2\/product_brand?post=8226"},{"taxonomy":"product_cat","embeddable":true,"href":"https:\/\/rupa.lt\/en\/wp-json\/wp\/v2\/product_cat?post=8226"},{"taxonomy":"product_tag","embeddable":true,"href":"https:\/\/rupa.lt\/en\/wp-json\/wp\/v2\/product_tag?post=8226"}],"curies":[{"name":"wp","href":"https:\/\/api.w.org\/{rel}","templated":true}]}}