{"id":8193,"date":"2021-10-08T15:58:32","date_gmt":"2021-10-08T12:58:32","guid":{"rendered":"https:\/\/rupa.lt\/?post_type=product&#038;p=8193"},"modified":"2022-07-24T18:53:24","modified_gmt":"2022-07-24T15:53:24","slug":"revitalizing-sampunas","status":"publish","type":"product","link":"https:\/\/rupa.lt\/en\/product\/revitalizing-sampunas\/","title":{"rendered":"REVITALIZING \u0161amp\u016bnas"},"content":{"rendered":"<p>GLUTATIONAS. Gliutatijonas yra\u00a0antioksidantas. Florencijos &#8220;TheUniversity of Sorgery&#8221; nustat\u0117, kad gliutatijonas s\u0105veikoje su kitais aktyviais komponentais leid\u017eia odai prailginti plauk\u0173 augimo proces\u0105 ir ma\u017einti slinkim\u0105.<\/p>\n<p>INCI:\u00a0Aqua, Sodiun coceth sulfate, Cocomidoprpyl betaine, Eucalyptus globus leaf oil, Lavandula angustifolia, Camelia sinensis leaf extract, Ilex paraguariensis leaf extract, Paullinia cupana seed extract (*), Coffea arabica (Coffee) seed extract (*), Olea europaea (Olive) leaf extract, S-Arachidonoyl\/linolenoy\/Linoleol Glutathione, Dipamitoylethyl hydroxyethylmonium methosulfate, Behenamidopropyl dimethylamine, Glycerin, Benzyl alcohol, Lactic acid, Potassium sorbate, Sodium benzoate, Linalool, Limonene.<\/p>","protected":false},"excerpt":{"rendered":"<p>Atgaivinantis ir dr\u0117kinantis \u0161amp\u016bnas su kavos, guaranos ekstraktu ir glutationu silpniems, ploniems plaukams. Kavos ir Guaranos ekstraktai stiprina \u0161aknis. Eukalipto ir levandos eteriniai aliejai valo od\u0105 ir sustiprina jos stimuliacij\u0105.<\/p>\n<p>Naudojama kartu ir atskirai\u00a0su\u00a0ampul\u0117mis nuo plauk\u0173 slinkimo &#8220;REVITALIZING SCALP TREATMENT&#8221;<\/p>","protected":false},"featured_media":8195,"comment_status":"open","ping_status":"closed","template":"","meta":[],"product_brand":[],"product_cat":[246],"product_tag":[],"class_list":{"0":"post-8193","1":"product","2":"type-product","3":"status-publish","4":"has-post-thumbnail","6":"product_cat-revitalizing-linija","8":"first","9":"instock","10":"shipping-taxable","11":"purchasable","12":"product-type-simple"},"_links":{"self":[{"href":"https:\/\/rupa.lt\/en\/wp-json\/wp\/v2\/product\/8193","targetHints":{"allow":["GET"]}}],"collection":[{"href":"https:\/\/rupa.lt\/en\/wp-json\/wp\/v2\/product"}],"about":[{"href":"https:\/\/rupa.lt\/en\/wp-json\/wp\/v2\/types\/product"}],"replies":[{"embeddable":true,"href":"https:\/\/rupa.lt\/en\/wp-json\/wp\/v2\/comments?post=8193"}],"wp:featuredmedia":[{"embeddable":true,"href":"https:\/\/rupa.lt\/en\/wp-json\/wp\/v2\/media\/8195"}],"wp:attachment":[{"href":"https:\/\/rupa.lt\/en\/wp-json\/wp\/v2\/media?parent=8193"}],"wp:term":[{"taxonomy":"product_brand","embeddable":true,"href":"https:\/\/rupa.lt\/en\/wp-json\/wp\/v2\/product_brand?post=8193"},{"taxonomy":"product_cat","embeddable":true,"href":"https:\/\/rupa.lt\/en\/wp-json\/wp\/v2\/product_cat?post=8193"},{"taxonomy":"product_tag","embeddable":true,"href":"https:\/\/rupa.lt\/en\/wp-json\/wp\/v2\/product_tag?post=8193"}],"curies":[{"name":"wp","href":"https:\/\/api.w.org\/{rel}","templated":true}]}}