{"id":810,"date":"2016-04-08T17:30:06","date_gmt":"2016-04-08T14:30:06","guid":{"rendered":"http:\/\/ekokirpeja.lt\/?post_type=product&#038;p=810"},"modified":"2022-07-29T14:10:41","modified_gmt":"2022-07-29T11:10:41","slug":"ultra-svelnus-prausiklis-rankoms","status":"publish","type":"product","link":"https:\/\/rupa.lt\/en\/product\/ultra-svelnus-prausiklis-rankoms\/","title":{"rendered":"Ultra \u0161velnus prausiklis rankoms"},"content":{"rendered":"<div id=\"tabs\">\n<div id=\"tab-attributes\" class=\"panel\">\n<table class=\"shop_attributes\">\n<tbody>\n<tr class=\"attr_pakuote_ekologiska\">\n<th>Ekologi\u0161ka pakuot\u0117<\/th>\n<td><span class=\"val_eko_pakuote\">Flakonas, \u012f kur\u012f i\u0161pilstytas produktas (be kam\u0161telio), pagamintas i\u0161 kukur\u016bz\u0173, yra 100% suyrantis. Kompostuojamas kartu su organin\u0117mis atliekomis, tampa tr\u0105\u0161a.<\/span><\/td>\n<\/tr>\n<tr class=\"attr_ekologiska_pakuote\">\n<th>Pakuot\u0117<\/th>\n<td><span class=\"val_250ml\">250 ml<\/span><\/td>\n<\/tr>\n<\/tbody>\n<\/table>\n<\/div>\n<\/div>\n<div class=\"related products\"><\/div>","protected":false},"excerpt":{"rendered":"<div id=\"tabs\">\n<div id=\"tab-description\" class=\"panel\">\n<p>Fiziologinio pH prausiklis, ypa\u010d \u0161velnus skirtas visos \u0161eimos, net ir pa\u010di\u0173 ma\u017eiausi\u0173j\u0173, kasdieniniai higienai. Tinkantis rankoms, kojoms ir k\u016bnui. Sud\u0117tyje antiseptin\u0117s ir puikiai valan\u010dios med\u017eiagos, ta\u010diau nekenkian\u010dios hidrolipidinei odos pusiausvyrai ir praturtintos daugybe fitokompleks\u0173 tarp kuri\u0173 medetkos, ramun\u0117l\u0117s ir dede\u0161vos. Gryni, \u0161var\u016bs apelsin\u0173, citrin\u0173, rozmarin\u0173, snapu\u010di\u0173, kadagi\u0173 eteriniai aliejai suteikia produktui gaiv\u0173 ir pikanti\u0161k\u0105 aromat\u0105.<\/p>\n<\/div>\n<\/div>\n<div class=\"related products\"><\/div>","protected":false},"featured_media":811,"comment_status":"open","ping_status":"closed","template":"","meta":[],"product_brand":[],"product_cat":[39],"product_tag":[],"class_list":{"0":"post-810","1":"product","2":"type-product","3":"status-publish","4":"has-post-thumbnail","6":"product_cat-asmenine-higiena","8":"first","9":"outofstock","10":"shipping-taxable","11":"purchasable","12":"product-type-simple"},"_links":{"self":[{"href":"https:\/\/rupa.lt\/en\/wp-json\/wp\/v2\/product\/810","targetHints":{"allow":["GET"]}}],"collection":[{"href":"https:\/\/rupa.lt\/en\/wp-json\/wp\/v2\/product"}],"about":[{"href":"https:\/\/rupa.lt\/en\/wp-json\/wp\/v2\/types\/product"}],"replies":[{"embeddable":true,"href":"https:\/\/rupa.lt\/en\/wp-json\/wp\/v2\/comments?post=810"}],"wp:featuredmedia":[{"embeddable":true,"href":"https:\/\/rupa.lt\/en\/wp-json\/wp\/v2\/media\/811"}],"wp:attachment":[{"href":"https:\/\/rupa.lt\/en\/wp-json\/wp\/v2\/media?parent=810"}],"wp:term":[{"taxonomy":"product_brand","embeddable":true,"href":"https:\/\/rupa.lt\/en\/wp-json\/wp\/v2\/product_brand?post=810"},{"taxonomy":"product_cat","embeddable":true,"href":"https:\/\/rupa.lt\/en\/wp-json\/wp\/v2\/product_cat?post=810"},{"taxonomy":"product_tag","embeddable":true,"href":"https:\/\/rupa.lt\/en\/wp-json\/wp\/v2\/product_tag?post=810"}],"curies":[{"name":"wp","href":"https:\/\/api.w.org\/{rel}","templated":true}]}}