{"id":807,"date":"2016-04-08T17:24:53","date_gmt":"2016-04-08T17:24:53","guid":{"rendered":"http:\/\/ekokirpeja.lt\/?post_type=product&#038;p=807"},"modified":"2022-08-29T10:50:09","modified_gmt":"2022-08-29T07:50:09","slug":"dantu-pasta-kasdieninei-burnos-higienai","status":"publish","type":"product","link":"https:\/\/rupa.lt\/en\/product\/dantu-pasta-kasdieninei-burnos-higienai\/","title":{"rendered":"Dant\u0173 pasta kasdieninei burnos higienai"},"content":{"rendered":"<div id=\"tabs\">\n<div id=\"tab-attributes\" class=\"panel\">\n<table class=\"shop_attributes\">\n<tbody>\n<tr class=\"attr_ekologiska_pakuote\">\n<th>Pakuot\u0117<\/th>\n<td><span class=\"val_75ml\">75 ml<\/span><\/td>\n<\/tr>\n<\/tbody>\n<\/table>\n<\/div>\n<\/div>\n<div class=\"related products\"><\/div>","protected":false},"excerpt":{"rendered":"<div id=\"tabs\">\n<div id=\"tab-description\" class=\"panel\">\n<p>Tai nat\u016brali dant\u0173 pasta, be (SLS), sacharino, plastik\u0173 ir sintetini\u0173 tir\u0161tiki\u0173. Mineralin\u0117s mikrogranul\u0117s kalcio pagrindu ir \u0161velni pavir\u0161iaus aktyvioji med\u017eiaga augalini\u0173 aliej\u0173 ir cukraus pagrindu puikiai valo burnos ertm\u0119. Augalini\u0173 ekstrakt\u0173 puok\u0161t\u0117 ir eteriniai aliejai (saldymed\u017ei\u0173, apelsin\u0173, citrin\u0173, m\u0117t\u0173, arbatmed\u017ei\u0173) sukuria nat\u016bral\u0173 ir malon\u0173 kvap\u0105, kuris maloniai atgaivina burnos ertm\u0119.<\/p>\n<\/div>\n<\/div>\n<div class=\"related products\"><\/div>","protected":false},"featured_media":808,"comment_status":"open","ping_status":"closed","template":"","meta":[],"product_brand":[],"product_cat":[39],"product_tag":[],"class_list":{"0":"post-807","1":"product","2":"type-product","3":"status-publish","4":"has-post-thumbnail","6":"product_cat-asmenine-higiena","8":"first","9":"outofstock","10":"shipping-taxable","11":"purchasable","12":"product-type-simple"},"_links":{"self":[{"href":"https:\/\/rupa.lt\/en\/wp-json\/wp\/v2\/product\/807","targetHints":{"allow":["GET"]}}],"collection":[{"href":"https:\/\/rupa.lt\/en\/wp-json\/wp\/v2\/product"}],"about":[{"href":"https:\/\/rupa.lt\/en\/wp-json\/wp\/v2\/types\/product"}],"replies":[{"embeddable":true,"href":"https:\/\/rupa.lt\/en\/wp-json\/wp\/v2\/comments?post=807"}],"wp:featuredmedia":[{"embeddable":true,"href":"https:\/\/rupa.lt\/en\/wp-json\/wp\/v2\/media\/808"}],"wp:attachment":[{"href":"https:\/\/rupa.lt\/en\/wp-json\/wp\/v2\/media?parent=807"}],"wp:term":[{"taxonomy":"product_brand","embeddable":true,"href":"https:\/\/rupa.lt\/en\/wp-json\/wp\/v2\/product_brand?post=807"},{"taxonomy":"product_cat","embeddable":true,"href":"https:\/\/rupa.lt\/en\/wp-json\/wp\/v2\/product_cat?post=807"},{"taxonomy":"product_tag","embeddable":true,"href":"https:\/\/rupa.lt\/en\/wp-json\/wp\/v2\/product_tag?post=807"}],"curies":[{"name":"wp","href":"https:\/\/api.w.org\/{rel}","templated":true}]}}