{"id":804,"date":"2016-04-08T20:19:19","date_gmt":"2016-04-08T17:19:19","guid":{"rendered":"http:\/\/ekokirpeja.lt\/?post_type=product&#038;p=804"},"modified":"2021-12-02T13:39:13","modified_gmt":"2021-12-02T11:39:13","slug":"citrusiniu-vaisiu-vonios-muilas","status":"publish","type":"product","link":"https:\/\/rupa.lt\/en\/product\/citrusiniu-vaisiu-vonios-muilas\/","title":{"rendered":"Citrusini\u0173 vaisi\u0173 vonios muilas"},"content":{"rendered":"","protected":false},"excerpt":{"rendered":"<p>Tai augalin\u0117s kilm\u0117s muilas su grynais, ekologi\u0161kais apelsin\u0173, greipfrut\u0173 ir citrin\u0173 eteriniais aliejais, bei apelsin\u0173 \u017eievel\u0117s gr\u016bdeliais, giliai i\u0161valo, dr\u0117kina, mink\u0161tina od\u0105. Ji tampa aksomo \u0161velnumo ir apgaubta gaiviu aromatu.<\/p>","protected":false},"featured_media":805,"comment_status":"open","ping_status":"closed","template":"","meta":[],"product_brand":[],"product_cat":[39],"product_tag":[],"class_list":{"0":"post-804","1":"product","2":"type-product","3":"status-publish","4":"has-post-thumbnail","6":"product_cat-asmenine-higiena","8":"first","9":"outofstock","10":"shipping-taxable","11":"purchasable","12":"product-type-simple"},"_links":{"self":[{"href":"https:\/\/rupa.lt\/en\/wp-json\/wp\/v2\/product\/804","targetHints":{"allow":["GET"]}}],"collection":[{"href":"https:\/\/rupa.lt\/en\/wp-json\/wp\/v2\/product"}],"about":[{"href":"https:\/\/rupa.lt\/en\/wp-json\/wp\/v2\/types\/product"}],"replies":[{"embeddable":true,"href":"https:\/\/rupa.lt\/en\/wp-json\/wp\/v2\/comments?post=804"}],"wp:featuredmedia":[{"embeddable":true,"href":"https:\/\/rupa.lt\/en\/wp-json\/wp\/v2\/media\/805"}],"wp:attachment":[{"href":"https:\/\/rupa.lt\/en\/wp-json\/wp\/v2\/media?parent=804"}],"wp:term":[{"taxonomy":"product_brand","embeddable":true,"href":"https:\/\/rupa.lt\/en\/wp-json\/wp\/v2\/product_brand?post=804"},{"taxonomy":"product_cat","embeddable":true,"href":"https:\/\/rupa.lt\/en\/wp-json\/wp\/v2\/product_cat?post=804"},{"taxonomy":"product_tag","embeddable":true,"href":"https:\/\/rupa.lt\/en\/wp-json\/wp\/v2\/product_tag?post=804"}],"curies":[{"name":"wp","href":"https:\/\/api.w.org\/{rel}","templated":true}]}}