{"id":799,"date":"2016-04-08T17:00:32","date_gmt":"2016-04-08T17:00:32","guid":{"rendered":"http:\/\/ekokirpeja.lt\/?post_type=product&#038;p=799"},"modified":"2016-04-08T17:10:03","modified_gmt":"2016-04-08T17:10:03","slug":"negyvosios-juros-druska","status":"publish","type":"product","link":"https:\/\/rupa.lt\/en\/product\/negyvosios-juros-druska\/","title":{"rendered":"Negyvosios j\u016bros druska"},"content":{"rendered":"","protected":false},"excerpt":{"rendered":"<p>Negyvosios j\u016bros mineralin\u0117s druskos sud\u0117tyje yra net iki 45 mikroelement\u0173, kurie teigiamai veikia od\u0105 ir plaukus, tai magnis, kalis, kalcis, cinkas, gele\u017eis, jodas ir kt.<br \/>\nVonios su Negyvosios j\u016bros druska tinka dermatito, vitiligo (\u0161viesios spalvos d\u0117m\u0117s ten, kur tr\u016bksta melatonino) pa\u017eeistai odai pri\u017ei\u016br\u0117ti. Gali b\u016bti naudojama celiulito pa\u017eeistai odai \u0161veisti. Tinka plauk\u0173 skalavimui.<\/p>","protected":false},"featured_media":800,"comment_status":"open","ping_status":"closed","template":"","meta":[],"product_brand":[],"product_cat":[39],"product_tag":[],"class_list":{"0":"post-799","1":"product","2":"type-product","3":"status-publish","4":"has-post-thumbnail","6":"product_cat-asmenine-higiena","8":"first","9":"instock","10":"shipping-taxable","11":"purchasable","12":"product-type-variable"},"_links":{"self":[{"href":"https:\/\/rupa.lt\/en\/wp-json\/wp\/v2\/product\/799","targetHints":{"allow":["GET"]}}],"collection":[{"href":"https:\/\/rupa.lt\/en\/wp-json\/wp\/v2\/product"}],"about":[{"href":"https:\/\/rupa.lt\/en\/wp-json\/wp\/v2\/types\/product"}],"replies":[{"embeddable":true,"href":"https:\/\/rupa.lt\/en\/wp-json\/wp\/v2\/comments?post=799"}],"wp:featuredmedia":[{"embeddable":true,"href":"https:\/\/rupa.lt\/en\/wp-json\/wp\/v2\/media\/800"}],"wp:attachment":[{"href":"https:\/\/rupa.lt\/en\/wp-json\/wp\/v2\/media?parent=799"}],"wp:term":[{"taxonomy":"product_brand","embeddable":true,"href":"https:\/\/rupa.lt\/en\/wp-json\/wp\/v2\/product_brand?post=799"},{"taxonomy":"product_cat","embeddable":true,"href":"https:\/\/rupa.lt\/en\/wp-json\/wp\/v2\/product_cat?post=799"},{"taxonomy":"product_tag","embeddable":true,"href":"https:\/\/rupa.lt\/en\/wp-json\/wp\/v2\/product_tag?post=799"}],"curies":[{"name":"wp","href":"https:\/\/api.w.org\/{rel}","templated":true}]}}