{"id":794,"date":"2016-04-08T16:19:35","date_gmt":"2016-04-08T13:19:35","guid":{"rendered":"http:\/\/ekokirpeja.lt\/shop\/naturalmente\/kaukes-ir-kondicionieriai\/drekinamoji-atpalaiduojanti-kauke\/"},"modified":"2024-10-11T12:27:43","modified_gmt":"2024-10-11T09:27:43","slug":"drekinamoji-atpalaiduojanti-kauke","status":"publish","type":"product","link":"https:\/\/rupa.lt\/en\/product\/drekinamoji-atpalaiduojanti-kauke\/","title":{"rendered":"Kauk\u0117 DREKINANTI &#8211; LUSH MOISTURIZING"},"content":{"rendered":"<p><strong>INCI:<\/strong>Aqua [Water] (Eau), Behenamidopropyl dimethylamine, Cetyl alcohol, Myristyl alcohol, Dicaprylyl ether, Citrus aurantium dulcis (Orange) peel oil (*), Pogostemon cablin oil (*), Cananga odorata flower oil (*), Citrus aurantium amara (Bitter orange) leaf\/twig oil (*), Eucalyptus globulus leaf oil (*), Cinnamomum zeylanicum bark oil (*), Hydrolyzed soy protein, Guar hydroxypropyltrimonium chloride, Lactic acid, Benzyl alcohol, Sodium benzoate, Sodium dehydroacetate, Limonene, Linalool, Cinnamal.<\/p>\n<p>*Sud\u0117tyje yra 100% eteriniai aliejai, gauti i\u0161 biologinio \u016bkininkavimo.<\/p>\n<p>&nbsp;<\/p>\n<p>&nbsp;<\/p>\n","protected":false},"excerpt":{"rendered":"<p><strong>Dr\u0117kinanti \u2013 atpalaiduojanti<\/strong><br \/>\nDr\u0117kinanti kauk\u0117 sausiems plaukams. D\u0117l sud\u0117tyje esan\u010di\u0173 guaro dervos ir sojos hidrolato plaukai yra giliai dr\u0117kinami j\u0173 neapsunkinant.<\/p>\n<p><strong>Sud\u0117tyje<\/strong>:<br \/>\nHidrolizuoti sojos proteinai, Simondsija, Apelsinas.<\/p>\n<p><em>Papildoma informacija:<\/em><\/p>\n<p><a href=\"https:\/\/naturalmente.lt\/apie-naturalmente\/naturalmente-produktuose-naudojamos-aktyviosios-medziagos-ir-naturalus-aromatai\/\">Ingredientai, kuriuos naudoja NATURALMENTE <\/a><\/p>\n<p><a href=\"https:\/\/rupa.lt\/en\/naftos-produktai-kosmetikoje\/\">Ingredientai, kuri\u0173 NATURALMENTE nenaudoja<\/a><\/p>","protected":false},"featured_media":8459,"comment_status":"open","ping_status":"closed","template":"","meta":[],"product_brand":[],"product_cat":[55],"product_tag":[336,275],"class_list":{"0":"post-794","1":"product","2":"type-product","3":"status-publish","4":"has-post-thumbnail","6":"product_cat-naturalmente-in-bloom","7":"product_tag-drekinimas","8":"product_tag-sausiems-palukams","10":"first","11":"instock","12":"shipping-taxable","13":"purchasable","14":"product-type-simple"},"_links":{"self":[{"href":"https:\/\/rupa.lt\/en\/wp-json\/wp\/v2\/product\/794","targetHints":{"allow":["GET"]}}],"collection":[{"href":"https:\/\/rupa.lt\/en\/wp-json\/wp\/v2\/product"}],"about":[{"href":"https:\/\/rupa.lt\/en\/wp-json\/wp\/v2\/types\/product"}],"replies":[{"embeddable":true,"href":"https:\/\/rupa.lt\/en\/wp-json\/wp\/v2\/comments?post=794"}],"wp:featuredmedia":[{"embeddable":true,"href":"https:\/\/rupa.lt\/en\/wp-json\/wp\/v2\/media\/8459"}],"wp:attachment":[{"href":"https:\/\/rupa.lt\/en\/wp-json\/wp\/v2\/media?parent=794"}],"wp:term":[{"taxonomy":"product_brand","embeddable":true,"href":"https:\/\/rupa.lt\/en\/wp-json\/wp\/v2\/product_brand?post=794"},{"taxonomy":"product_cat","embeddable":true,"href":"https:\/\/rupa.lt\/en\/wp-json\/wp\/v2\/product_cat?post=794"},{"taxonomy":"product_tag","embeddable":true,"href":"https:\/\/rupa.lt\/en\/wp-json\/wp\/v2\/product_tag?post=794"}],"curies":[{"name":"wp","href":"https:\/\/api.w.org\/{rel}","templated":true}]}}