{"id":786,"date":"2016-04-08T15:45:11","date_gmt":"2016-04-08T12:45:11","guid":{"rendered":"http:\/\/ekokirpeja.lt\/shop\/naturalmente\/sampunai\/sampunas-zeme-terra\/"},"modified":"2024-10-22T14:42:13","modified_gmt":"2024-10-22T11:42:13","slug":"sampunas-zeme-terra","status":"publish","type":"product","link":"https:\/\/rupa.lt\/en\/product\/sampunas-zeme-terra\/","title":{"rendered":"\u0160amp\u016bnas REKONSTRUOJANTIS &#8211; LUSH"},"content":{"rendered":"<p><strong>INCI:<\/strong>Aqua [Water] (Eau), Ammonium lauryl sulfate, Disodium cocoamphodiacetate, Sodium cocoyl sarcosinate, Citrus aurantium dulcis (Orange) peel oil, Pogostemon cablin leaf oil, Cananga odorata flower oil, Cinnamomum zeylanicum bark oil, Eucalyptus globulus leaf oil, Eucalyptus globulus leaf extract (*), Citrus aurantium bergamia (Bergamot) leaf oil, Citrus aurantium dulcis (Orange) flower extract (*), Lycium barbarum fruit extract (*), Prunus amygdalus dulcis (Sweet almond) seed extract (*), Decyl glucoside, Coco-glucoside, Glyceryl oleate, Sodium olivamphoacetate, Glycerin, Benzyl alcohol, Sodium benzoate, Lactic acid, Sodium dehydroacetate, Limonene, Cinnamal, Linalool, Eugenol.<\/p>\n<p>*Sud\u0117tyje yra 100% eteriniai aliejai, gauti i\u0161 biologinio \u016bkininkavimo.<\/p>\n","protected":false},"excerpt":{"rendered":"<p><strong>Ekologin\u0117 plauk\u0173 rekonstrukcija<\/strong><br \/>\n<strong>Rekonstruojantis \u0161amp\u016bnas<\/strong> skirtas sausiems ir pa\u017eeistiems plaukams. Specialiai skirtas plaukams po chemini\u0173 proced\u016br\u0173.<\/p>\n<p><strong>Sud\u0117tyje<\/strong>:<br \/>\nPa\u010dul\u0117, Bergamot\u0117, Cinamonas<\/p>","protected":false},"featured_media":8455,"comment_status":"open","ping_status":"closed","template":"","meta":[],"product_brand":[],"product_cat":[55],"product_tag":[343,277],"class_list":{"0":"post-786","1":"product","2":"type-product","3":"status-publish","4":"has-post-thumbnail","6":"product_cat-naturalmente-in-bloom","7":"product_tag-atstatymas","8":"product_tag-pazeistiems-plaukams","10":"first","11":"instock","12":"shipping-taxable","13":"purchasable","14":"product-type-simple"},"_links":{"self":[{"href":"https:\/\/rupa.lt\/en\/wp-json\/wp\/v2\/product\/786","targetHints":{"allow":["GET"]}}],"collection":[{"href":"https:\/\/rupa.lt\/en\/wp-json\/wp\/v2\/product"}],"about":[{"href":"https:\/\/rupa.lt\/en\/wp-json\/wp\/v2\/types\/product"}],"replies":[{"embeddable":true,"href":"https:\/\/rupa.lt\/en\/wp-json\/wp\/v2\/comments?post=786"}],"wp:featuredmedia":[{"embeddable":true,"href":"https:\/\/rupa.lt\/en\/wp-json\/wp\/v2\/media\/8455"}],"wp:attachment":[{"href":"https:\/\/rupa.lt\/en\/wp-json\/wp\/v2\/media?parent=786"}],"wp:term":[{"taxonomy":"product_brand","embeddable":true,"href":"https:\/\/rupa.lt\/en\/wp-json\/wp\/v2\/product_brand?post=786"},{"taxonomy":"product_cat","embeddable":true,"href":"https:\/\/rupa.lt\/en\/wp-json\/wp\/v2\/product_cat?post=786"},{"taxonomy":"product_tag","embeddable":true,"href":"https:\/\/rupa.lt\/en\/wp-json\/wp\/v2\/product_tag?post=786"}],"curies":[{"name":"wp","href":"https:\/\/api.w.org\/{rel}","templated":true}]}}