{"id":784,"date":"2016-04-08T18:27:46","date_gmt":"2016-04-08T15:27:46","guid":{"rendered":"http:\/\/ekokirpeja.lt\/shop\/naturalmente\/sampunai\/sampunas-vanduo-acqua\/"},"modified":"2024-10-22T14:49:17","modified_gmt":"2024-10-22T11:49:17","slug":"sampunas-vanduo-acqua","status":"publish","type":"product","link":"https:\/\/rupa.lt\/en\/product\/sampunas-vanduo-acqua\/","title":{"rendered":"\u0160amp\u016bnas VALANTIS &#8211; DETOX"},"content":{"rendered":"<p><strong>INCI: <\/strong>Aqua [Water] (Eau), Ammonium lauryl sulfate, Disodium cocoamphodiacetate, Sodium cocoyl sarcosinate, Citrus limon (Lemon) peel oil, Melaleuca alternifolia flower\/leaf\/stem oil, Thymus vulgaris (Thyme) flower\/leaf oil, Pelargonium graveolens oil, Juniperus communis (Juniper) fruit oil, Juniperus communis (Juniper) fruit extract (*), Citrus limon (Lemon) peel extract (*), Rosa canina fruit extract (*), Thymus vulgaris (Thyme) flower\/leaf extract (*), Sodium olivamphoacetate, Decyl glucoside, Coco-glucoside, Glyceryl oleate, Glycerin, Benzyl alcohol, Sodium benzoate, Lactic acid, Sodium dehydroacetate, Limonene, Citronellol, Geraniol, Linalool.<\/p>\n<p>*Sud\u0117tyje yra 100% eteriniai aliejai, gauti i\u0161 biologinio \u016bkininkavimo.<\/p>\n","protected":false},"excerpt":{"rendered":"<p><strong>Riebios odos terapija<\/strong><\/p>\n<p><strong>Toksinus \u0161alinantis \u0161amp\u016bnas\u00a0<\/strong>skirtas riebioms odoms, besiriebaluojantiems plaukams ir padidinto prakaitavimo (hiperhidroz\u0117s) atvejais.\u00a0Puikiai valo riebi\u0105 od\u0105 ir plaukus.<\/p>\n<p><strong>Sud\u0117tyje<\/strong>:<br \/>\nArbatmedis, Citrina, \u010ciobrelis<\/p>","protected":false},"featured_media":8454,"comment_status":"open","ping_status":"closed","template":"","meta":[],"product_brand":[],"product_cat":[55],"product_tag":[345,340],"class_list":{"0":"post-784","1":"product","2":"type-product","3":"status-publish","4":"has-post-thumbnail","6":"product_cat-naturalmente-in-bloom","7":"product_tag-riebiai-galvos-odai","8":"product_tag-valymas","10":"first","11":"instock","12":"shipping-taxable","13":"purchasable","14":"product-type-simple"},"_links":{"self":[{"href":"https:\/\/rupa.lt\/en\/wp-json\/wp\/v2\/product\/784","targetHints":{"allow":["GET"]}}],"collection":[{"href":"https:\/\/rupa.lt\/en\/wp-json\/wp\/v2\/product"}],"about":[{"href":"https:\/\/rupa.lt\/en\/wp-json\/wp\/v2\/types\/product"}],"replies":[{"embeddable":true,"href":"https:\/\/rupa.lt\/en\/wp-json\/wp\/v2\/comments?post=784"}],"wp:featuredmedia":[{"embeddable":true,"href":"https:\/\/rupa.lt\/en\/wp-json\/wp\/v2\/media\/8454"}],"wp:attachment":[{"href":"https:\/\/rupa.lt\/en\/wp-json\/wp\/v2\/media?parent=784"}],"wp:term":[{"taxonomy":"product_brand","embeddable":true,"href":"https:\/\/rupa.lt\/en\/wp-json\/wp\/v2\/product_brand?post=784"},{"taxonomy":"product_cat","embeddable":true,"href":"https:\/\/rupa.lt\/en\/wp-json\/wp\/v2\/product_cat?post=784"},{"taxonomy":"product_tag","embeddable":true,"href":"https:\/\/rupa.lt\/en\/wp-json\/wp\/v2\/product_tag?post=784"}],"curies":[{"name":"wp","href":"https:\/\/api.w.org\/{rel}","templated":true}]}}