{"id":781,"date":"2016-04-08T15:21:16","date_gmt":"2016-04-08T12:21:16","guid":{"rendered":"http:\/\/ekokirpeja.lt\/shop\/naturalmente\/sampunai\/sampunas-ugnis-fuoco\/"},"modified":"2024-05-03T01:01:52","modified_gmt":"2024-05-02T22:01:52","slug":"sampunas-ugnis-fuoco","status":"publish","type":"product","link":"https:\/\/rupa.lt\/en\/product\/sampunas-ugnis-fuoco\/","title":{"rendered":"\u0160amp\u016bnas RAMINANTIS &#8211; CALMING"},"content":{"rendered":"<p><strong>INCI:<\/strong>Aqua [Water] (Eau), Cetearyl alcohol, Behenamidopropyl dimethylamine, Coco-glucoside, Glyceryl oleate, Citrus limon (Lemon) peel oil (*), Melaleuca alternifolia (Teatree) leaf oil (*), Thymus vulgaris (Thyme) flower\/leaf oil (*), Prunus amygdalus dulcis (Sweet almond) oil (*), Juniperus communis fruit oil (*), Pelargonium graveolens oil (*), Glycyrrhiza glabra (Licorice) root extract (*), Taraxacum officinale (Dandelion) rhizome\/root extract (*), Citrus aurantium dulcis (Orange) flower extract (*), Arctium lappa root extract (*), Equisetum arvense leaf extract (*), Urtica dioica (Nettle) leaf extract (*), Glycerin, Benzyl alcohol, Lactic acid, Sodium benzoate, Potassium sorbate, Limonene, Citronellol, Geraniol, Linalool.<\/p>\n<p>*Ekologi\u0161ki ingredientai<\/p>\n","protected":false},"excerpt":{"rendered":"<p><strong>Jautrios odos terapija<\/strong><br \/>\nJautriai ir paraudusiai galvos odai<strong>.\u00a0<\/strong>Raminantis \u0161amp\u016bnas jautrioms ir paraudusioms galvos odoms.\u00a0. Puikiai trenkia plaukus bei i\u0161valo od\u0105, ramina jos sudirgimus bei paraudimus. Sud\u0117tyje yra 100% eteriniai aliejai, gauti i\u0161 biologinio \u016bkininkavimo.<\/p>\n<p><strong>Sud\u0117tyje<\/strong>:<br \/>\nLevanda, Melisa, Ro\u017e\u0117.<\/p>\n<p><em>Papildoma informacija NATURALMENTE produktus:<\/em><\/p>\n<p><a href=\"https:\/\/naturalmente.lt\/apie-naturalmente\/naturalmente-produktuose-naudojamos-aktyviosios-medziagos-ir-naturalus-aromatai\/\">Ingredientai, kuriuos naudoja NATURALMENTE <\/a><\/p>\n<p><a href=\"https:\/\/rupa.lt\/en\/naftos-produktai-kosmetikoje\/\">Ingredientai, kuri\u0173 NATURALMENTE nenaudoja<\/a><\/p>","protected":false},"featured_media":8453,"comment_status":"open","ping_status":"closed","template":"","meta":[],"product_brand":[],"product_cat":[55],"product_tag":[],"class_list":{"0":"post-781","1":"product","2":"type-product","3":"status-publish","4":"has-post-thumbnail","6":"product_cat-naturalmente-in-bloom","8":"first","9":"instock","10":"shipping-taxable","11":"purchasable","12":"product-type-simple"},"_links":{"self":[{"href":"https:\/\/rupa.lt\/en\/wp-json\/wp\/v2\/product\/781","targetHints":{"allow":["GET"]}}],"collection":[{"href":"https:\/\/rupa.lt\/en\/wp-json\/wp\/v2\/product"}],"about":[{"href":"https:\/\/rupa.lt\/en\/wp-json\/wp\/v2\/types\/product"}],"replies":[{"embeddable":true,"href":"https:\/\/rupa.lt\/en\/wp-json\/wp\/v2\/comments?post=781"}],"wp:featuredmedia":[{"embeddable":true,"href":"https:\/\/rupa.lt\/en\/wp-json\/wp\/v2\/media\/8453"}],"wp:attachment":[{"href":"https:\/\/rupa.lt\/en\/wp-json\/wp\/v2\/media?parent=781"}],"wp:term":[{"taxonomy":"product_brand","embeddable":true,"href":"https:\/\/rupa.lt\/en\/wp-json\/wp\/v2\/product_brand?post=781"},{"taxonomy":"product_cat","embeddable":true,"href":"https:\/\/rupa.lt\/en\/wp-json\/wp\/v2\/product_cat?post=781"},{"taxonomy":"product_tag","embeddable":true,"href":"https:\/\/rupa.lt\/en\/wp-json\/wp\/v2\/product_tag?post=781"}],"curies":[{"name":"wp","href":"https:\/\/api.w.org\/{rel}","templated":true}]}}