{"id":777,"date":"2016-04-07T14:31:10","date_gmt":"2016-04-07T11:31:10","guid":{"rendered":"http:\/\/ekokirpeja.lt\/?post_type=product&#038;p=777"},"modified":"2024-05-03T01:01:52","modified_gmt":"2024-05-02T22:01:52","slug":"sampunas-oras","status":"publish","type":"product","link":"https:\/\/rupa.lt\/en\/product\/sampunas-oras\/","title":{"rendered":"\u0160amp\u016bnas DR\u0116KINANTIS &#8211; MOISTRURIZING"},"content":{"rendered":"<p><strong>INCI: <\/strong>Aqua [Water] (Eau), Ammonium lauryl sulfate, Disodium cocoamphodiacetate, Sodium cocoyl sarcosinate, Eucalyptus globulus leaf oil, Lavandula angustifolia (Lavender) oil, Mentha piperita (Peppermint) oil, Thymus serpillum oil, Eucalyptus globulus leaf extract (*), Mentha piperita (Peppermint) extract (*), Rosmarinus officinalis (Rosemary) leaf oil, Thymus vulgaris (Thyme) flower\/leaf oil, Lavandula angustifolia (Lavender) flower extract (*), Rosmarinus officinalis (Rosemary) leaf extract (*), Thymus vulgaris (Thyme) flower\/leaf extract (*), Cinnamomum zeylanicum bark oil, Sodium olivamphoacetate, Decyl glucoside, Coco-glucoside, Glyceryl oleate, Glycerin, Benzyl alcohol, Lactic acid, Sodium benzoate, Sodium dehydroacetate, Limonene, Linalool, Cinnamal.<\/p>\n<p>*Sud\u0117tyje yra 100% eteriniai aliejai, gauti i\u0161 biologinio \u016bkininkavimo.<\/p>\n","protected":false},"excerpt":{"rendered":"<p><strong>Sausos odos terapija<\/strong><br \/>\n\u0160amp\u016bnas specialiai skirtas \u00a0sausai galvos odai ir sausoms pleiskanoms \u0161alinti. Puikiai ir \u0161velniai valo saus\u0105 od\u0105 bei dr\u0117kina j\u0105.<\/p>\n<p><strong>Sud\u0117tyje<\/strong>:<br \/>\nM\u0117ta: prie\u0161u\u017edegimin\u0117s savyb\u0117s, atpalaiduoja.<br \/>\nEukaliptas: Prie\u0161 pleiskanas, germicidas.<br \/>\n\u010ciobrelis: antiseptikas, balzamuoja, tonizuoja.<\/p>\n<p>&nbsp;<\/p>","protected":false},"featured_media":8451,"comment_status":"open","ping_status":"closed","template":"","meta":[],"product_brand":[],"product_cat":[55],"product_tag":[],"class_list":{"0":"post-777","1":"product","2":"type-product","3":"status-publish","4":"has-post-thumbnail","6":"product_cat-naturalmente-in-bloom","8":"first","9":"instock","10":"shipping-taxable","11":"purchasable","12":"product-type-simple"},"_links":{"self":[{"href":"https:\/\/rupa.lt\/en\/wp-json\/wp\/v2\/product\/777","targetHints":{"allow":["GET"]}}],"collection":[{"href":"https:\/\/rupa.lt\/en\/wp-json\/wp\/v2\/product"}],"about":[{"href":"https:\/\/rupa.lt\/en\/wp-json\/wp\/v2\/types\/product"}],"replies":[{"embeddable":true,"href":"https:\/\/rupa.lt\/en\/wp-json\/wp\/v2\/comments?post=777"}],"wp:featuredmedia":[{"embeddable":true,"href":"https:\/\/rupa.lt\/en\/wp-json\/wp\/v2\/media\/8451"}],"wp:attachment":[{"href":"https:\/\/rupa.lt\/en\/wp-json\/wp\/v2\/media?parent=777"}],"wp:term":[{"taxonomy":"product_brand","embeddable":true,"href":"https:\/\/rupa.lt\/en\/wp-json\/wp\/v2\/product_brand?post=777"},{"taxonomy":"product_cat","embeddable":true,"href":"https:\/\/rupa.lt\/en\/wp-json\/wp\/v2\/product_cat?post=777"},{"taxonomy":"product_tag","embeddable":true,"href":"https:\/\/rupa.lt\/en\/wp-json\/wp\/v2\/product_tag?post=777"}],"curies":[{"name":"wp","href":"https:\/\/api.w.org\/{rel}","templated":true}]}}