{"id":7419,"date":"2020-09-09T15:08:18","date_gmt":"2020-09-09T12:08:18","guid":{"rendered":"https:\/\/rupa.lt\/?post_type=product&#038;p=7419"},"modified":"2024-02-15T12:36:52","modified_gmt":"2024-02-15T10:36:52","slug":"naturalmente-fluidas-garbanoms-stay-curly","status":"publish","type":"product","link":"https:\/\/rupa.lt\/en\/product\/naturalmente-fluidas-garbanoms-stay-curly\/","title":{"rendered":"NATURALMENTE  fluidas garbanoms- STAY CURLY"},"content":{"rendered":"<div id=\"tabs\">\n<div id=\"tab-description\" class=\"panel\">\n<p><strong>Naudojimas:\u00a0<\/strong>tepti ant dr\u0117gn\u0173 plauk\u0173, modeliuoti ir formuoti \u0161ukuosen\u0105.<\/p>\n<p><strong>INCI:<\/strong> Aqua [Water] (Eau), Propanediol, Betaine, Hydroxyethylcellulose, Aloe barbadensis leaf extract (*), Chamomilla recutita (Matricaria) flower extract (*), Citrus limon (Lemon) peel extract (*), Urtica dioica (Nettle) leaf extract (*), Hydrolyzed soy protein, Glycerin, Cetrimonium chloride, Acrylates\/hydroxyesters acrylates copolymer, Benzyl alcohol, Phenethyl alcohol, Tetrasodium glutamate diacetate, Undecyl alcohol, Sodium hydroxide, Benzoic acid. *From organic agriculture.<\/p>\n<p>*ekologi\u0161ki ingredientai<\/p>\n<\/div>\n<\/div>\n<div class=\"related products\"><\/div>\n","protected":false},"excerpt":{"rendered":"<h2>STAY CURLY<\/h2>\n<p><strong>NATURALMENTE fluidas garbanoms- STAY CURLY<\/strong><\/p>\n<p>Fluidas skirtas garbanot\u0173 plauk\u0173 modeliavimui. Lengva gelin\u0117 fluido konsistencija puikiai \u012fsigeria, nepalieka apna\u0161\u0173, neapsunkina ir fiksuoja garban\u0105.<\/p>\n<p>Sud\u0117tyje esantys alavij\u0173, ramun\u0117li\u0173, citrin\u0173, dilg\u0117li\u0173 ekstraktai bei hidrolizuoti soj\u0173 proteinai suteikia plaukams \u017evilges\u012f, dr\u0117gm\u0119 ir apsaug\u0105 d\u017eiovinimo metu.<\/p>\n<p><strong><em>150ml<\/em><\/strong><\/p>","protected":false},"featured_media":10104,"comment_status":"open","ping_status":"closed","template":"","meta":[],"product_brand":[],"product_cat":[107,37],"product_tag":[],"class_list":{"0":"post-7419","1":"product","2":"type-product","3":"status-publish","4":"has-post-thumbnail","6":"product_cat-nieko","7":"product_cat-naturalmente-modeliavimo-priemones","9":"first","10":"instock","11":"shipping-taxable","12":"purchasable","13":"product-type-simple"},"_links":{"self":[{"href":"https:\/\/rupa.lt\/en\/wp-json\/wp\/v2\/product\/7419","targetHints":{"allow":["GET"]}}],"collection":[{"href":"https:\/\/rupa.lt\/en\/wp-json\/wp\/v2\/product"}],"about":[{"href":"https:\/\/rupa.lt\/en\/wp-json\/wp\/v2\/types\/product"}],"replies":[{"embeddable":true,"href":"https:\/\/rupa.lt\/en\/wp-json\/wp\/v2\/comments?post=7419"}],"wp:featuredmedia":[{"embeddable":true,"href":"https:\/\/rupa.lt\/en\/wp-json\/wp\/v2\/media\/10104"}],"wp:attachment":[{"href":"https:\/\/rupa.lt\/en\/wp-json\/wp\/v2\/media?parent=7419"}],"wp:term":[{"taxonomy":"product_brand","embeddable":true,"href":"https:\/\/rupa.lt\/en\/wp-json\/wp\/v2\/product_brand?post=7419"},{"taxonomy":"product_cat","embeddable":true,"href":"https:\/\/rupa.lt\/en\/wp-json\/wp\/v2\/product_cat?post=7419"},{"taxonomy":"product_tag","embeddable":true,"href":"https:\/\/rupa.lt\/en\/wp-json\/wp\/v2\/product_tag?post=7419"}],"curies":[{"name":"wp","href":"https:\/\/api.w.org\/{rel}","templated":true}]}}