{"id":629,"date":"2016-03-11T19:15:54","date_gmt":"2016-03-11T17:15:54","guid":{"rendered":"http:\/\/ekokirpeja.lt\/shop\/naturalmente\/modeliavimo-priemones\/modeliantas-shine-karite\/"},"modified":"2024-02-15T12:18:50","modified_gmt":"2024-02-15T10:18:50","slug":"naturalmente-lengvos-fiksacijos-vaskas","status":"publish","type":"product","link":"https:\/\/rupa.lt\/en\/product\/naturalmente-lengvos-fiksacijos-vaskas\/","title":{"rendered":"NATURALMENTE lengvos fiksacijos va\u0161kas- BE SOFT"},"content":{"rendered":"<div id=\"tabs\">\n<div id=\"tab-description\" class=\"panel\">\n<p><strong>Naudojimas:\u00a0<\/strong>nedidel\u012f kiek\u012f produkto paskirstyti ant saus\u0173 plauk\u0173 ir formuoti \u0161ukuosen\u0105.<\/p>\n<p><strong>INCI:<\/strong> Aqua [Water] (Eau), Ceteareth-30, Propanediol, Steareth-20, Glycerin, Prunus amygdalus dulcis (Sweet almond) oil, Linum usitatissimum (Linseed) seed extract (*), Calendula officinalis flower extract (*), Chamomilla recutita (Matricaria) flower extract (*), Soy aminoacids, Wheat amino acids, Arginine HCl, Serine, Threonine, Benzyl alcohol, Parfum [Fragrance], Phenoxyethanol, Sodium benzoate, Lactic acid. *From organic agriculture.<\/p>\n<\/div>\n<\/div>\n","protected":false},"excerpt":{"rendered":"<h2>BE SOFT<\/h2>\n<p><strong>Naturalmente lengvos fiksacijos va\u0161kas- BE SOFT <\/strong><\/p>\n<p>Lengvos fiksacijos plauk\u0173 formavimo va\u0161kas suteikiantis matin\u012f efekt\u0105.<\/p>","protected":false},"featured_media":10101,"comment_status":"open","ping_status":"closed","template":"","meta":[],"product_brand":[],"product_cat":[37],"product_tag":[46],"class_list":{"0":"post-629","1":"product","2":"type-product","3":"status-publish","4":"has-post-thumbnail","6":"product_cat-naturalmente-modeliavimo-priemones","7":"product_tag-formavimas","9":"first","10":"instock","11":"shipping-taxable","12":"purchasable","13":"product-type-simple"},"_links":{"self":[{"href":"https:\/\/rupa.lt\/en\/wp-json\/wp\/v2\/product\/629","targetHints":{"allow":["GET"]}}],"collection":[{"href":"https:\/\/rupa.lt\/en\/wp-json\/wp\/v2\/product"}],"about":[{"href":"https:\/\/rupa.lt\/en\/wp-json\/wp\/v2\/types\/product"}],"replies":[{"embeddable":true,"href":"https:\/\/rupa.lt\/en\/wp-json\/wp\/v2\/comments?post=629"}],"wp:featuredmedia":[{"embeddable":true,"href":"https:\/\/rupa.lt\/en\/wp-json\/wp\/v2\/media\/10101"}],"wp:attachment":[{"href":"https:\/\/rupa.lt\/en\/wp-json\/wp\/v2\/media?parent=629"}],"wp:term":[{"taxonomy":"product_brand","embeddable":true,"href":"https:\/\/rupa.lt\/en\/wp-json\/wp\/v2\/product_brand?post=629"},{"taxonomy":"product_cat","embeddable":true,"href":"https:\/\/rupa.lt\/en\/wp-json\/wp\/v2\/product_cat?post=629"},{"taxonomy":"product_tag","embeddable":true,"href":"https:\/\/rupa.lt\/en\/wp-json\/wp\/v2\/product_tag?post=629"}],"curies":[{"name":"wp","href":"https:\/\/api.w.org\/{rel}","templated":true}]}}