{"id":624,"date":"2016-03-11T19:07:28","date_gmt":"2016-03-11T17:07:28","guid":{"rendered":"http:\/\/ekokirpeja.lt\/shop\/naturalmente\/modeliavimo-priemones\/purskiamas-simondsiju-blizgesys\/"},"modified":"2024-02-15T12:49:00","modified_gmt":"2024-02-15T10:49:00","slug":"naturalmente-blizgesys-plaukams-be-bright","status":"publish","type":"product","link":"https:\/\/rupa.lt\/en\/product\/naturalmente-blizgesys-plaukams-be-bright\/","title":{"rendered":"NATURALMENTE blizgesys plaukams- BE BRIGHT"},"content":{"rendered":"<div id=\"tabs\">\n<div id=\"tab-description\" class=\"panel\">\n<p><strong>Naudojimas:<\/strong>\u00a0purk\u0161ti ant dr\u0117gn\u0173 arba saus\u0173 plauk\u0173.<\/p>\n<\/div>\n<\/div>\n<p><strong>INCI:<\/strong> Alcohol denat., Aqua [Water] (Eau), Dicaprylyl carbonate, Dicaprylyl ether, Simmondsia chinensis (Jojoba) seed oil (*), Argania spinosa kernel oil (*), Cinnamomum zeylanicum bark oil, Olea europaea (Olive) fruit oil (*), Amyris balsamifera bark oil, Lavandula hybrida herb oil (*), Santalum album (Sandalwood) oil, Cinnamal, Eugenol, Linalool, Limonene.<\/p>\n<p>*ekologi\u0161ki ingredientai<\/p>\n","protected":false},"excerpt":{"rendered":"<h2>BE BRIGHT<\/h2>\n<p><strong>NATURALMENTE blizgesys plaukams- BE BRIGHT<\/strong><\/p>\n<p>Pur\u0161kiamas blizgesys puikiai tinka vis\u0173 tip\u0173 plaukams. Naudojamas u\u017ebaigus \u0161ukuosen\u0105, i\u0161ry\u0161kina j\u0105 ir suteikia nat\u016bralaus \u017evilgesio. Sud\u0117tyje yra \u0161var\u016bs eteriniai aliejai ir augaliniai ekstraktai.<\/p>\n<p><em><strong>100ml<\/strong><\/em><\/p>","protected":false},"featured_media":10105,"comment_status":"open","ping_status":"closed","template":"","meta":[],"product_brand":[],"product_cat":[37],"product_tag":[46],"class_list":{"0":"post-624","1":"product","2":"type-product","3":"status-publish","4":"has-post-thumbnail","6":"product_cat-naturalmente-modeliavimo-priemones","7":"product_tag-formavimas","9":"first","10":"instock","11":"shipping-taxable","12":"purchasable","13":"product-type-simple"},"_links":{"self":[{"href":"https:\/\/rupa.lt\/en\/wp-json\/wp\/v2\/product\/624","targetHints":{"allow":["GET"]}}],"collection":[{"href":"https:\/\/rupa.lt\/en\/wp-json\/wp\/v2\/product"}],"about":[{"href":"https:\/\/rupa.lt\/en\/wp-json\/wp\/v2\/types\/product"}],"replies":[{"embeddable":true,"href":"https:\/\/rupa.lt\/en\/wp-json\/wp\/v2\/comments?post=624"}],"wp:featuredmedia":[{"embeddable":true,"href":"https:\/\/rupa.lt\/en\/wp-json\/wp\/v2\/media\/10105"}],"wp:attachment":[{"href":"https:\/\/rupa.lt\/en\/wp-json\/wp\/v2\/media?parent=624"}],"wp:term":[{"taxonomy":"product_brand","embeddable":true,"href":"https:\/\/rupa.lt\/en\/wp-json\/wp\/v2\/product_brand?post=624"},{"taxonomy":"product_cat","embeddable":true,"href":"https:\/\/rupa.lt\/en\/wp-json\/wp\/v2\/product_cat?post=624"},{"taxonomy":"product_tag","embeddable":true,"href":"https:\/\/rupa.lt\/en\/wp-json\/wp\/v2\/product_tag?post=624"}],"curies":[{"name":"wp","href":"https:\/\/api.w.org\/{rel}","templated":true}]}}