{"id":619,"date":"2016-03-11T19:02:02","date_gmt":"2016-03-11T17:02:02","guid":{"rendered":"http:\/\/ekokirpeja.lt\/shop\/naturalmente\/modeliavimo-priemones\/alaviju-ir-sandalmedziu-modeliuojantis-fluidas\/"},"modified":"2021-12-02T13:40:26","modified_gmt":"2021-12-02T11:40:26","slug":"alaviju-ir-sandalmedziu-modeliuojantis-fluidas","status":"publish","type":"product","link":"https:\/\/rupa.lt\/en\/product\/alaviju-ir-sandalmedziu-modeliuojantis-fluidas\/","title":{"rendered":"Modeliuojantis gelis"},"content":{"rendered":"<p><em>Be sintetini\u0173 kvap\u0173, konservant\u0173, paraben\u0173, DEA, formaldehidini\u0173 pried\u0173.<\/em><\/p>\n<table class=\"shop_attributes\">\n<tbody>\n<tr class=\"attr_pakuote_ekologiska\">\n<th>Ekologi\u0161ka pakuot\u0117<\/th>\n<td><span class=\"val_eko_pakuote\">Flakonas, \u012f kur\u012f i\u0161pilstytas produktas (be kam\u0161telio), pagamintas i\u0161 kukur\u016bz\u0173, yra 100% suyrantis. Kompostuojamas kartu su organin\u0117mis atliekomis, tampa tr\u0105\u0161a.<\/span><\/td>\n<\/tr>\n<tr class=\"attr_ekologiska_pakuote\">\n<th>Pakuot\u0117<\/th>\n<td><span class=\"val_250ml\">100 ml<\/span><\/td>\n<\/tr>\n<\/tbody>\n<\/table>\n<p><strong>INCI:<\/strong>\u00a0Aqua [Water] (Eau),\u00a0Propanediol, Betaine, Cetrimonium chloride, Hydroxyethyl ethylcellulose,\u00a0Aloe barbadensis extrac (*), Chamomilla recutita (Matricaria) flower extract (*), Citrus limon (Lemon) peel extract (*), Urtica dioica (Nettle) leaf extract, Hydrolyzed soy protein, Glycerin, Phenethylalcohol, Undecyl alcohol, Acrylates\/hydroxyesters acrylates copolymer, Benzyl alcohol, Triethanolamine, Tetrasodium glutamate diacetate, Lactic acid, Benzoic.<\/p>\n<p>*ekologi\u0161ki ingredientai<\/p>\n","protected":false},"excerpt":{"rendered":"<p><strong>Modeliavimas \/ maitinimas<\/strong><br \/>\nMaitinantis ir modeliuojantis fluidas puikiai tinkantis da\u017eytiems ir chemi\u0161kai paveiktiems plaukams. Nesausindamas plauk\u0173 fiksuoja \u0161ukuosen\u0105, plaukai tampa \u017evilgantys ir sveiki. Nepalieka apna\u0161\u0173. Sud\u0117tyje yra 100% \u0161var\u016bs eteriniai aliejai ir augaliniai ekstraktai.<\/p>","protected":false},"featured_media":1720,"comment_status":"open","ping_status":"closed","template":"","meta":[],"product_brand":[],"product_cat":[107],"product_tag":[46],"class_list":{"0":"post-619","1":"product","2":"type-product","3":"status-publish","4":"has-post-thumbnail","6":"product_cat-nieko","7":"product_tag-formavimas","9":"first","10":"outofstock","11":"shipping-taxable","12":"purchasable","13":"product-type-simple"},"_links":{"self":[{"href":"https:\/\/rupa.lt\/en\/wp-json\/wp\/v2\/product\/619","targetHints":{"allow":["GET"]}}],"collection":[{"href":"https:\/\/rupa.lt\/en\/wp-json\/wp\/v2\/product"}],"about":[{"href":"https:\/\/rupa.lt\/en\/wp-json\/wp\/v2\/types\/product"}],"replies":[{"embeddable":true,"href":"https:\/\/rupa.lt\/en\/wp-json\/wp\/v2\/comments?post=619"}],"wp:featuredmedia":[{"embeddable":true,"href":"https:\/\/rupa.lt\/en\/wp-json\/wp\/v2\/media\/1720"}],"wp:attachment":[{"href":"https:\/\/rupa.lt\/en\/wp-json\/wp\/v2\/media?parent=619"}],"wp:term":[{"taxonomy":"product_brand","embeddable":true,"href":"https:\/\/rupa.lt\/en\/wp-json\/wp\/v2\/product_brand?post=619"},{"taxonomy":"product_cat","embeddable":true,"href":"https:\/\/rupa.lt\/en\/wp-json\/wp\/v2\/product_cat?post=619"},{"taxonomy":"product_tag","embeddable":true,"href":"https:\/\/rupa.lt\/en\/wp-json\/wp\/v2\/product_tag?post=619"}],"curies":[{"name":"wp","href":"https:\/\/api.w.org\/{rel}","templated":true}]}}