{"id":614,"date":"2016-03-11T20:54:02","date_gmt":"2016-03-11T18:54:02","guid":{"rendered":"http:\/\/ekokirpeja.lt\/shop\/naturalmente\/modeliavimo-priemones\/apimti-didinantis-gelis\/"},"modified":"2024-02-15T13:12:55","modified_gmt":"2024-02-15T11:12:55","slug":"apimti-didinantis-gelis","status":"publish","type":"product","link":"https:\/\/rupa.lt\/en\/product\/apimti-didinantis-gelis\/","title":{"rendered":"NATURALMENTE  apimt\u012f didinantis gelis- STAY UP"},"content":{"rendered":"<div id=\"short_description_block\">\n<div id=\"short_description_content\" class=\"rte align_justify\">\n<p><strong>Naudojimas:\u00a0<\/strong>produkt\u0105 paskirstyti ant dr\u0117gn\u0173 plauk\u0173, modeliuoti ir kurti norimo stiliaus \u0161ukuosen\u0105.<\/p>\n<\/div>\n<\/div>\n<p><strong>INCI:<\/strong> Aqua [Water] (Eau), PVP, Carbomer, Glycerin, Triethanolamine, Eucalyptus globulus leaf oil (*), Cananga odorata flower oil (*), Hydrolyzed soy protein, PEG-40 hydrogenated castor oil, Phenoxyethanol, Sodium benzoate, Limonene, Linalool. *From organic agriculture.<\/p>\n","protected":false},"excerpt":{"rendered":"<h2>STAY UP<\/h2>\n<p><strong>NATURALMENTE apimt\u012f didinantis gelis- STAY UP<\/strong><\/p>\n<p>Apimt\u012f ir lengv\u0105 fiksacij\u0105 d\u017eiovinimo metu suteikiantis gelis ploniems plaukams. Sud\u0117tyje gausu 100% \u0161vari\u0173 eterini\u0173 aliej\u0173, augalini\u0173 ekstrakt\u0173 ir augalini\u0173 baltym\u0173, kurie suteikia plaukams apimt\u012f ir tvirtum\u0105.<\/p>\n<p><em><strong>150ml\u00a0<\/strong><\/em><\/p>\n<p>(i\u0161 paveiksl\u0117lyje pavaizduot\u0173 produkt\u0173 \u0161is yra vidurinis. U\u017esakydami produkt\u0105 gausite b\u016btent j\u012f)<\/p>","protected":false},"featured_media":10107,"comment_status":"open","ping_status":"closed","template":"","meta":[],"product_brand":[],"product_cat":[37],"product_tag":[46],"class_list":{"0":"post-614","1":"product","2":"type-product","3":"status-publish","4":"has-post-thumbnail","6":"product_cat-naturalmente-modeliavimo-priemones","7":"product_tag-formavimas","9":"first","10":"instock","11":"shipping-taxable","12":"purchasable","13":"product-type-simple"},"_links":{"self":[{"href":"https:\/\/rupa.lt\/en\/wp-json\/wp\/v2\/product\/614","targetHints":{"allow":["GET"]}}],"collection":[{"href":"https:\/\/rupa.lt\/en\/wp-json\/wp\/v2\/product"}],"about":[{"href":"https:\/\/rupa.lt\/en\/wp-json\/wp\/v2\/types\/product"}],"replies":[{"embeddable":true,"href":"https:\/\/rupa.lt\/en\/wp-json\/wp\/v2\/comments?post=614"}],"wp:featuredmedia":[{"embeddable":true,"href":"https:\/\/rupa.lt\/en\/wp-json\/wp\/v2\/media\/10107"}],"wp:attachment":[{"href":"https:\/\/rupa.lt\/en\/wp-json\/wp\/v2\/media?parent=614"}],"wp:term":[{"taxonomy":"product_brand","embeddable":true,"href":"https:\/\/rupa.lt\/en\/wp-json\/wp\/v2\/product_brand?post=614"},{"taxonomy":"product_cat","embeddable":true,"href":"https:\/\/rupa.lt\/en\/wp-json\/wp\/v2\/product_cat?post=614"},{"taxonomy":"product_tag","embeddable":true,"href":"https:\/\/rupa.lt\/en\/wp-json\/wp\/v2\/product_tag?post=614"}],"curies":[{"name":"wp","href":"https:\/\/api.w.org\/{rel}","templated":true}]}}