{"id":610,"date":"2016-03-11T18:47:27","date_gmt":"2016-03-11T16:47:27","guid":{"rendered":"http:\/\/ekokirpeja.lt\/shop\/naturalmente\/modeliavimo-priemones\/tiesinantis-fluidas-su-sventagarsve-ir-kadagiais\/"},"modified":"2024-02-15T12:09:01","modified_gmt":"2024-02-15T10:09:01","slug":"tiesinantis-fluidas-su-sventagarsve-ir-kadagiais","status":"publish","type":"product","link":"https:\/\/rupa.lt\/en\/product\/tiesinantis-fluidas-su-sventagarsve-ir-kadagiais\/","title":{"rendered":"NATURALMENTE tiesinantis fluidas- STAY SMOOTH"},"content":{"rendered":"<p><strong>Naudojimas:\u00a0<\/strong>tepti ant saus\u0173 arba dr\u0117gn\u0173 plauk\u0173.\u00a0Formuoti plaukus.<\/p>\n<p><em>Be sintetini\u0173 kvap\u0173, konservant\u0173, paraben\u0173, Dea, formaldehidini\u0173 pried\u0173.<\/em><\/p>\n<p><strong>INCI:<\/strong>\u00a0Aqua [Water] (Eau), Propanediol, Betaine, Cetrimonium chloride, Linum usitatissimum (Linseed) seed extract (*), Juniperus communis (Juniper) fruit extract (*), Avena sativa (Oat) bran extract (*), Althaea officinalis root extract (*), Hydrolyzed vegetable protein PG-propyl silanetriol, Glycerin, Hydroxyethylcellulose, Sodium benzoate, Sodium dehydroacetate, Sodium hydroxide, Lactic acid. *From organic agriculture.<\/p>\n<p>*ekokogi\u0161ki ingredientai<\/p>\n","protected":false},"excerpt":{"rendered":"<h2><strong>STAY SMOOTH<\/strong><\/h2>\n<p><strong>NATURALMENTE tiesinantis augalinis fluidas- STAY SMOOTH<\/strong><br \/>\nTai plaukus glotninantis, tiesinantis ir j\u0173 pasi\u0161iau\u0161im\u0105 \u0161alinantis augalin\u0117s kilm\u0117s fluidas. Sud\u0117tyje esantis augalinis glicerinas suteikia \u017evilges\u012f. Nepalieka apna\u0161\u0173, neapsunkina ir \u0161alina statin\u012f elektros kr\u016bv\u012f. Plaukai tampa mink\u0161ti ir \u017evilgantys. Sud\u0117tyje yra 100% \u0161var\u016bs eteriniai aliejai ir augaliniai ekstraktai.<\/p>","protected":false},"featured_media":10099,"comment_status":"open","ping_status":"closed","template":"","meta":[],"product_brand":[],"product_cat":[37],"product_tag":[46],"class_list":{"0":"post-610","1":"product","2":"type-product","3":"status-publish","4":"has-post-thumbnail","6":"product_cat-naturalmente-modeliavimo-priemones","7":"product_tag-formavimas","9":"first","10":"instock","11":"shipping-taxable","12":"purchasable","13":"product-type-simple"},"_links":{"self":[{"href":"https:\/\/rupa.lt\/en\/wp-json\/wp\/v2\/product\/610","targetHints":{"allow":["GET"]}}],"collection":[{"href":"https:\/\/rupa.lt\/en\/wp-json\/wp\/v2\/product"}],"about":[{"href":"https:\/\/rupa.lt\/en\/wp-json\/wp\/v2\/types\/product"}],"replies":[{"embeddable":true,"href":"https:\/\/rupa.lt\/en\/wp-json\/wp\/v2\/comments?post=610"}],"wp:featuredmedia":[{"embeddable":true,"href":"https:\/\/rupa.lt\/en\/wp-json\/wp\/v2\/media\/10099"}],"wp:attachment":[{"href":"https:\/\/rupa.lt\/en\/wp-json\/wp\/v2\/media?parent=610"}],"wp:term":[{"taxonomy":"product_brand","embeddable":true,"href":"https:\/\/rupa.lt\/en\/wp-json\/wp\/v2\/product_brand?post=610"},{"taxonomy":"product_cat","embeddable":true,"href":"https:\/\/rupa.lt\/en\/wp-json\/wp\/v2\/product_cat?post=610"},{"taxonomy":"product_tag","embeddable":true,"href":"https:\/\/rupa.lt\/en\/wp-json\/wp\/v2\/product_tag?post=610"}],"curies":[{"name":"wp","href":"https:\/\/api.w.org\/{rel}","templated":true}]}}