{"id":599,"date":"2016-03-11T18:22:08","date_gmt":"2016-03-11T18:22:08","guid":{"rendered":"http:\/\/ekokirpeja.lt\/shop\/naturalmente\/modeliavimo-priemones\/gelis-glaze\/"},"modified":"2024-05-03T01:01:53","modified_gmt":"2024-05-02T22:01:53","slug":"gelis-glaze","status":"publish","type":"product","link":"https:\/\/rupa.lt\/en\/product\/gelis-glaze\/","title":{"rendered":"Gelis Glaze"},"content":{"rendered":"<p><em>Be sintetini\u0173 kvap\u0173, konservant\u0173, DEA, formaldehidini\u0173 pried\u0173.<\/em><\/p>\n<table class=\"shop_attributes\">\n<tbody>\n<tr class=\"attr_pakuote_ekologiska\">\n<th>Ekologi\u0161ka pakuot\u0117<\/th>\n<td><span class=\"val_eko_pakuote\">Flakonas, \u012f kur\u012f i\u0161pilstytas produktas (be kam\u0161telio), pagamintas i\u0161 cukranendri\u0173.<\/span><\/td>\n<\/tr>\n<\/tbody>\n<\/table>\n<p><strong>INCI:<\/strong>\u00a0Aqua [Water] (Eau), Polyquaternium-7, Aloe barbadensis extrac (*), Citrus grandis (Grapefruit) seed extract, Malva sylvestris (Mallow) extract (*), Eucaplyptus globulus leaf oil (*), Citrus medica limonum (Lemon) peel oil (*), Hydrolyzed soy protein, Benzyl acohol, Sodium benzoate, Sodium dehydroacetate, Glycerin, Limonene.<\/p>\n<p>* ekologi\u0161ki ingredientai<\/p>\n","protected":false},"excerpt":{"rendered":"<p><strong>Dr\u0117kiklis \/ modeliantas<\/strong><br \/>\nDr\u0117kinanti ir modeliuojanti \u017eel\u0117 skirta vis\u0173 tip\u0173 plaukams. Sud\u0117tyje gausu 100% \u0161vari\u0173 eterini\u0173 aliej\u0173 ir augalini\u0173 ekstrakt\u0173, tarp j\u0173 ir sojos. Gelis drauge su fiksatoriais sudaro apsaugin\u0119 pl\u0117vel\u0119, i\u0161lyginan\u010di\u0105 i\u0161si\u0161akojusius plauk\u0173 galiukus ir apsaugan\u010di\u0105 plaukus nuo d\u017eiovintuvo ar \u017enypli\u0173 poveikio. Stiprina ir dr\u0117kina. Suteikia plaukams ypatingo lankstumo ir paslankumo.<\/p>\n<p><strong>Sud\u0117tyje<\/strong>:<br \/>\nGreipfrutai, Eukaliptas, Hidrolizuoti soj\u0173 proteinai.<\/p>\n<p><em>Papildoma informacija:<\/em><\/p>\n<p><a href=\"https:\/\/naturalmente.lt\/apie-naturalmente\/naturalmente-produktuose-naudojamos-aktyviosios-medziagos-ir-naturalus-aromatai\/\">Ingredientai, kuriuos naudoja NATURALMENTE <\/a><\/p>\n<p><a href=\"https:\/\/rupa.lt\/en\/naftos-produktai-kosmetikoje\/\">Ingredientai, kuri\u0173 NATURALMENTE nenaudoja<\/a><\/p>","protected":false},"featured_media":7396,"comment_status":"open","ping_status":"closed","template":"","meta":[],"product_brand":[],"product_cat":[37],"product_tag":[46],"class_list":{"0":"post-599","1":"product","2":"type-product","3":"status-publish","4":"has-post-thumbnail","6":"product_cat-naturalmente-modeliavimo-priemones","7":"product_tag-formavimas","9":"first","10":"instock","11":"shipping-taxable","12":"purchasable","13":"product-type-variable"},"_links":{"self":[{"href":"https:\/\/rupa.lt\/en\/wp-json\/wp\/v2\/product\/599","targetHints":{"allow":["GET"]}}],"collection":[{"href":"https:\/\/rupa.lt\/en\/wp-json\/wp\/v2\/product"}],"about":[{"href":"https:\/\/rupa.lt\/en\/wp-json\/wp\/v2\/types\/product"}],"replies":[{"embeddable":true,"href":"https:\/\/rupa.lt\/en\/wp-json\/wp\/v2\/comments?post=599"}],"wp:featuredmedia":[{"embeddable":true,"href":"https:\/\/rupa.lt\/en\/wp-json\/wp\/v2\/media\/7396"}],"wp:attachment":[{"href":"https:\/\/rupa.lt\/en\/wp-json\/wp\/v2\/media?parent=599"}],"wp:term":[{"taxonomy":"product_brand","embeddable":true,"href":"https:\/\/rupa.lt\/en\/wp-json\/wp\/v2\/product_brand?post=599"},{"taxonomy":"product_cat","embeddable":true,"href":"https:\/\/rupa.lt\/en\/wp-json\/wp\/v2\/product_cat?post=599"},{"taxonomy":"product_tag","embeddable":true,"href":"https:\/\/rupa.lt\/en\/wp-json\/wp\/v2\/product_tag?post=599"}],"curies":[{"name":"wp","href":"https:\/\/api.w.org\/{rel}","templated":true}]}}