{"id":594,"date":"2016-03-11T17:02:12","date_gmt":"2016-03-11T15:02:12","guid":{"rendered":"http:\/\/ekokirpeja.lt\/shop\/naturalmente\/modeliavimo-priemones\/pankoliu%cc%a8-ir-snapuciu%cc%a8-putos\/"},"modified":"2024-02-15T15:11:23","modified_gmt":"2024-02-15T13:11:23","slug":"naturalmente-putos-be-duju-stay-fluffy","status":"publish","type":"product","link":"https:\/\/rupa.lt\/en\/product\/naturalmente-putos-be-duju-stay-fluffy\/","title":{"rendered":"NATURALMENTE  putos be duj\u0173- STAY FLUFFY"},"content":{"rendered":"<p><strong>Naudojimas:\u00a0<\/strong>gerai suplakus nedidel\u012f kiek\u012f put\u0173 paskirstyti nuo \u0161akn\u0173 iki galiuk\u0173 ir modeliuoti.<\/p>\n<p>Kiekis 10<span class=\"val_250ml\">0 ml<\/span><\/p>\n<p><strong>INCI:<\/strong> Aqua [Water] (Eau), Cocamidopropyl hydroxysultaine, PVP, Foeniculum vulgare (Fennel) oil, Pelargonium graveolens oil, Amyris balsamifera bark oil, Citrus aurantium dulcis (Orange) peel oil, Lavandula angustifolia (Lavender) oil, Salvia sclarea (Clary) oil, Santalum album (Sandalwood) oil, Benzyl alcohol, Sodium benzoate, Lactic acid, Limonene, Linalool, Citronellol, Geraniol.<\/p>\n<p>&nbsp;<\/p>\n","protected":false},"excerpt":{"rendered":"<h2>STAY FLUFFY<\/h2>\n<p><strong>NATURALMENTE putos be duj\u0173- STAY FLUFFY<\/strong><\/p>\n<p>Vidutinio stiprumo modeliuojan\u010dios putos be duj\u0173. Stipr\u0173 dr\u0117kinant\u012f efekt\u0105 suteikia nat\u016bral\u016bs augaliniai aliejai: pankoli\u0173, snapu\u010di\u0173, sandalmed\u017ei\u0173, levand\u0173 bei \u0161alavij\u0173.<\/p>\n<p>Putos trumpiems plaukams suteiks apimt\u012f, suvaldys nepaklusnius plaukus ir suformuos mink\u0161tas, glotnias garbanas. Is\u030cgaunama labai tanki, vidutinis\u030ckai stiprios fiksacijos puta. Sude\u0307tyje gausu 100% s\u030cvariu\u0328 eteriniu\u0328 alieju\u0328 ir augaliniu\u0328 ekstraktu\u0328, kurie is\u030claiko plauku\u0328 dre\u0307gme\u0328 ir juos maitina, apsaugo nuo atmosferos veiksniu\u0328 ir s\u030cilumos s\u030caltiniu\u0328. S\u030calina pasis\u030ciaus\u030cimus, dre\u0307kina, kondicionuoja ir modeliuoja visu\u0328 tipu\u0328 plaukus. Sude\u0307tyje gausu 100% s\u030cvariu\u0328 eteriniu\u0328 alieju\u0328 ir augaliniu\u0328 ekstraktu\u0328.<\/p>\n<p><em><strong>100ml<\/strong><\/em><\/p>","protected":false},"featured_media":10108,"comment_status":"open","ping_status":"closed","template":"","meta":[],"product_brand":[],"product_cat":[37],"product_tag":[46],"class_list":{"0":"post-594","1":"product","2":"type-product","3":"status-publish","4":"has-post-thumbnail","6":"product_cat-naturalmente-modeliavimo-priemones","7":"product_tag-formavimas","9":"first","10":"instock","11":"shipping-taxable","12":"purchasable","13":"product-type-simple"},"_links":{"self":[{"href":"https:\/\/rupa.lt\/en\/wp-json\/wp\/v2\/product\/594","targetHints":{"allow":["GET"]}}],"collection":[{"href":"https:\/\/rupa.lt\/en\/wp-json\/wp\/v2\/product"}],"about":[{"href":"https:\/\/rupa.lt\/en\/wp-json\/wp\/v2\/types\/product"}],"replies":[{"embeddable":true,"href":"https:\/\/rupa.lt\/en\/wp-json\/wp\/v2\/comments?post=594"}],"wp:featuredmedia":[{"embeddable":true,"href":"https:\/\/rupa.lt\/en\/wp-json\/wp\/v2\/media\/10108"}],"wp:attachment":[{"href":"https:\/\/rupa.lt\/en\/wp-json\/wp\/v2\/media?parent=594"}],"wp:term":[{"taxonomy":"product_brand","embeddable":true,"href":"https:\/\/rupa.lt\/en\/wp-json\/wp\/v2\/product_brand?post=594"},{"taxonomy":"product_cat","embeddable":true,"href":"https:\/\/rupa.lt\/en\/wp-json\/wp\/v2\/product_cat?post=594"},{"taxonomy":"product_tag","embeddable":true,"href":"https:\/\/rupa.lt\/en\/wp-json\/wp\/v2\/product_tag?post=594"}],"curies":[{"name":"wp","href":"https:\/\/api.w.org\/{rel}","templated":true}]}}