{"id":590,"date":"2016-03-11T16:48:46","date_gmt":"2016-03-11T16:48:46","guid":{"rendered":"http:\/\/ekokirpeja.lt\/shop\/naturalmente\/modeliavimo-priemones\/atkuriamasis-fluidas-miele\/"},"modified":"2024-02-15T14:54:45","modified_gmt":"2024-02-15T12:54:45","slug":"naturalmente-atpalaiduojantis-aliejukas-be-natural","status":"publish","type":"product","link":"https:\/\/rupa.lt\/en\/product\/naturalmente-atpalaiduojantis-aliejukas-be-natural\/","title":{"rendered":"NATURALMENTE  atpalaiduojantis aliejukas- BE NATURAL"},"content":{"rendered":"<div id=\"short_description_block\">\n<div id=\"short_description_content\" class=\"rte align_justify\">\n<p><strong>Naudojimas:\u00a0<\/strong>nedidel\u012f produkto kiek\u012f paskirstyti ant dr\u0117gn\u0173 arba saus\u0173 plauk\u0173, per vis\u0105 j\u0173 ilg\u012f.<\/p>\n<\/div>\n<\/div>\n<p><strong>INCI:<\/strong> Cyclopentasiloxane, Dimethiconol, Alcohol Denat., Prunus Amygdalus Dulcis Oil (Prunus Amygdalus Dulcis (Sweet Almond) Oil), Argania Spinosa Kernel Oil, Simmondsia Chinensis Seed Oil (Simmondsia Chinensis (Jojoba) Seed Oil), Camellia Oleifera Seed Oil*, Tocopherol, Parfum (Fragrance). *From organic agriculture.<\/p>\n<p>*ekologi\u0161ki ingredientai<\/p>","protected":false},"excerpt":{"rendered":"<h1>BE NATURAL Sugar Oil<\/h1>\n<p><strong>NATURALMENTE atpalaiduojantis aliejukas- BE NATURAL<\/strong><\/p>\n<p>Lengvos konsistencijos aliejukas stipriai atpalaiduoja plaukus ir j\u0173 neapsunkins. Be fiksuojan\u010dio efekto. Nepaklusn\u016bs plaukai tampa glotn\u016bs ir \u017evilgantys. Sud\u0117tyje esantys migdol\u0173, argan\u0173, jojobos, arbatmed\u017ei\u0173 aliejai bei vitaminas E pagerina plauk\u0173 strukt\u016br\u0105: dr\u0117kina, maitina ir regeneruoja.<\/p>\n<p><em><strong>100ml<\/strong><\/em><\/p>","protected":false},"featured_media":10109,"comment_status":"open","ping_status":"closed","template":"","meta":[],"product_brand":[],"product_cat":[37],"product_tag":[46],"class_list":{"0":"post-590","1":"product","2":"type-product","3":"status-publish","4":"has-post-thumbnail","6":"product_cat-naturalmente-modeliavimo-priemones","7":"product_tag-formavimas","9":"first","10":"instock","11":"shipping-taxable","12":"purchasable","13":"product-type-simple"},"_links":{"self":[{"href":"https:\/\/rupa.lt\/en\/wp-json\/wp\/v2\/product\/590","targetHints":{"allow":["GET"]}}],"collection":[{"href":"https:\/\/rupa.lt\/en\/wp-json\/wp\/v2\/product"}],"about":[{"href":"https:\/\/rupa.lt\/en\/wp-json\/wp\/v2\/types\/product"}],"replies":[{"embeddable":true,"href":"https:\/\/rupa.lt\/en\/wp-json\/wp\/v2\/comments?post=590"}],"wp:featuredmedia":[{"embeddable":true,"href":"https:\/\/rupa.lt\/en\/wp-json\/wp\/v2\/media\/10109"}],"wp:attachment":[{"href":"https:\/\/rupa.lt\/en\/wp-json\/wp\/v2\/media?parent=590"}],"wp:term":[{"taxonomy":"product_brand","embeddable":true,"href":"https:\/\/rupa.lt\/en\/wp-json\/wp\/v2\/product_brand?post=590"},{"taxonomy":"product_cat","embeddable":true,"href":"https:\/\/rupa.lt\/en\/wp-json\/wp\/v2\/product_cat?post=590"},{"taxonomy":"product_tag","embeddable":true,"href":"https:\/\/rupa.lt\/en\/wp-json\/wp\/v2\/product_tag?post=590"}],"curies":[{"name":"wp","href":"https:\/\/api.w.org\/{rel}","templated":true}]}}