{"id":565,"date":"2016-03-11T16:48:07","date_gmt":"2016-03-11T14:48:07","guid":{"rendered":"http:\/\/ekokirpeja.lt\/?post_type=product&#038;p=565"},"modified":"2024-05-03T01:01:51","modified_gmt":"2024-05-02T22:01:51","slug":"fluidas-macassar","status":"publish","type":"product","link":"https:\/\/rupa.lt\/en\/product\/fluidas-macassar\/","title":{"rendered":"NATURALMENTE Fluid Macassar"},"content":{"rendered":"<p><strong>Sud\u0117tis<\/strong>:<br \/>\nRy\u017eiai: apsaugo, sulaiko dr\u0117gm\u0119.<br \/>\nSimondsija: blizgesys, plauk\u0173 stiprinimas.<br \/>\nKvapioji kananga (ylang ylang): ramina, subalansuoja.<\/p>\n<p><em>Be sintetini\u0173 kvap\u0173, paraben\u0173, konservant\u0173, DEA, formaldehidini\u0173 pried\u0173 ir SLS.<\/em><\/p>\n<p><strong>INCI<\/strong><strong>:<\/strong>\u00a0Cyclomethicone, Dimethicone, Oryza sativa (Rice) brand oil, Simmondsia chinensis (Jojoba) seed oil, Cananga odorata flower oil, Cocos nucifera (Coconut) oil, Linalool, Benzyl benzoate, Benzyl salicylate, Geraniol, Farnesol, Eugenol, Isoeugenol, Benzyl alcohol.<\/p>\n<p>* ekologi\u0161ki ingredientai<\/p>","protected":false},"excerpt":{"rendered":"<h2>WOW<\/h2>\n<p><strong>NATURALMENTE augalinis, rekonstruojantis fluidas Macassar<\/strong><br \/>\n\u017dvilges\u012f suteikiantis fluidas plaukams. Naudojant ant dr\u0117gn\u0173 plauk\u0173 prie\u0161 d\u017eiovinim\u0105 \u0161alina pasi\u0161iau\u0161im\u0105 ir juos mink\u0161tina. Naudojant kaip aliejuk\u0105 ant saus\u0173 plauk\u0173 i\u0161lygina i\u0161si\u0161akojusius galiukus ir suteikia \u017evilgesio. Sud\u0117tyje yra mineraliniai ekstraktai ir 100% \u0161var\u016bs eteriniai aliejai.<\/p>","protected":false},"featured_media":2277,"comment_status":"open","ping_status":"closed","template":"","meta":[],"product_brand":[],"product_cat":[273,37],"product_tag":[46],"class_list":{"0":"post-565","1":"product","2":"type-product","3":"status-publish","4":"has-post-thumbnail","6":"product_cat-dovanuidejos","7":"product_cat-naturalmente-modeliavimo-priemones","8":"product_tag-formavimas","10":"first","11":"instock","12":"shipping-taxable","13":"purchasable","14":"product-type-simple"},"_links":{"self":[{"href":"https:\/\/rupa.lt\/en\/wp-json\/wp\/v2\/product\/565","targetHints":{"allow":["GET"]}}],"collection":[{"href":"https:\/\/rupa.lt\/en\/wp-json\/wp\/v2\/product"}],"about":[{"href":"https:\/\/rupa.lt\/en\/wp-json\/wp\/v2\/types\/product"}],"replies":[{"embeddable":true,"href":"https:\/\/rupa.lt\/en\/wp-json\/wp\/v2\/comments?post=565"}],"wp:featuredmedia":[{"embeddable":true,"href":"https:\/\/rupa.lt\/en\/wp-json\/wp\/v2\/media\/2277"}],"wp:attachment":[{"href":"https:\/\/rupa.lt\/en\/wp-json\/wp\/v2\/media?parent=565"}],"wp:term":[{"taxonomy":"product_brand","embeddable":true,"href":"https:\/\/rupa.lt\/en\/wp-json\/wp\/v2\/product_brand?post=565"},{"taxonomy":"product_cat","embeddable":true,"href":"https:\/\/rupa.lt\/en\/wp-json\/wp\/v2\/product_cat?post=565"},{"taxonomy":"product_tag","embeddable":true,"href":"https:\/\/rupa.lt\/en\/wp-json\/wp\/v2\/product_tag?post=565"}],"curies":[{"name":"wp","href":"https:\/\/api.w.org\/{rel}","templated":true}]}}