{"id":560,"date":"2016-03-10T18:52:55","date_gmt":"2016-03-10T16:52:55","guid":{"rendered":"http:\/\/ekokirpeja.lt\/?post_type=product&#038;p=560"},"modified":"2024-02-15T12:27:11","modified_gmt":"2024-02-15T10:27:11","slug":"naturalmente-stiprios-fiksacijos-vaskas-be-hard","status":"publish","type":"product","link":"https:\/\/rupa.lt\/en\/product\/naturalmente-stiprios-fiksacijos-vaskas-be-hard\/","title":{"rendered":"NATURALMENTE stiprios fiksacijos va\u0161kas- BE HARD"},"content":{"rendered":"<p><strong>Naudojimas:\u00a0<\/strong>nedidel\u012f produkto kiek\u012f paskirstyti ant saus\u0173 plauk\u0173 ir formuoti \u0161ukuosen\u0105.<\/p>\n<p><strong>INCI:<\/strong> Aqua [Water] (Eau), Ceteareth-30, Propanediol, Steareth-20, Glycerin, Prunus amygdalus dulcis (Sweet almond) oil, Aloe barbadensis leaf extract (*), Helichrysum italicum flower extract (*), Althaea officinalis root extract (*), Soy amino acids, Wheat amino acids, Arginine HCl, Serine, Threonine, Benzyl alcohol, Parfum [Fragrance], Phenoxyethanol, Sodium benzoate, Lactic acid. *From organic agriculture.<\/p>\n","protected":false},"excerpt":{"rendered":"<h2>BE HARD<\/h2>\n<p><strong>NATURALMENTE stiprios fiksacijos va\u0161kas- BE HARD <\/strong><\/p>\n<p>Stiprios fiksacijos plauk\u0173 formavimo va\u0161kas.<\/p>","protected":false},"featured_media":10102,"comment_status":"open","ping_status":"closed","template":"","meta":[],"product_brand":[],"product_cat":[37],"product_tag":[45,42],"class_list":{"0":"post-560","1":"product","2":"type-product","3":"status-publish","4":"has-post-thumbnail","6":"product_cat-naturalmente-modeliavimo-priemones","7":"product_tag-modeliavimo-priemones","8":"product_tag-naturalmente","10":"first","11":"instock","12":"shipping-taxable","13":"purchasable","14":"product-type-simple"},"_links":{"self":[{"href":"https:\/\/rupa.lt\/en\/wp-json\/wp\/v2\/product\/560","targetHints":{"allow":["GET"]}}],"collection":[{"href":"https:\/\/rupa.lt\/en\/wp-json\/wp\/v2\/product"}],"about":[{"href":"https:\/\/rupa.lt\/en\/wp-json\/wp\/v2\/types\/product"}],"replies":[{"embeddable":true,"href":"https:\/\/rupa.lt\/en\/wp-json\/wp\/v2\/comments?post=560"}],"wp:featuredmedia":[{"embeddable":true,"href":"https:\/\/rupa.lt\/en\/wp-json\/wp\/v2\/media\/10102"}],"wp:attachment":[{"href":"https:\/\/rupa.lt\/en\/wp-json\/wp\/v2\/media?parent=560"}],"wp:term":[{"taxonomy":"product_brand","embeddable":true,"href":"https:\/\/rupa.lt\/en\/wp-json\/wp\/v2\/product_brand?post=560"},{"taxonomy":"product_cat","embeddable":true,"href":"https:\/\/rupa.lt\/en\/wp-json\/wp\/v2\/product_cat?post=560"},{"taxonomy":"product_tag","embeddable":true,"href":"https:\/\/rupa.lt\/en\/wp-json\/wp\/v2\/product_tag?post=560"}],"curies":[{"name":"wp","href":"https:\/\/api.w.org\/{rel}","templated":true}]}}