{"id":558,"date":"2016-03-10T18:37:50","date_gmt":"2016-03-10T16:37:50","guid":{"rendered":"http:\/\/ekokirpeja.lt\/shop\/naturalmente\/kaukes-ir-kondicionieriai\/purskiamas-ramuneliu-ir-alaviju-tonikas\/"},"modified":"2024-10-11T12:22:54","modified_gmt":"2024-10-11T09:22:54","slug":"purskiamas-ramuneliu-ir-alaviju-tonikas","status":"publish","type":"product","link":"https:\/\/rupa.lt\/en\/product\/purskiamas-ramuneliu-ir-alaviju-tonikas\/","title":{"rendered":"Pur\u0161kiamas ramun\u0117li\u0173 ir alavij\u0173 tonikas"},"content":{"rendered":"<p><strong>Sud\u0117tis<\/strong>:<br \/>\nRamun\u0117l\u0117: ramina, atpalaiduoja.<br \/>\nAlavijas: mink\u0161tina, dr\u0117kina, ramina.<br \/>\nRicin\u0173 aliejus: mink\u0161tina, dr\u0117kina, suteikia apimt\u012f<\/p>\n<p><em>Be sintetini\u0173 kvap\u0173, konservant\u0173, paraben\u0173, DEA, formaldehidini\u0173 pried\u0173.<\/em><\/p>","protected":false},"excerpt":{"rendered":"<p><strong>Nereikia nuskalauti<\/strong><br \/>\nKondicionuoja, atkuria ir suteikia \u017evilgesio. Neapsunkina plauk\u0173. Labai gerai atpalaiduoja ir apsaugo juos nuo \u0161ilumos poveikio. Apsaugo plaukus nuo galiuk\u0173 i\u0161si\u0161akojimo ir elektrostatinio kr\u016bvio. Galima naudoti kaip nenuskalaujam\u0105 kondicionieri\u0173. Sud\u0117tyje gausu 100% \u0161vari\u0173 eterini\u0173 aliej\u0173 ir augalini\u0173 ekstrakt\u0173, d\u0117l kuri\u0173 plaukai tampa \u017evilgantys ir sveiki. Puikus produktas plaukams linkusiems \u0161iau\u0161tis.<\/p>\n<p>250ml<\/p>","protected":false},"featured_media":7395,"comment_status":"open","ping_status":"closed","template":"","meta":[],"product_brand":[],"product_cat":[36],"product_tag":[339,336,43,42,337,338,289],"class_list":{"0":"post-558","1":"product","2":"type-product","3":"status-publish","4":"has-post-thumbnail","6":"product_cat-naturalmente-kaukes-ir-kondicionieriai","7":"product_tag-apsauga","8":"product_tag-drekinimas","9":"product_tag-kondicionierius","10":"product_tag-naturalmente","11":"product_tag-normaliems-plaukams","12":"product_tag-palengvina-sukavima","13":"product_tag-sausiems-plaukams","15":"first","16":"instock","17":"shipping-taxable","18":"purchasable","19":"product-type-simple"},"_links":{"self":[{"href":"https:\/\/rupa.lt\/en\/wp-json\/wp\/v2\/product\/558","targetHints":{"allow":["GET"]}}],"collection":[{"href":"https:\/\/rupa.lt\/en\/wp-json\/wp\/v2\/product"}],"about":[{"href":"https:\/\/rupa.lt\/en\/wp-json\/wp\/v2\/types\/product"}],"replies":[{"embeddable":true,"href":"https:\/\/rupa.lt\/en\/wp-json\/wp\/v2\/comments?post=558"}],"wp:featuredmedia":[{"embeddable":true,"href":"https:\/\/rupa.lt\/en\/wp-json\/wp\/v2\/media\/7395"}],"wp:attachment":[{"href":"https:\/\/rupa.lt\/en\/wp-json\/wp\/v2\/media?parent=558"}],"wp:term":[{"taxonomy":"product_brand","embeddable":true,"href":"https:\/\/rupa.lt\/en\/wp-json\/wp\/v2\/product_brand?post=558"},{"taxonomy":"product_cat","embeddable":true,"href":"https:\/\/rupa.lt\/en\/wp-json\/wp\/v2\/product_cat?post=558"},{"taxonomy":"product_tag","embeddable":true,"href":"https:\/\/rupa.lt\/en\/wp-json\/wp\/v2\/product_tag?post=558"}],"curies":[{"name":"wp","href":"https:\/\/api.w.org\/{rel}","templated":true}]}}