{"id":556,"date":"2016-03-10T18:34:39","date_gmt":"2016-03-10T16:34:39","guid":{"rendered":"http:\/\/ekokirpeja.lt\/shop\/naturalmente\/kaukes-ir-kondicionieriai\/apelsininis-kondicionierius\/"},"modified":"2024-10-15T18:31:59","modified_gmt":"2024-10-15T15:31:59","slug":"apelsininis-kondicionierius","status":"publish","type":"product","link":"https:\/\/rupa.lt\/en\/product\/apelsininis-kondicionierius\/","title":{"rendered":"Apelsininis kondicionierius"},"content":{"rendered":"<p><strong>Sud\u0117tis<\/strong>:<br \/>\nMandarinas: prie\u0161 u\u017edegimus, ramina.<br \/>\nBergamot\u0117: regeneruoja, dezodoruoja.<br \/>\nAvokadas: maitina, antioksidantas, prie\u0161 sen\u0117jim\u0105.<\/p>\n<p><em>Be sintetini\u0173 kvap\u0173, konservant\u0173, paraben\u0173, DEA, formaldehidini\u0173 pried\u0173.<\/em><\/p>\n<table class=\"shop_attributes\">\n<tbody>\n<tr class=\"attr_pakuote_ekologiska\">\n<th><\/th>\n<td>\n<table class=\"shop_attributes\">\n<tbody>\n<tr class=\"attr_pakuote_ekologiska\">\n<td><span class=\"val_eko_pakuote\">flakonas, \u012f kur\u012f i\u0161pilstytas produktas (be kam\u0161telio), pagamintas i\u0161 perdirbto plastiko.<\/span><\/td>\n<\/tr>\n<\/tbody>\n<\/table>\n<p>&nbsp;<\/td>\n<\/tr>\n<\/tbody>\n<\/table>\n<p><strong>INCI<\/strong><strong>:<\/strong>\u00a0Aqua [Water] (Eau), Myristyl alcohol, Behenamidopropyl dimethylamine, Citrus aurantium dulcis (Orange) flower extract (*), Citrus medica limonum (Lemon) peel extract (*), Prunus amygdalus dulcis (Sweet almond) fruit extract (*), Helianthus annuus (Sunflower) seed extract (*), Citrus nobilis (Mandarine orange) peel oil, Citrus aurantium bergamia (Bergamot) peel oil, Citrus aurantium dulcis (Orange) peel oil, Cetraria islandica extract, Persea gratissima (Avocado) oil, Lactic acid, Benzyl alcohol, Sodium benzoate, Sodium dehydroacetate, Glycerin, Limonene, Citral, Citronellol, Limonene, Linalool.<\/p>\n<p>* ekologi\u0161ki ingredientai<\/p>\n","protected":false},"excerpt":{"rendered":"<h2>Orange<\/h2>\n<p><strong>Ploniems plaukams<\/strong><br \/>\nKondicionierius skirtas ploniems, l\u016b\u017ein\u0117jantiems, trapiems plaukams. D\u0117l sud\u0117tyje esan\u010di\u0173 augalini\u0173 ekstrakt\u0173 ir eterini\u0173 aliej\u0173 neapsunkina plauk\u0173, padidina j\u0173 apimt\u012f ir suteikia tvirtumo bei ne\u012ftik\u0117tino \u017evilgesio.<\/p>","protected":false},"featured_media":2327,"comment_status":"open","ping_status":"closed","template":"","meta":[],"product_brand":[],"product_cat":[36],"product_tag":[341,43,42,342],"class_list":{"0":"post-556","1":"product","2":"type-product","3":"status-publish","4":"has-post-thumbnail","6":"product_cat-naturalmente-kaukes-ir-kondicionieriai","7":"product_tag-apimtis","8":"product_tag-kondicionierius","9":"product_tag-naturalmente","10":"product_tag-ploniems-plaukams","12":"first","13":"instock","14":"shipping-taxable","15":"purchasable","16":"product-type-variable"},"_links":{"self":[{"href":"https:\/\/rupa.lt\/en\/wp-json\/wp\/v2\/product\/556","targetHints":{"allow":["GET"]}}],"collection":[{"href":"https:\/\/rupa.lt\/en\/wp-json\/wp\/v2\/product"}],"about":[{"href":"https:\/\/rupa.lt\/en\/wp-json\/wp\/v2\/types\/product"}],"replies":[{"embeddable":true,"href":"https:\/\/rupa.lt\/en\/wp-json\/wp\/v2\/comments?post=556"}],"wp:featuredmedia":[{"embeddable":true,"href":"https:\/\/rupa.lt\/en\/wp-json\/wp\/v2\/media\/2327"}],"wp:attachment":[{"href":"https:\/\/rupa.lt\/en\/wp-json\/wp\/v2\/media?parent=556"}],"wp:term":[{"taxonomy":"product_brand","embeddable":true,"href":"https:\/\/rupa.lt\/en\/wp-json\/wp\/v2\/product_brand?post=556"},{"taxonomy":"product_cat","embeddable":true,"href":"https:\/\/rupa.lt\/en\/wp-json\/wp\/v2\/product_cat?post=556"},{"taxonomy":"product_tag","embeddable":true,"href":"https:\/\/rupa.lt\/en\/wp-json\/wp\/v2\/product_tag?post=556"}],"curies":[{"name":"wp","href":"https:\/\/api.w.org\/{rel}","templated":true}]}}