{"id":554,"date":"2016-03-10T20:30:45","date_gmt":"2016-03-10T18:30:45","guid":{"rendered":"http:\/\/ekokirpeja.lt\/shop\/naturalmente\/kaukes-ir-kondicionieriai\/vaisiu-rugsciu-kondicionierius\/"},"modified":"2024-10-15T18:32:48","modified_gmt":"2024-10-15T15:32:48","slug":"vaisiu-rugsciu-kondicionierius","status":"publish","type":"product","link":"https:\/\/rupa.lt\/en\/product\/vaisiu-rugsciu-kondicionierius\/","title":{"rendered":"Vaisi\u0173 r\u016bg\u0161\u010di\u0173 kondicionierius"},"content":{"rendered":"<p><strong>Sud\u0117tis<\/strong>:<br \/>\nM\u0117ta: prie\u0161 u\u017edegimin\u0117s savyb\u0117s, atpalaiduoja.<br \/>\nMangas: maitina, dr\u0117kina, mink\u0161tina.<br \/>\nPasiflora: ramina, regeneruoja.<\/p>\n<p><em>Be sintetini\u0173 kvap\u0173, konservant\u0173, paraben\u0173, DEA, formaldehidini\u0173 pried\u0173.<\/em><\/p>\n<table class=\"shop_attributes\">\n<tbody>\n<tr class=\"attr_pakuote_ekologiska\">\n<th><\/th>\n<td><span class=\"val_eko_pakuote\">flakonas, \u012f kur\u012f i\u0161pilstytas produktas (be kam\u0161telio), pagamintas i\u0161 perdirbto plastiko<\/span><\/td>\n<\/tr>\n<\/tbody>\n<\/table>\n<p><strong>INCI<\/strong><strong>:<\/strong>\u00a0Aqua [Water] (Eau), Behenamidopropyl dimethylamine, Myristyl alcohol, Cetyl alcohol, Rubus idaeus (Raspberry) fruit extract (*), Citrus aurantium dulcis (Orange) flower extract (*), Vaccinium myrtillus fruit\/leaf extract (*), Rubus fruticosus (Blackberry) fruit extract (*), Citrus medica limonum (Lemon) fruit extract, Mangifera indica (Mango) fruit extract, Passiflora edulis flower extract, Lactic acid, Benzyl alcohol, Menthol, Sodium benzoate, Sodium dehydrocetate, Potassium sorbate, Parfum [Fragrance], Glycerin, Guar hydroxypropyltrimonium chloride, Panthenol, Glycolic acid.<\/p>\n<p>* ekologi\u0161ki ingredientai<\/p>\n","protected":false},"excerpt":{"rendered":"<h2>Acidi della frutta<\/h2>\n<p><strong>Atpalaiduoja\/dr\u0117kina<\/strong><br \/>\n100% augaliniu pagrindu, puikiai atpalaiduojantis kondicionierius suteikia tvirtumo ir ne\u012ftik\u0117tino \u017evilgesio plaukams, j\u0173 neapsunkindamas. Neleid\u017eia plauk\u0173 galiukams i\u0161si\u0161akoti. Puikiai tinka vis\u0173 tip\u0173 plaukams, ypa\u010d sausiems, chemi\u0161kai paveiktiems ir trapiems. Sud\u0117tyje gausu 100% \u0161vari\u0173 eterini\u0173 aliej\u0173 ir augalini\u0173 ekstrakt\u0173, kurie puikiai dr\u0117kina plaukus. Jie tampa sveiki, \u017evilgantys ir mink\u0161ti.<\/p>","protected":false},"featured_media":2323,"comment_status":"open","ping_status":"closed","template":"","meta":[],"product_brand":[],"product_cat":[36],"product_tag":[43,42],"class_list":{"0":"post-554","1":"product","2":"type-product","3":"status-publish","4":"has-post-thumbnail","6":"product_cat-naturalmente-kaukes-ir-kondicionieriai","7":"product_tag-kondicionierius","8":"product_tag-naturalmente","10":"first","11":"instock","12":"shipping-taxable","13":"purchasable","14":"product-type-variable"},"_links":{"self":[{"href":"https:\/\/rupa.lt\/en\/wp-json\/wp\/v2\/product\/554","targetHints":{"allow":["GET"]}}],"collection":[{"href":"https:\/\/rupa.lt\/en\/wp-json\/wp\/v2\/product"}],"about":[{"href":"https:\/\/rupa.lt\/en\/wp-json\/wp\/v2\/types\/product"}],"replies":[{"embeddable":true,"href":"https:\/\/rupa.lt\/en\/wp-json\/wp\/v2\/comments?post=554"}],"wp:featuredmedia":[{"embeddable":true,"href":"https:\/\/rupa.lt\/en\/wp-json\/wp\/v2\/media\/2323"}],"wp:attachment":[{"href":"https:\/\/rupa.lt\/en\/wp-json\/wp\/v2\/media?parent=554"}],"wp:term":[{"taxonomy":"product_brand","embeddable":true,"href":"https:\/\/rupa.lt\/en\/wp-json\/wp\/v2\/product_brand?post=554"},{"taxonomy":"product_cat","embeddable":true,"href":"https:\/\/rupa.lt\/en\/wp-json\/wp\/v2\/product_cat?post=554"},{"taxonomy":"product_tag","embeddable":true,"href":"https:\/\/rupa.lt\/en\/wp-json\/wp\/v2\/product_tag?post=554"}],"curies":[{"name":"wp","href":"https:\/\/api.w.org\/{rel}","templated":true}]}}