{"id":550,"date":"2016-03-10T20:20:28","date_gmt":"2016-03-10T18:20:28","guid":{"rendered":"http:\/\/ekokirpeja.lt\/shop\/naturalmente\/kaukes-ir-kondicionieriai\/alaviju-ir-sandalmedziu-kauke\/"},"modified":"2024-10-15T18:31:06","modified_gmt":"2024-10-15T15:31:06","slug":"alaviju-ir-sandalmedziu-kondicionierius","status":"publish","type":"product","link":"https:\/\/rupa.lt\/en\/product\/alaviju-ir-sandalmedziu-kondicionierius\/","title":{"rendered":"Alavij\u0173 ir sandalmed\u017ei\u0173 kondicionierius"},"content":{"rendered":"<p><strong>Sud\u0117tis<\/strong>:<br \/>\nAlavijas: proteinai, vitaminai, mineralin\u0117s druskos.<br \/>\nSandalmedis: Spartina plauk\u0173 regeneracij\u0105, valo.<br \/>\nDilg\u0117l\u0117: dr\u0117kina, stiprina.<\/p>\n<p><em>Be sintetini\u0173 kvap\u0173, konservant\u0173, paraben\u0173, DEA, formaldehidini\u0173 pried\u0173.<\/em><\/p>\n<table class=\"shop_attributes\">\n<tbody>\n<tr class=\"attr_pakuote_ekologiska\">\n<th><\/th>\n<td><span class=\"val_eko_pakuote\">\u00a0flakonas, \u012f kur\u012f i\u0161pilstytas produktas, pagamintas i\u0161 perdirbto plastiko<\/span><\/td>\n<\/tr>\n<\/tbody>\n<\/table>\n<p>&nbsp;<\/p>\n<p><strong>INCI<\/strong><strong>:<\/strong>\u00a0Aqua [Water] (Eau), Myristyl alcohol, Behenamidopropyl dimethylamine, Cetyl alcohol, Aloe Barbadensise extract (*), Lavandula hybrida oil (*), Urtica dioica (Nettle) extract (*), Chamomilla recutita (extract (*), Pogostemon cablin oil, Amyris balsamifera bark oil, Pelargonium graveolens oil, Anthemis nobilis flower oil, Santalum album (Sandalwood) oil, Panthenol, Tocopherol, Ascorbyl palmitate, Hydrolyzed soy protein, Lactic acid Benzyl alcohol, Sodium benzoate, Sodium dehydroacetate, Potassium sorbate, Glycerin, Guar hydroxypropyltrimonium chloride, Linalool, Citronellol, Geraniol, Lecithin, Citric acid.<\/p>\n<p>* ekologi\u0161ki ingredientai<\/p>\n<p>&nbsp;<\/p>\n","protected":false},"excerpt":{"rendered":"<h2>Solution Pac<\/h2>\n<p><strong>Maitinimas\/rekonstrukcija<\/strong><br \/>\n100% augaliniu pagrindu, multivitamininis, baltyminis atkuriamasis kondicionierius. Giliai \u012fsiskverbia \u012f plauk\u0173 strukt\u016br\u0105, geba atstatyti j\u0173 baltymin\u0119 grandin\u0119. Puikiai maitina plaukus, apsaugo juos nuo chemini\u0173 proced\u016br\u0173, aplinkos bei mechanini\u0173 veiksni\u0173. Stiprina ir atkuria plauk\u0173 strukt\u016br\u0105 d\u0117l sud\u0117tyje esan\u010di\u0173 100% \u0161vari\u0173 eterini\u0173 aliej\u0173 ir augalini\u0173 ekstrakt\u0173 bei vitamin\u0173 A, B5, C, E. Puiki priemon\u0117 i\u0161si\u0161akojusiems plauk\u0173 galiukams.<\/p>","protected":false},"featured_media":2324,"comment_status":"open","ping_status":"closed","template":"","meta":[],"product_brand":[],"product_cat":[36],"product_tag":[343,44,344,42,277],"class_list":{"0":"post-550","1":"product","2":"type-product","3":"status-publish","4":"has-post-thumbnail","6":"product_cat-naturalmente-kaukes-ir-kondicionieriai","7":"product_tag-atstatymas","8":"product_tag-kauke","9":"product_tag-maitinimas","10":"product_tag-naturalmente","11":"product_tag-pazeistiems-plaukams","13":"first","14":"instock","15":"shipping-taxable","16":"purchasable","17":"product-type-variable"},"_links":{"self":[{"href":"https:\/\/rupa.lt\/en\/wp-json\/wp\/v2\/product\/550","targetHints":{"allow":["GET"]}}],"collection":[{"href":"https:\/\/rupa.lt\/en\/wp-json\/wp\/v2\/product"}],"about":[{"href":"https:\/\/rupa.lt\/en\/wp-json\/wp\/v2\/types\/product"}],"replies":[{"embeddable":true,"href":"https:\/\/rupa.lt\/en\/wp-json\/wp\/v2\/comments?post=550"}],"wp:featuredmedia":[{"embeddable":true,"href":"https:\/\/rupa.lt\/en\/wp-json\/wp\/v2\/media\/2324"}],"wp:attachment":[{"href":"https:\/\/rupa.lt\/en\/wp-json\/wp\/v2\/media?parent=550"}],"wp:term":[{"taxonomy":"product_brand","embeddable":true,"href":"https:\/\/rupa.lt\/en\/wp-json\/wp\/v2\/product_brand?post=550"},{"taxonomy":"product_cat","embeddable":true,"href":"https:\/\/rupa.lt\/en\/wp-json\/wp\/v2\/product_cat?post=550"},{"taxonomy":"product_tag","embeddable":true,"href":"https:\/\/rupa.lt\/en\/wp-json\/wp\/v2\/product_tag?post=550"}],"curies":[{"name":"wp","href":"https:\/\/api.w.org\/{rel}","templated":true}]}}