{"id":547,"date":"2016-03-10T20:15:15","date_gmt":"2016-03-10T18:15:15","guid":{"rendered":"http:\/\/ekokirpeja.lt\/shop\/naturalmente\/kaukes-ir-kondicionieriai\/pankoliu-ir-snapuciu-kauke\/"},"modified":"2024-10-11T12:50:46","modified_gmt":"2024-10-11T09:50:46","slug":"pankoliu-ir-snapuciu-kauke","status":"publish","type":"product","link":"https:\/\/rupa.lt\/en\/product\/pankoliu-ir-snapuciu-kauke\/","title":{"rendered":"Pankoli\u0173 ir snapu\u010di\u0173 kondicionierius"},"content":{"rendered":"<p><strong>Sud\u0117tis<\/strong>:<br \/>\nPankolis: balansuoja, ramina, gaivina.<br \/>\nSnaputis: rekonstruoja, stabdo sen\u0117jimo procesus.<br \/>\nSalvija: reguliuoja prakaitavim\u0105, prie\u0161u\u017edegimin\u0117.<\/p>\n<p><em>Be sintetini\u0173 kvap\u0173, konservant\u0173, paraben\u0173, DEA, formaldehidini\u0173 pried\u0173.<\/em><\/p>\n<table class=\"shop_attributes\">\n<tbody>\n<tr class=\"attr_pakuote_ekologiska\">\n<th><\/th>\n<td><span class=\"val_eko_pakuote\">flakonas, \u012f kur\u012f i\u0161pilstytas produktas (be kam\u0161telio), pagamintas i\u0161 perdirbto plastiko<\/span><\/td>\n<\/tr>\n<\/tbody>\n<\/table>\n<p><strong>INCI<\/strong><strong>:<\/strong>\u00a0Aqua [Water] (Eau), Cetyl alcohol, Behenamidopropyl dimethylamine, Foeniculum vulgare (Fennel) fruit extract (*), Salvia officinalis (Sage) leaf extract (*), Lavandula hybrida oil (*), Citrus medica limonum (Lemon) peel oil, Foeniculum vulgare (Fennel) oil, Amyris balsamifera bark oil, Pelargonium graveolens oil, Santalum album (Sandalwood) oil, Salvia sclarea (Clary) oil, Citrus grandis (Grapefruit) seed extract, Hydrolyzed soy protein, Lactic acid, Benzyl alcohol, Sodium benzoate, Sodium dehydroacetate, Glycerin, Limonene, Citronellol, Geraniol.<\/p>\n<p>* ekologi\u0161ki ingredientai<\/p>\n","protected":false},"excerpt":{"rendered":"<p>100% augaliniu pagrindu, intensyviai dr\u0117kinantis kondicionierius. Skirta stipriai pa\u017eeistiems, chemi\u0161kai paveiktiems, sausiems, linkusiems \u0161iau\u0161tis ar garbanotiems plaukams. Dr\u0117gm\u0117 sulaikoma plauk\u0173 viduje. Sud\u0117tyje gausu 100% \u0161vari\u0173 eterini\u0173 aliej\u0173 ir augalini\u0173 ekstrakt\u0173, kurie puikiai dr\u0117kina ir neapsunkina plauk\u0173. Jie tampa sveiki, \u017evilgantys ir mink\u0161ti.<\/p>","protected":false},"featured_media":2325,"comment_status":"open","ping_status":"closed","template":"","meta":[],"product_brand":[],"product_cat":[36],"product_tag":[336,44,42,275],"class_list":{"0":"post-547","1":"product","2":"type-product","3":"status-publish","4":"has-post-thumbnail","6":"product_cat-naturalmente-kaukes-ir-kondicionieriai","7":"product_tag-drekinimas","8":"product_tag-kauke","9":"product_tag-naturalmente","10":"product_tag-sausiems-palukams","12":"first","13":"instock","14":"shipping-taxable","15":"purchasable","16":"product-type-variable"},"_links":{"self":[{"href":"https:\/\/rupa.lt\/en\/wp-json\/wp\/v2\/product\/547","targetHints":{"allow":["GET"]}}],"collection":[{"href":"https:\/\/rupa.lt\/en\/wp-json\/wp\/v2\/product"}],"about":[{"href":"https:\/\/rupa.lt\/en\/wp-json\/wp\/v2\/types\/product"}],"replies":[{"embeddable":true,"href":"https:\/\/rupa.lt\/en\/wp-json\/wp\/v2\/comments?post=547"}],"wp:featuredmedia":[{"embeddable":true,"href":"https:\/\/rupa.lt\/en\/wp-json\/wp\/v2\/media\/2325"}],"wp:attachment":[{"href":"https:\/\/rupa.lt\/en\/wp-json\/wp\/v2\/media?parent=547"}],"wp:term":[{"taxonomy":"product_brand","embeddable":true,"href":"https:\/\/rupa.lt\/en\/wp-json\/wp\/v2\/product_brand?post=547"},{"taxonomy":"product_cat","embeddable":true,"href":"https:\/\/rupa.lt\/en\/wp-json\/wp\/v2\/product_cat?post=547"},{"taxonomy":"product_tag","embeddable":true,"href":"https:\/\/rupa.lt\/en\/wp-json\/wp\/v2\/product_tag?post=547"}],"curies":[{"name":"wp","href":"https:\/\/api.w.org\/{rel}","templated":true}]}}