{"id":545,"date":"2016-03-10T20:14:31","date_gmt":"2016-03-10T18:14:31","guid":{"rendered":"http:\/\/ekokirpeja.lt\/?post_type=product&#038;p=545"},"modified":"2024-10-15T18:33:56","modified_gmt":"2024-10-15T15:33:56","slug":"jogurto-ir-soru-kondicionierius","status":"publish","type":"product","link":"https:\/\/rupa.lt\/en\/product\/jogurto-ir-soru-kondicionierius\/","title":{"rendered":"Jogurto ir sor\u0173 kondicionierius"},"content":{"rendered":"<p><strong>Sud\u0117tis<\/strong>:<br \/>\nJogurtas: mink\u0161tina, dr\u0117kina, maitina.<br \/>\nSora: atstato od\u0105 ir plaukus, apr\u016bpina mineralais.<br \/>\nHidrolizuoti soj\u0173 proteinai: maitinimas, \u017evilgesys, apsauga.<\/p>\n<p><em>Be sintetini\u0173 kvap\u0173, konservant\u0173, paraben\u0173, DEA, formaldehidini\u0173 pried\u0173.<\/em><\/p>\n<table class=\"shop_attributes\">\n<tbody>\n<tr class=\"attr_pakuote_ekologiska\">\n<th><\/th>\n<td><span class=\"val_eko_pakuote\">flakonas, \u012f kur\u012f i\u0161pilstytas produktas (be kam\u0161telio), pagamintas i\u0161 perdirbto plastiko.<\/span><\/td>\n<\/tr>\n<\/tbody>\n<\/table>\n<p><strong>INCI<\/strong><strong>:<\/strong>\u00a0Aqua [Water] (Eau), Behenamidopropyl dimethylamine, Myristyl alcohol, Cetyl alcohol, Panicum miliaceum extract (*), Yogurt, Simmondsia chinensis (Jojoba) seed oil (*), Eucalyptus globulus leaf oil (*), Mentha piperita (Peppermint) oil (*), Hydrolyzed soy protein, Panthenol, Lactic acid, Benzyl alcohol, Potassium sorbate, Sodium benzoate, Sodium dehydroacetate, Parfum [Fragrance], Glycerin, Guar hydroxypropyltrimonium chloride.<\/p>\n<p>* ekologi\u0161ki ingredientai<\/p>\n","protected":false},"excerpt":{"rendered":"<h2>Yogurt e Miglio<\/h2>\n<p><strong>Intensyviai atgaivina<\/strong><br \/>\n100% augaliniu pagrindu pagamintas kondicionie- rius intensyviai atgaivina, praturtina baltymais vis\u0173 tip\u0173 plaukus. Suteikia ne\u012ftik\u0117tin\u0105 \u017evilges\u012f ir i\u0161skirtin\u012f lankstum\u0105, neapsunkina plauk\u0173. Sud\u0117tyje gausu 100% \u0161vari\u0173 eterini\u0173 aliej\u0173 ir augalini\u0173 ekstrakt\u0173, kurie pamaitina plaukus, ir \u0161ie tampa \u017evilgantys, sveiki ir tvirti.<\/p>","protected":false},"featured_media":2326,"comment_status":"open","ping_status":"closed","template":"","meta":[],"product_brand":[],"product_cat":[36],"product_tag":[43,42],"class_list":{"0":"post-545","1":"product","2":"type-product","3":"status-publish","4":"has-post-thumbnail","6":"product_cat-naturalmente-kaukes-ir-kondicionieriai","7":"product_tag-kondicionierius","8":"product_tag-naturalmente","10":"first","11":"instock","12":"shipping-taxable","13":"purchasable","14":"product-type-variable"},"_links":{"self":[{"href":"https:\/\/rupa.lt\/en\/wp-json\/wp\/v2\/product\/545","targetHints":{"allow":["GET"]}}],"collection":[{"href":"https:\/\/rupa.lt\/en\/wp-json\/wp\/v2\/product"}],"about":[{"href":"https:\/\/rupa.lt\/en\/wp-json\/wp\/v2\/types\/product"}],"replies":[{"embeddable":true,"href":"https:\/\/rupa.lt\/en\/wp-json\/wp\/v2\/comments?post=545"}],"wp:featuredmedia":[{"embeddable":true,"href":"https:\/\/rupa.lt\/en\/wp-json\/wp\/v2\/media\/2326"}],"wp:attachment":[{"href":"https:\/\/rupa.lt\/en\/wp-json\/wp\/v2\/media?parent=545"}],"wp:term":[{"taxonomy":"product_brand","embeddable":true,"href":"https:\/\/rupa.lt\/en\/wp-json\/wp\/v2\/product_brand?post=545"},{"taxonomy":"product_cat","embeddable":true,"href":"https:\/\/rupa.lt\/en\/wp-json\/wp\/v2\/product_cat?post=545"},{"taxonomy":"product_tag","embeddable":true,"href":"https:\/\/rupa.lt\/en\/wp-json\/wp\/v2\/product_tag?post=545"}],"curies":[{"name":"wp","href":"https:\/\/api.w.org\/{rel}","templated":true}]}}