{"id":539,"date":"2016-03-10T18:02:44","date_gmt":"2016-03-10T16:02:44","guid":{"rendered":"http:\/\/ekokirpeja.lt\/shop\/naturalmente\/sampunai\/citrusiniu-vaisiu-sampunas\/"},"modified":"2024-10-15T18:28:50","modified_gmt":"2024-10-15T15:28:50","slug":"citrusiniu-vaisiu-sampunas","status":"publish","type":"product","link":"https:\/\/rupa.lt\/en\/product\/citrusiniu-vaisiu-sampunas\/","title":{"rendered":"Citrusini\u0173 vaisi\u0173 \u0161amp\u016bnas"},"content":{"rendered":"<p><strong>Sud\u0117tis<\/strong>:<br \/>\nApelsinas: stimuliuoja, tonizuoja.<br \/>\nCitrina: stimuliuoja, gaivina. Bergamot\u0117: regeneruoja, dezodoruoja<\/p>\n<p><em>Be sintetini\u0173 kvap\u0173, konservant\u0173, paraben\u0173, DEA, formaldehidini\u0173 pried\u0173 ir SLS. Saugant vandenyn\u0173 flor\u0105 ir faun\u0105 \u0161io produkto sud\u0117tyje n\u0117ra EDTA.<\/em><\/p>\n<table class=\"shop_attributes\">\n<tbody>\n<tr class=\"attr_pakuote_ekologiska\">\n<th><\/th>\n<td><span class=\"val_eko_pakuote\">\u00a0flakonas, \u012f kur\u012f i\u0161pilstytas produktas, pagamintas i\u0161 perdirbto plastiko.<\/span><\/td>\n<\/tr>\n<\/tbody>\n<\/table>\n<p><strong>INCI<\/strong><strong>:<\/strong>\u00a0Aqua [Water] (Eau), Zinc coceth sulfate, Cocamidopropyl betaine, Citrus aurantium dulcis (Orange) flower extract (*), Citrus medica limonum (Lemon) peel extract (*), Citrus aurantium dulcis (Orange) peel oil, Citrus nobilis (Mandarine orange) peel oil, Citrus aurantium bergamia (Bergamot) peel oil, Citrus medica limonum (Lemon) peel oil, Aloe barbadensis extract (*), Olea europaea (Olive) fruit oil (*), Hydrolyzed soy protein, Maris sal, Disodium capryloyl glutamate, Lactic acid, Decyl glucoside, Coco-glucoside, Glyceryl oleate, Polyquaternium-10, Sodium olivamphoacetate, Limonene, Glycerin, Sodium chloride, Sodium benzoate, Citral, Citronellol, Limonene, Linalool, Citral.<\/p>\n<p>* ekologi\u0161ki ingredientai<\/p>\n","protected":false},"excerpt":{"rendered":"<p><strong>Suteikiantis apimt\u012f \/ stiprinamasis<\/strong><br \/>\n100% augaliniu pagrindu, apimt\u012f suteikiantis stiprinamasis \u0161amp\u016bnas. Sud\u0117tyje esanti soja suteikia plaukams tvirtumo ir palengvina j\u0173 i\u0161\u0161ukavim\u0105. Puikiai tinka blizges\u012f praradusiems, ploniems plaukams. Sud\u0117tyje gausu augalini\u0173 ekstrakt\u0173 ir 100% \u0161vari\u0173 eterini\u0173 aliej\u0173, kurie suteikia plaukams ne\u012ftik\u0117tino \u017evilgesio. Jie tampa tvirti ir sveiki.<\/p>","protected":false},"featured_media":2318,"comment_status":"open","ping_status":"closed","template":"","meta":[],"product_brand":[],"product_cat":[35],"product_tag":[242,341,42,245,342,240],"class_list":{"0":"post-539","1":"product","2":"type-product","3":"status-publish","4":"has-post-thumbnail","6":"product_cat-naturalmente-sampunai","7":"product_tag-apimti-suteikiantis-sampunas","8":"product_tag-apimtis","9":"product_tag-naturalmente","10":"product_tag-nature-inside","11":"product_tag-ploniems-plaukams","12":"product_tag-sampunas-ploniems-plaukams","14":"first","15":"instock","16":"shipping-taxable","17":"purchasable","18":"product-type-variable"},"_links":{"self":[{"href":"https:\/\/rupa.lt\/en\/wp-json\/wp\/v2\/product\/539","targetHints":{"allow":["GET"]}}],"collection":[{"href":"https:\/\/rupa.lt\/en\/wp-json\/wp\/v2\/product"}],"about":[{"href":"https:\/\/rupa.lt\/en\/wp-json\/wp\/v2\/types\/product"}],"replies":[{"embeddable":true,"href":"https:\/\/rupa.lt\/en\/wp-json\/wp\/v2\/comments?post=539"}],"wp:featuredmedia":[{"embeddable":true,"href":"https:\/\/rupa.lt\/en\/wp-json\/wp\/v2\/media\/2318"}],"wp:attachment":[{"href":"https:\/\/rupa.lt\/en\/wp-json\/wp\/v2\/media?parent=539"}],"wp:term":[{"taxonomy":"product_brand","embeddable":true,"href":"https:\/\/rupa.lt\/en\/wp-json\/wp\/v2\/product_brand?post=539"},{"taxonomy":"product_cat","embeddable":true,"href":"https:\/\/rupa.lt\/en\/wp-json\/wp\/v2\/product_cat?post=539"},{"taxonomy":"product_tag","embeddable":true,"href":"https:\/\/rupa.lt\/en\/wp-json\/wp\/v2\/product_tag?post=539"}],"curies":[{"name":"wp","href":"https:\/\/api.w.org\/{rel}","templated":true}]}}