{"id":531,"date":"2016-03-09T16:08:53","date_gmt":"2016-03-09T14:08:53","guid":{"rendered":"http:\/\/ekokirpeja.lt\/shop\/naturalmente\/sampunai\/apelsininis-sampunas\/"},"modified":"2024-10-15T18:27:00","modified_gmt":"2024-10-15T15:27:00","slug":"apelsininis-sampunas","status":"publish","type":"product","link":"https:\/\/rupa.lt\/en\/product\/apelsininis-sampunas\/","title":{"rendered":"Apelsininis \u0161amp\u016bnas"},"content":{"rendered":"<p><strong>Sud\u0117tis:<\/strong>\u00a0Aqua [Water] (Eau), Cocamidopropyl hydroxysultaine, Disodium cocoamphodiacetate, Sodium cocoyl sarcosinate, Cocamidopropyl betaine, Hydroxypropyltrimonium hydrolyzed wheat protein, Lactic acid, Citrus aurantium dulcis (Orange) peel oil, Citrus limon (Lemon) peel extract (*), Citrus aurantium bergamia (bergamot) peel oil, Citrus medica vulgaris peel oil, Citrus nobilis (Mandarine orange) peel oil, Prunus Amygdalus Dulcis (Sweet Almond) oil (*), Helianthus Annuus (Sunflower) seed oil, Hydrolyzed soy protein, Cetrimonium chloride, Benzyl Alcohol, Sodium arganamphoacetate, Sodium benzoate, Limonene, Glycerin, Sodium myristoyl glutamate, Linalool, Citral.<\/p>\n<p>* ekologi\u0161ki ingredientai<\/p>\n<p><em>Be sintetini\u0173 kvap\u0173, konservant\u0173, paraben\u0173, DEA, formaldehidini\u0173 pried\u0173 ir SLS. Saugant vandenyn\u0173 flor\u0105 ir faun\u0105 \u0161io produkto sud\u0117tyje n\u0117ra EDTA.<\/em><\/p>\n<table class=\"shop_attributes\">\n<tbody>\n<tr class=\"attr_pakuote_ekologiska\">\n<th><\/th>\n<td><span class=\"val_eko_pakuote\">flakonas, \u012f kur\u012f i\u0161pilstytas produktas, pagamintas i\u0161 perdirbto plastiko<\/span><\/td>\n<\/tr>\n<\/tbody>\n<\/table>\n","protected":false},"excerpt":{"rendered":"<h2>Orange<\/h2>\n<p><strong>Ploniems plaukams<\/strong><br \/>\n100% augaliniu pagrindu \u0161amp\u016bnas su pavir\u0161iaus aktyvi\u0105ja med\u017eiaga (tensidu), pagaminta i\u0161 argan\u0173 aliejaus (d\u0117l savo savybi\u0173 dar vadinamo skystuoju auksu). Sud\u0117tyje esantys eteriniai aliejai, augaliniai baltymai padidina plauk\u0173 apimt\u012f, suteikia jiems \u017evilgesio ir tvirtumo. Puikiai tinka ploniems, l\u016b\u017ein\u0117jantiems ir pa\u017eeistiems plaukams.<\/p>\n<p><strong>Sud\u0117tyje<\/strong>:<br \/>\nGr\u016bd\u0173 proteinai: stiprina plaukus, kondicionuoja.<br \/>\nMandarinas: prie\u0161 u\u017edegimus, ramina.<br \/>\nBergamot\u0117: regeneruoja, dezodoruoja.<\/p>","protected":false},"featured_media":2319,"comment_status":"open","ping_status":"closed","template":"","meta":[],"product_brand":[],"product_cat":[35],"product_tag":[341,41,42,342,40],"class_list":{"0":"post-531","1":"product","2":"type-product","3":"status-publish","4":"has-post-thumbnail","6":"product_cat-naturalmente-sampunai","7":"product_tag-apimtis","8":"product_tag-ekologiskas","9":"product_tag-naturalmente","10":"product_tag-ploniems-plaukams","11":"product_tag-sampunas","13":"first","14":"instock","15":"shipping-taxable","16":"purchasable","17":"product-type-variable"},"_links":{"self":[{"href":"https:\/\/rupa.lt\/en\/wp-json\/wp\/v2\/product\/531","targetHints":{"allow":["GET"]}}],"collection":[{"href":"https:\/\/rupa.lt\/en\/wp-json\/wp\/v2\/product"}],"about":[{"href":"https:\/\/rupa.lt\/en\/wp-json\/wp\/v2\/types\/product"}],"replies":[{"embeddable":true,"href":"https:\/\/rupa.lt\/en\/wp-json\/wp\/v2\/comments?post=531"}],"wp:featuredmedia":[{"embeddable":true,"href":"https:\/\/rupa.lt\/en\/wp-json\/wp\/v2\/media\/2319"}],"wp:attachment":[{"href":"https:\/\/rupa.lt\/en\/wp-json\/wp\/v2\/media?parent=531"}],"wp:term":[{"taxonomy":"product_brand","embeddable":true,"href":"https:\/\/rupa.lt\/en\/wp-json\/wp\/v2\/product_brand?post=531"},{"taxonomy":"product_cat","embeddable":true,"href":"https:\/\/rupa.lt\/en\/wp-json\/wp\/v2\/product_cat?post=531"},{"taxonomy":"product_tag","embeddable":true,"href":"https:\/\/rupa.lt\/en\/wp-json\/wp\/v2\/product_tag?post=531"}],"curies":[{"name":"wp","href":"https:\/\/api.w.org\/{rel}","templated":true}]}}