{"id":520,"date":"2016-03-09T15:49:32","date_gmt":"2016-03-09T13:49:32","guid":{"rendered":"http:\/\/ekokirpeja.lt\/shop\/naturalmente\/sampunai\/rozmarinu-ir-levandu-sampunas\/"},"modified":"2024-10-15T18:25:48","modified_gmt":"2024-10-15T15:25:48","slug":"naturalmente-rozmarinu-ir-levandu-sampunas","status":"publish","type":"product","link":"https:\/\/rupa.lt\/en\/product\/naturalmente-rozmarinu-ir-levandu-sampunas\/","title":{"rendered":"Rozmarin\u0173 ir levand\u0173 \u0161amp\u016bnas"},"content":{"rendered":"<p>Naturalmente rozmarin\u0173 ir levand\u0173 \u0161amp\u016bnas. Jis puikiai \u0161alina ne\u0161varumus, atsiradusius d\u0117l atmosferos veiksni\u0173 (d\u016bm\u0173, smogo ir t. t.), ar plastiko liekanas (lako, \u017eel\u0117, put\u0173 ir t. t.). Sud\u0117tyje gausu augalini\u0173 ekstrakt\u0173 ir 100% \u0161vari\u0173 eterini\u0173 aliej\u0173, d\u0117l kuri\u0173 plaukai tampa sveiki ir \u017evilgantys. Puikiai valo od\u0105 nepa\u017eeisdamas jos hidrolipidin\u0117s pusiausvyros.<\/p>\n<p><strong>Sud\u0117tyje<\/strong>:<br \/>\nRozmarinas: skatina odos mikrocirkuliacij\u0105, nuriebina, detoksikuoja.<br \/>\nLevanda: valo, ramina, nuo plauk\u0173 slinkimo.<br \/>\nEukaliptas: prie\u0161 pleiskanas, germicidas.<\/p>\n<p><strong>INCI<\/strong><strong>:<\/strong>\u00a0Aqua [Water] (Eau), Zinc coceth sulfate, Cocamidopropyl betaine, Rosmarinus officinalis (Rosemary) leaf extract (*), Lavandula angustifolia (Lavender) oil (*), Citrus medica limonum (Lemon) peel oil (*), Thymus vulgaris (Thyme) flower\/leafe extract (*), Eucalyptus globulus leaf oil, Citrus medica limonum (Lemon) peel oil, Amyris balsamifera bark oil, Santalum album (Sandalwood) oil, Santalum album (Sandalwood) oil, Lactic acid, Decyl glucoside, Maris sal, Coco-glucoside, Glyceryl oleate Sodium olivamphoacetate, Polyquaternium-10 Glycerin, Limonene, Linalool.<\/p>\n<p>* ekologi\u0161ki ingredientai<\/p>\n<p><em>Be sintetini\u0173 kvap\u0173, konservant\u0173, paraben\u0173, DEA, formaldehidini\u0173 pried\u0173 ir SLS. Saugant vandenyn\u0173 flor\u0105 ir faun\u0105 \u0161io produkto sud\u0117tyje n\u0117ra EDTA.<\/em><\/p>\n<table class=\"shop_attributes\">\n<tbody>\n<tr class=\"attr_pakuote_ekologiska\">\n<th><\/th>\n<td><span class=\"val_eko_pakuote\">\u00a0flakonas, \u012f kur\u012f i\u0161pilstytas produktas\u00a0 perdirbto plastiko.<\/span><\/td>\n<\/tr>\n<\/tbody>\n<\/table>\n","protected":false},"excerpt":{"rendered":"<p><strong>Valymas\/toksin\u0173 \u0161alinimas<\/strong><br \/>\n100% augaliniu pagrindu \u0161amp\u016bnas su galvos od\u0105 puikiai apsaugan\u010diomis pavir\u0161iaus aktyviosiomis med\u017eiagomis(tensidais). Valo, \u0161alina toksinus, gerina mikrocirkuliacij\u0105 bei skatina plauk\u0173 augim\u0105.<\/p>","protected":false},"featured_media":2320,"comment_status":"open","ping_status":"closed","template":"","meta":[],"product_brand":[],"product_cat":[35],"product_tag":[41,238,42,239,237,235,40,236,340],"class_list":{"0":"post-520","1":"product","2":"type-product","3":"status-publish","4":"has-post-thumbnail","6":"product_cat-naturalmente-sampunai","7":"product_tag-ekologiskas","8":"product_tag-gerai-isplauna","9":"product_tag-naturalmente","10":"product_tag-nepazeidzia-galvos-odos-pusiausvyros","11":"product_tag-riabiai-galvos-odai","12":"product_tag-rozmarinu-ir-levandu","13":"product_tag-sampunas","14":"product_tag-valomasis-detoksikuojantis","15":"product_tag-valymas","17":"first","18":"instock","19":"shipping-taxable","20":"purchasable","21":"product-type-variable"},"_links":{"self":[{"href":"https:\/\/rupa.lt\/en\/wp-json\/wp\/v2\/product\/520","targetHints":{"allow":["GET"]}}],"collection":[{"href":"https:\/\/rupa.lt\/en\/wp-json\/wp\/v2\/product"}],"about":[{"href":"https:\/\/rupa.lt\/en\/wp-json\/wp\/v2\/types\/product"}],"replies":[{"embeddable":true,"href":"https:\/\/rupa.lt\/en\/wp-json\/wp\/v2\/comments?post=520"}],"wp:featuredmedia":[{"embeddable":true,"href":"https:\/\/rupa.lt\/en\/wp-json\/wp\/v2\/media\/2320"}],"wp:attachment":[{"href":"https:\/\/rupa.lt\/en\/wp-json\/wp\/v2\/media?parent=520"}],"wp:term":[{"taxonomy":"product_brand","embeddable":true,"href":"https:\/\/rupa.lt\/en\/wp-json\/wp\/v2\/product_brand?post=520"},{"taxonomy":"product_cat","embeddable":true,"href":"https:\/\/rupa.lt\/en\/wp-json\/wp\/v2\/product_cat?post=520"},{"taxonomy":"product_tag","embeddable":true,"href":"https:\/\/rupa.lt\/en\/wp-json\/wp\/v2\/product_tag?post=520"}],"curies":[{"name":"wp","href":"https:\/\/api.w.org\/{rel}","templated":true}]}}