{"id":514,"date":"2016-03-09T15:40:45","date_gmt":"2016-03-09T13:40:45","guid":{"rendered":"http:\/\/ekokirpeja.lt\/shop\/naturalmente\/sampunai\/pankoliu-ir-snapuciu-sampunas\/"},"modified":"2024-10-11T12:16:15","modified_gmt":"2024-10-11T09:16:15","slug":"pankoliu-ir-snapuciu-sampunas","status":"publish","type":"product","link":"https:\/\/rupa.lt\/en\/product\/pankoliu-ir-snapuciu-sampunas\/","title":{"rendered":"Pankoli\u0173 ir snapu\u010di\u0173 \u0161amp\u016bnas"},"content":{"rendered":"<p><strong>Sud\u0117tyje<\/strong>:<br \/>\nPankolis: balansuoja, ramina, gaivina.<br \/>\nSnaputis: rekonstruoja, stabdo sen\u0117jimo procesus.<br \/>\nSalvija: reguliuoja prakaitavim\u0105, prie\u0161u\u017edegimin\u0117.<\/p>\n<p><em>Be sintetini\u0173 kvap\u0173, konservant\u0173, paraben\u0173, DEA, formaldehidini\u0173 pried\u0173 ir SLS. Saugant vandenyn\u0173 flor\u0105 ir faun\u0105 \u0161io produkto sud\u0117tyje n\u0117ra EDTA.<\/em><\/p>\n<table class=\"shop_attributes\">\n<tbody>\n<tr class=\"attr_pakuote_ekologiska\">\n<th><\/th>\n<td><span class=\"val_eko_pakuote\">flakonas, \u012f kur\u012f i\u0161pilstytas produktas pagamintas i\u0161 perdirbto plastiko<\/span><\/td>\n<\/tr>\n<\/tbody>\n<\/table>\n<p><strong>INCI<\/strong><strong>:<\/strong>\u00a0Aqua [Water] (Eau), Zinc coceth sulfate, cocamidopropyl betaine, Maris sal, Foeniculum vulgare (Fennel) fruit extract (*), Pelargonium graveolens oil, Citrus aurantium dulcis (Orange) peel oil (*), Lavandula angustifolia (Lavender) oil (*), Salvia sclarea (Clary) oil, Panicum miliaceum extract (*), Amyris balsamifera bark oil, Santalum album (Sandalwood) oil, Hydrolyzed soy protein Disodium capryloyl glutamate, Lactic acid, Hydroxypropyltrimonium hydrolyzed wheat protein, Decyl glucoside, Polyquaternium-10, Coco-glucoside, Glyceryl oleate, Sodium olivamphoacetate, Limonene, Glycerin, Linalool, Citronellol, Geraniol, Linalool.<\/p>\n<p>* ekologi\u0161ki ingredientai<\/p>\n","protected":false},"excerpt":{"rendered":"<h2>Finocchio e Geranio<\/h2>\n<p><strong>Dr\u0117kinamasis\/ subalansuojantis<\/strong><br \/>\n100% augalinis dr\u0117kinamasis \u0161amp\u016bnas sausiems, pa\u017eeistiems ir chemi\u0161kai paveiktiems plaukams. Puikiai tinka sudirgusiai ir paraudusiai galvos odai raminti, padidinto prakaitavimo (hiperidroz\u0117s) atveju, \u0161alina sausas pleiskanas. Sud\u0117tyje gausu augalini\u0173 ekstrakt\u0173 ir 100% \u0161vari\u0173 eterini\u0173 aliej\u0173, kurie dr\u0117kina plaukus. Jie tampa sveiki, \u017evilgantys ir mink\u0161ti.<\/p>","protected":false},"featured_media":2321,"comment_status":"open","ping_status":"closed","template":"","meta":[],"product_brand":[],"product_cat":[35],"product_tag":[336,41,42,40,289],"class_list":{"0":"post-514","1":"product","2":"type-product","3":"status-publish","4":"has-post-thumbnail","6":"product_cat-naturalmente-sampunai","7":"product_tag-drekinimas","8":"product_tag-ekologiskas","9":"product_tag-naturalmente","10":"product_tag-sampunas","11":"product_tag-sausiems-plaukams","13":"first","14":"instock","15":"shipping-taxable","16":"purchasable","17":"product-type-variable"},"_links":{"self":[{"href":"https:\/\/rupa.lt\/en\/wp-json\/wp\/v2\/product\/514","targetHints":{"allow":["GET"]}}],"collection":[{"href":"https:\/\/rupa.lt\/en\/wp-json\/wp\/v2\/product"}],"about":[{"href":"https:\/\/rupa.lt\/en\/wp-json\/wp\/v2\/types\/product"}],"replies":[{"embeddable":true,"href":"https:\/\/rupa.lt\/en\/wp-json\/wp\/v2\/comments?post=514"}],"wp:featuredmedia":[{"embeddable":true,"href":"https:\/\/rupa.lt\/en\/wp-json\/wp\/v2\/media\/2321"}],"wp:attachment":[{"href":"https:\/\/rupa.lt\/en\/wp-json\/wp\/v2\/media?parent=514"}],"wp:term":[{"taxonomy":"product_brand","embeddable":true,"href":"https:\/\/rupa.lt\/en\/wp-json\/wp\/v2\/product_brand?post=514"},{"taxonomy":"product_cat","embeddable":true,"href":"https:\/\/rupa.lt\/en\/wp-json\/wp\/v2\/product_cat?post=514"},{"taxonomy":"product_tag","embeddable":true,"href":"https:\/\/rupa.lt\/en\/wp-json\/wp\/v2\/product_tag?post=514"}],"curies":[{"name":"wp","href":"https:\/\/api.w.org\/{rel}","templated":true}]}}