{"id":509,"date":"2016-03-09T13:38:38","date_gmt":"2016-03-09T11:38:38","guid":{"rendered":"http:\/\/ekokirpeja.lt\/shop\/naturalmente\/sampunai\/alaviju-ir-sandalmedzio-sampunas\/"},"modified":"2024-10-22T14:45:03","modified_gmt":"2024-10-22T11:45:03","slug":"alaviju-ir-sandalmedzio-sampunas","status":"publish","type":"product","link":"https:\/\/rupa.lt\/en\/product\/alaviju-ir-sandalmedzio-sampunas\/","title":{"rendered":"Alavij\u0173 ir sandalmed\u017eio \u0161amp\u016bnas"},"content":{"rendered":"<p><strong>INCI<\/strong><strong>:<\/strong>\u00a0Aqua [Water] (Eau), Zinc coceth sulfate, Cocamidopropyl betaine, Maris sal, Aloe Barbadensis Extract (*), \u00a0Santalum album (Sandalwood) oil, Lavandula angustifolia (Lavender) oil (*), Lavandula angustifolia (Lavender) flower extract (*), Malva sylvestris (Mallow) extract (*), Amyris balsamifera bark oil, Pelargonium graveolens oil, Pogostemon cablin oil, Panthenol, Tocopherol, Ascorbyl Palmitate, Disodium capryloyl glutamate, Decyl glucoside, Lactic acid, Sodium olivamphoacetate, Coco-glucoside, Glyceryl oleate, Glycerin, Guar hydroxypropyltrimonium chloride, Linalool, Citronellol, Lecithin, Geraniol, Limonene, Citric acid.<\/p>\n<p>* ekologi\u0161ki ingredientai<\/p>\n<p><em>Be sintetini\u0173 kvap\u0173, konservant\u0173, paraben\u0173, DEA, formaldehidini\u0173 pried\u0173 ir SLS. Saugant vandenyn\u0173 flor\u0105 ir faun\u0105 \u0161io produkto sud\u0117tyje n\u0117ra EDTA.<\/em><\/p>\n<table class=\"shop_attributes\">\n<tbody>\n<tr class=\"attr_pakuote_ekologiska\">\n<th><\/th>\n<td><span class=\"val_eko_pakuote\">\u00a0flakonas, \u012f kur\u012f i\u0161pilstytas produktas, pagamintas i\u0161 perdirbto plastiko. 500ml pakuot\u0117 i\u0161 aliuminio.<\/span><\/td>\n<\/tr>\n<\/tbody>\n<\/table>\n","protected":false},"excerpt":{"rendered":"<h2>Aloe e Sandalo<\/h2>\n<p><strong>Praturtintas multivitaminais \/ subalansuojantis<\/strong><br \/>\n100% augaliniu pagrindu, praturtintas multivita- minais ir augalin\u0117s kilm\u0117s baltymais, od\u0105 subalan- suojantis ir maitinamasis \u0161amp\u016bnas. D\u0117l maitina- mojo ir sen\u0117jim\u0105 stabdan\u010dio efekto puikiai tinka normaliems, pa\u017eeistiems ir chemi\u0161kai paveiktiems plaukams. Sud\u0117tyje gausu augalini\u0173 ekstrakt\u0173 ir 100% \u0161vari\u0173 eterini\u0173 aliej\u0173, d\u0117l kuri\u0173 plaukai tampa sveiki, tvirti ir \u017evilgantys.<\/p>\n<p><strong>Sud\u0117tyje<\/strong>:<br \/>\nAlavijas: proteinai, vitaminai, mineralin\u0117s druskos.<br \/>\nSandalmedis: spartina plauk\u0173 regeneracij\u0105, valo.<br \/>\nLevanda: valo, ramina, nuo plauk\u0173 slinkimo.<\/p>\n<p>&nbsp;<\/p>","protected":false},"featured_media":2322,"comment_status":"open","ping_status":"closed","template":"","meta":[],"product_brand":[],"product_cat":[35],"product_tag":[343,41,344,42,40],"class_list":{"0":"post-509","1":"product","2":"type-product","3":"status-publish","4":"has-post-thumbnail","6":"product_cat-naturalmente-sampunai","7":"product_tag-atstatymas","8":"product_tag-ekologiskas","9":"product_tag-maitinimas","10":"product_tag-naturalmente","11":"product_tag-sampunas","13":"first","14":"instock","15":"shipping-taxable","16":"purchasable","17":"product-type-variable"},"_links":{"self":[{"href":"https:\/\/rupa.lt\/en\/wp-json\/wp\/v2\/product\/509","targetHints":{"allow":["GET"]}}],"collection":[{"href":"https:\/\/rupa.lt\/en\/wp-json\/wp\/v2\/product"}],"about":[{"href":"https:\/\/rupa.lt\/en\/wp-json\/wp\/v2\/types\/product"}],"replies":[{"embeddable":true,"href":"https:\/\/rupa.lt\/en\/wp-json\/wp\/v2\/comments?post=509"}],"wp:featuredmedia":[{"embeddable":true,"href":"https:\/\/rupa.lt\/en\/wp-json\/wp\/v2\/media\/2322"}],"wp:attachment":[{"href":"https:\/\/rupa.lt\/en\/wp-json\/wp\/v2\/media?parent=509"}],"wp:term":[{"taxonomy":"product_brand","embeddable":true,"href":"https:\/\/rupa.lt\/en\/wp-json\/wp\/v2\/product_brand?post=509"},{"taxonomy":"product_cat","embeddable":true,"href":"https:\/\/rupa.lt\/en\/wp-json\/wp\/v2\/product_cat?post=509"},{"taxonomy":"product_tag","embeddable":true,"href":"https:\/\/rupa.lt\/en\/wp-json\/wp\/v2\/product_tag?post=509"}],"curies":[{"name":"wp","href":"https:\/\/api.w.org\/{rel}","templated":true}]}}