{"id":11179,"date":"2026-04-11T13:32:22","date_gmt":"2026-04-11T10:32:22","guid":{"rendered":"https:\/\/rupa.lt\/?post_type=product&#038;p=11179"},"modified":"2026-04-11T14:10:50","modified_gmt":"2026-04-11T11:10:50","slug":"oway-curly-hair-combing-cream","status":"publish","type":"product","link":"https:\/\/rupa.lt\/en\/product\/oway-curly-hair-combing-cream\/","title":{"rendered":"OWAY curly hair combing cream- garban\u0173 i\u0161\u0161ukavimo kremas"},"content":{"rendered":"<p><strong>NAUDOJIMAS:<\/strong><\/p>\n<p data-start=\"96\" data-end=\"138\"><strong data-start=\"96\" data-end=\"138\">Vienas produktas, du naudojimo b\u016bdai:<\/strong><\/p>\n<p data-start=\"140\" data-end=\"289\">\u2022 <strong data-start=\"142\" data-end=\"157\">Nuplaunamas &#8211; <\/strong>Tepkite ant dr\u0117gn\u0173, i\u0161plaut\u0173 plauk\u0173, palaikykite 2\u20133 minutes ir nuskalaukite. Suteikia lengv\u0105, maitinan\u010di\u0105 kondicionavimo efekt\u0105.<\/p>\n<p data-start=\"291\" data-end=\"460\" data-is-last-node=\"\" data-is-only-node=\"\">\u2022 <strong data-start=\"293\" data-end=\"310\">Nenuplaunamas<\/strong> &#8211; Tepkite ant \u0161lapi\u0173 plauk\u0173, paskirstykite per ma\u017eas sruogas ir formuokite \u0161ukuosen\u0105. Garbanos tampa ry\u0161kesn\u0117s, elastingos ir apsaugotos nuo dr\u0117gm\u0117s.<\/p>\n<div data-wp-editing=\"1\">\n<p><strong><strong>Aromatas:<\/strong><\/strong><\/p>\n<p data-start=\"67\" data-end=\"281\"><strong data-start=\"67\" data-end=\"281\">Gyvybingas ry\u0161ki\u0173 citrus\u0173 ir \u0161ilt\u0173 prieskoni\u0173 derinys: mandarinai, bergamot\u0117s, kardamonas, juodieji pipirai, muskatas, kalendra, pelargonija, petitgrain ir pa\u010diulis susilieja \u012f rafinuot\u0105 ir dinami\u0161k\u0105 harmonij\u0105.<\/strong><\/p>\n<p data-start=\"283\" data-end=\"462\" data-is-last-node=\"\" data-is-only-node=\"\"><strong data-start=\"283\" data-end=\"462\" data-is-last-node=\"\">Kremo tekst\u016bra \u2013 \u0161velni ir lengva, tod\u0117l \u0161ukos lengvai slysta plaukais.<br data-start=\"356\" data-end=\"359\" \/>Garbanos tampa mink\u0161tesn\u0117s, elastingesn\u0117s, lengviau suvaldomos, o dr\u0117gm\u0117s balansas i\u0161lieka optimalus.<\/strong><\/p>\n<\/div>\n<div data-wp-editing=\"1\"><\/div>\n<div data-wp-editing=\"1\"><\/div>\n<div data-wp-editing=\"1\"><\/div>","protected":false},"excerpt":{"rendered":"<p style=\"color: #91da1f;\"><strong>twist&#8217;n curl<\/strong><\/p>\n<p><a href=\"https:\/\/rupa.lt\/en\/product\/nerudijancio-plieno-dozatorius\/\"><strong>OWAY<\/strong><\/a><a href=\"https:\/\/rupa.lt\/en\/product\/nerudijancio-plieno-dozatorius\/\"><strong> curl<\/strong><\/a><a href=\"https:\/\/rupa.lt\/en\/product\/nerudijancio-plieno-dozatorius\/\"><strong>y<\/strong><\/a><a href=\"https:\/\/rupa.lt\/en\/product\/nerudijancio-plieno-dozatorius\/\"><strong> hair combing cream<\/strong>\u00a0&#8211; 2 viename kremas garbanoms. Palengvina i\u0161\u0161ukavim\u0105, dr\u0117kina, kondicionuoja, \u0161velnina ir padeda i\u0161laikyti tvarkingas, lengvas garbanas.<\/a><\/p>\n<p><strong>240ml- stikliniame buteliuke<\/strong><\/p>\n<p><em><a href=\"https:\/\/rupa.lt\/en\/product\/nerudijancio-plieno-dozatorius\/\">\u012esigyti metalin\u012f dozatori\u0173 prie buteliuko\u00a0<\/a><\/em><\/p>\n<ul class=\"grid grid-cols-2 gap-x-3 gap-y-5 md:gap-y-2\">\n<li class=\"paragraph-2 relative flex items-center pl-3 font-sans leading-4 opacity-50 before:absolute before:left-0 before:top-1\/2 before:size-1 before:-translate-y-1\/2 before:rounded-full before:bg-oway-dark\"><span class=\"inline-block\">Agricosmetica\u00ae<\/span><\/li>\n<li class=\"paragraph-2 relative flex items-center pl-3 font-sans leading-4 opacity-50 before:absolute before:left-0 before:top-1\/2 before:size-1 before:-translate-y-1\/2 before:rounded-full before:bg-oway-dark\"><span class=\"inline-block\">Eteriniai aliejai<\/span><\/li>\n<li class=\"paragraph-2 relative flex items-center pl-3 font-sans leading-4 opacity-50 before:absolute before:left-0 before:top-1\/2 before:size-1 before:-translate-y-1\/2 before:rounded-full before:bg-oway-dark\"><span class=\"inline-block\">Stiklas ir Aliuminis<\/span><\/li>\n<li class=\"paragraph-2 relative flex items-center pl-3 font-sans leading-4 opacity-50 before:absolute before:left-0 before:top-1\/2 before:size-1 before:-translate-y-1\/2 before:rounded-full before:bg-oway-dark\"><span class=\"inline-block\">Pagaminta Italijoje<\/span><\/li>\n<li class=\"paragraph-2 relative flex items-center pl-3 font-sans leading-4 opacity-50 before:absolute before:left-0 before:top-1\/2 before:size-1 before:-translate-y-1\/2 before:rounded-full before:bg-oway-dark\"><span class=\"inline-block\">S\u0105moningai sukurta<\/span><\/li>\n<li class=\"paragraph-2 relative flex items-center pl-3 font-sans leading-4 opacity-50 before:absolute before:left-0 before:top-1\/2 before:size-1 before:-translate-y-1\/2 before:rounded-full before:bg-oway-dark\"><span class=\"inline-block\">Profesionalus produktas<\/span><\/li>\n<\/ul>\n<p>&nbsp;<\/p>\n<p>&nbsp;<\/p>","protected":false},"featured_media":11185,"comment_status":"open","ping_status":"closed","template":"","meta":[],"product_brand":[],"product_cat":[280,282],"product_tag":[331,350,353],"class_list":{"0":"post-11179","1":"product","2":"type-product","3":"status-publish","4":"has-post-thumbnail","6":"product_cat-oway","7":"product_cat-oway-kondicionieriai-kaukes","8":"product_tag-garbanotiems-plaukams","9":"product_tag-oway-kondicionierius","10":"product_tag-twistn-curl","12":"first","13":"instock","14":"shipping-taxable","15":"purchasable","16":"product-type-simple"},"_links":{"self":[{"href":"https:\/\/rupa.lt\/en\/wp-json\/wp\/v2\/product\/11179","targetHints":{"allow":["GET"]}}],"collection":[{"href":"https:\/\/rupa.lt\/en\/wp-json\/wp\/v2\/product"}],"about":[{"href":"https:\/\/rupa.lt\/en\/wp-json\/wp\/v2\/types\/product"}],"replies":[{"embeddable":true,"href":"https:\/\/rupa.lt\/en\/wp-json\/wp\/v2\/comments?post=11179"}],"wp:featuredmedia":[{"embeddable":true,"href":"https:\/\/rupa.lt\/en\/wp-json\/wp\/v2\/media\/11185"}],"wp:attachment":[{"href":"https:\/\/rupa.lt\/en\/wp-json\/wp\/v2\/media?parent=11179"}],"wp:term":[{"taxonomy":"product_brand","embeddable":true,"href":"https:\/\/rupa.lt\/en\/wp-json\/wp\/v2\/product_brand?post=11179"},{"taxonomy":"product_cat","embeddable":true,"href":"https:\/\/rupa.lt\/en\/wp-json\/wp\/v2\/product_cat?post=11179"},{"taxonomy":"product_tag","embeddable":true,"href":"https:\/\/rupa.lt\/en\/wp-json\/wp\/v2\/product_tag?post=11179"}],"curies":[{"name":"wp","href":"https:\/\/api.w.org\/{rel}","templated":true}]}}