{"id":10981,"date":"2026-01-30T12:31:28","date_gmt":"2026-01-30T10:31:28","guid":{"rendered":"https:\/\/rupa.lt\/?post_type=product&#038;p=10981"},"modified":"2026-01-30T13:10:22","modified_gmt":"2026-01-30T11:10:22","slug":"oway-bluemoon-hair-mask-melyna-plauku-kauke","status":"publish","type":"product","link":"https:\/\/rupa.lt\/en\/product\/oway-bluemoon-hair-mask-melyna-plauku-kauke\/","title":{"rendered":"OWAY -bluemoon hair mask- blue hair mask"},"content":{"rendered":"<p><strong>NAUDOJIMAS: <\/strong>Po plovimo ir, jei reikia, nuskalaujamo kondicionieriaus naudojimo, nusausinkite plaukus rank\u0161luos\u010diu, kad pa\u0161alintum\u0117te vandens pertekli\u0173. M\u016bv\u0117kite apsaugines pir\u0161tines ir reikiam\u0105 kiek\u012f kauk\u0117s \u012fsid\u0117kite \u012f deln\u0105. Kitos rankos pir\u0161tais palaipsniui imkite produkt\u0105 ir tepkite sruoga po sruogos, kelias minutes \u0161velniai masa\u017euodami nuo \u0161akn\u0173 iki galiuk\u0173. I\u0161\u0161ukuokite, kad pasiskirstyt\u0173 tolygiai. Palikite 5\u201310 minu\u010di\u0173, vizualiai steb\u0117dami rezultat\u0105, tuomet kruop\u0161\u010diai nuskalaukite. Ilginant poveikio laik\u0105, atspalvio intensyvumas did\u0117ja.<\/p>\n<p data-start=\"555\" data-end=\"682\" data-is-last-node=\"\" data-is-only-node=\"\"><strong data-start=\"555\" data-end=\"586\">Rekomenduojamas naudojimas:<\/strong><br data-start=\"586\" data-end=\"589\" \/>\u2013 Kart\u0105 per savait\u0119, kol pasiekiamas norimas atspalvis.<br data-start=\"644\" data-end=\"647\" data-is-only-node=\"\" \/>\u2013 Palaikymui: kart\u0105 per 2 savaites.<\/p>\n<p><strong>Aromat\u0173 puok\u0161t\u0117<br \/>\n<\/strong>Citrusinis mandarin\u0173, bergamo\u010di\u0173, apelsin\u0173 ir citrin\u0173 aromatas susilieja su prieskonin\u0117mis muskato rie\u0161uto, gvazdik\u0117lio, imbiero ir ho medienos natomis, o kompozicij\u0105 u\u017ebaigia \u0161ilti, medienos ir muskuso atspalviai \u2013 vanil\u0117s, pa\u010diuli\u0173 ir kedro.<\/p>\n<p>&nbsp;<\/p>\n<div class=\"row inner inner-row d-flex justify-content-left row-certificazioni\">\n<div class=\"col-md-2 col-4\"><\/div>\n<\/div>\n<div class=\"row inner inner-row\">\n<div class=\"col-12 ow-formulas\">\n<div class=\"cta-underline\"><\/div>\n<\/div>\n<\/div>","protected":false},"excerpt":{"rendered":"<p class=\"product_title entry-title\">OWAY m\u0117lynoji kauk\u0117 pad\u0117s pary\u0161kinti spalv\u0105 ir suteiks blizgesio. Ji skirta \u0161altam \u0161viesi\u0173 plauk\u0173 tonui palaikyti.<\/p>\n<p><strong><em>160ml<\/em><\/strong><\/p>\n<ul class=\"grid grid-cols-2 gap-x-3 gap-y-5 md:gap-y-2\">\n<li class=\"paragraph-2 relative flex items-center pl-3 font-sans leading-4 opacity-50 before:absolute before:left-0 before:top-1\/2 before:size-1 before:-translate-y-1\/2 before:rounded-full before:bg-oway-dark\"><span class=\"inline-block\">Agricosmetica\u00ae<\/span><\/li>\n<li class=\"paragraph-2 relative flex items-center pl-3 font-sans leading-4 opacity-50 before:absolute before:left-0 before:top-1\/2 before:size-1 before:-translate-y-1\/2 before:rounded-full before:bg-oway-dark\"><span class=\"inline-block\">Eteriniai aliejai<\/span><\/li>\n<li class=\"paragraph-2 relative flex items-center pl-3 font-sans leading-4 opacity-50 before:absolute before:left-0 before:top-1\/2 before:size-1 before:-translate-y-1\/2 before:rounded-full before:bg-oway-dark\"><span class=\"inline-block\">Stiklas ir Aliuminis<\/span><\/li>\n<li class=\"paragraph-2 relative flex items-center pl-3 font-sans leading-4 opacity-50 before:absolute before:left-0 before:top-1\/2 before:size-1 before:-translate-y-1\/2 before:rounded-full before:bg-oway-dark\"><span class=\"inline-block\">Pagaminta Italijoje<\/span><\/li>\n<li class=\"paragraph-2 relative flex items-center pl-3 font-sans leading-4 opacity-50 before:absolute before:left-0 before:top-1\/2 before:size-1 before:-translate-y-1\/2 before:rounded-full before:bg-oway-dark\"><span class=\"inline-block\">S\u0105moningai sukurta<\/span><\/li>\n<li class=\"paragraph-2 relative flex items-center pl-3 font-sans leading-4 opacity-50 before:absolute before:left-0 before:top-1\/2 before:size-1 before:-translate-y-1\/2 before:rounded-full before:bg-oway-dark\"><span class=\"inline-block\">Profesionalus produktas<\/span><\/li>\n<\/ul>","protected":false},"featured_media":10988,"comment_status":"open","ping_status":"closed","template":"","meta":[],"product_brand":[],"product_cat":[280,282],"product_tag":[284,311],"class_list":{"0":"post-10981","1":"product","2":"type-product","3":"status-publish","4":"has-post-thumbnail","6":"product_cat-oway","7":"product_cat-oway-kondicionieriai-kaukes","8":"product_tag-oway","9":"product_tag-sviesintiems-plaukams","11":"first","12":"onbackorder","13":"shipping-taxable","14":"purchasable","15":"product-type-simple"},"_links":{"self":[{"href":"https:\/\/rupa.lt\/en\/wp-json\/wp\/v2\/product\/10981","targetHints":{"allow":["GET"]}}],"collection":[{"href":"https:\/\/rupa.lt\/en\/wp-json\/wp\/v2\/product"}],"about":[{"href":"https:\/\/rupa.lt\/en\/wp-json\/wp\/v2\/types\/product"}],"replies":[{"embeddable":true,"href":"https:\/\/rupa.lt\/en\/wp-json\/wp\/v2\/comments?post=10981"}],"wp:featuredmedia":[{"embeddable":true,"href":"https:\/\/rupa.lt\/en\/wp-json\/wp\/v2\/media\/10988"}],"wp:attachment":[{"href":"https:\/\/rupa.lt\/en\/wp-json\/wp\/v2\/media?parent=10981"}],"wp:term":[{"taxonomy":"product_brand","embeddable":true,"href":"https:\/\/rupa.lt\/en\/wp-json\/wp\/v2\/product_brand?post=10981"},{"taxonomy":"product_cat","embeddable":true,"href":"https:\/\/rupa.lt\/en\/wp-json\/wp\/v2\/product_cat?post=10981"},{"taxonomy":"product_tag","embeddable":true,"href":"https:\/\/rupa.lt\/en\/wp-json\/wp\/v2\/product_tag?post=10981"}],"curies":[{"name":"wp","href":"https:\/\/api.w.org\/{rel}","templated":true}]}}