{"id":10893,"date":"2025-12-05T19:56:54","date_gmt":"2025-12-05T17:56:54","guid":{"rendered":"https:\/\/rupa.lt\/?post_type=product&#038;p=10893"},"modified":"2026-02-20T11:31:05","modified_gmt":"2026-02-20T09:31:05","slug":"nerudijancio-plieno-dozatorius","status":"publish","type":"product","link":"https:\/\/rupa.lt\/en\/product\/nerudijancio-plieno-dozatorius\/","title":{"rendered":"OWAY &#8211; Ner\u016bdijan\u010dio plieno dozatorius"},"content":{"rendered":"<p>&nbsp;<\/p>\n<p>&nbsp;<\/p>\n<div class=\"row inner inner-row d-flex justify-content-left row-certificazioni\">\n<div class=\"col-md-2 col-4\"><\/div>\n<\/div>\n<div class=\"row inner inner-row\">\n<div class=\"col-12 ow-formulas\">\n<div class=\"cta-underline\"><\/div>\n<\/div>\n<\/div>","protected":false},"excerpt":{"rendered":"<h3 class=\"product_title entry-title\">OWAY-\u00a0Metal Dispenser 240ml<\/h3>\n<p>\u017dingsnis \u012f priek\u012f: su naujais ner\u016bdijan\u010dio plieno dozatoriais t\u0119siame nuosekl\u0173 \u017eingsn\u012f link pasaulio be plastiko. Tai patvari ir begalo perdirbama med\u017eiaga, pana\u0161i \u012f stiklinius butelius, kurie nuo 2013 m. saugo m\u016bs\u0173 agrikosmetini\u0173 formuli\u0173 vertingum\u0105.<\/p>\n<p>&nbsp;<\/p>\n<p><strong>\u012eSIGYJUS OWAY \u0161amp\u016bn\u0105 ar kondicionieri\u0173 dozatori\u0173 padovanosime!\u00a0<\/strong><\/p>\n<p>Pasi\u0173lymas galios ribot\u0105 laik\u0105. Jeigu \u012fsigyjote daugiau nei vien\u0105 \u0161amp\u016bn\u0105 ir kondicioniri\u0173 ir dozatori\u0173 norite daugiau nei dviej\u0173 papildomus dozatorius galite \u012fsigyti \u010dia. Dovan\u0173 prid\u0117sime vien\u0105 \u0161amp\u016bnui ir vien\u0105 kondicionieriui \ud83d\ude42 J\u0173 \u012f krep\u0161el\u012f d\u0117ti nereikia- tik papildomus.<\/p>","protected":false},"featured_media":10896,"comment_status":"open","ping_status":"closed","template":"","meta":[],"product_brand":[],"product_cat":[280,281,282,329],"product_tag":[284],"class_list":{"0":"post-10893","1":"product","2":"type-product","3":"status-publish","4":"has-post-thumbnail","6":"product_cat-oway","7":"product_cat-oway-sampunai","8":"product_cat-oway-kondicionieriai-kaukes","9":"product_cat-oway-prieziura-pries-ir-po-saules","10":"product_tag-oway","12":"first","13":"instock","14":"shipping-taxable","15":"purchasable","16":"product-type-simple"},"_links":{"self":[{"href":"https:\/\/rupa.lt\/en\/wp-json\/wp\/v2\/product\/10893","targetHints":{"allow":["GET"]}}],"collection":[{"href":"https:\/\/rupa.lt\/en\/wp-json\/wp\/v2\/product"}],"about":[{"href":"https:\/\/rupa.lt\/en\/wp-json\/wp\/v2\/types\/product"}],"replies":[{"embeddable":true,"href":"https:\/\/rupa.lt\/en\/wp-json\/wp\/v2\/comments?post=10893"}],"wp:featuredmedia":[{"embeddable":true,"href":"https:\/\/rupa.lt\/en\/wp-json\/wp\/v2\/media\/10896"}],"wp:attachment":[{"href":"https:\/\/rupa.lt\/en\/wp-json\/wp\/v2\/media?parent=10893"}],"wp:term":[{"taxonomy":"product_brand","embeddable":true,"href":"https:\/\/rupa.lt\/en\/wp-json\/wp\/v2\/product_brand?post=10893"},{"taxonomy":"product_cat","embeddable":true,"href":"https:\/\/rupa.lt\/en\/wp-json\/wp\/v2\/product_cat?post=10893"},{"taxonomy":"product_tag","embeddable":true,"href":"https:\/\/rupa.lt\/en\/wp-json\/wp\/v2\/product_tag?post=10893"}],"curies":[{"name":"wp","href":"https:\/\/api.w.org\/{rel}","templated":true}]}}