{"id":10537,"date":"2024-11-03T16:33:42","date_gmt":"2024-11-03T14:33:42","guid":{"rendered":"https:\/\/rupa.lt\/?post_type=product&#038;p=10537"},"modified":"2026-02-20T18:25:52","modified_gmt":"2026-02-20T16:25:52","slug":"oway-funest-fluid","status":"publish","type":"product","link":"https:\/\/rupa.lt\/en\/product\/oway-funest-fluid\/","title":{"rendered":"OWAY FINEST FLUID- mink\u0161tinamasis fluidas"},"content":{"rendered":"<ul>\n<li>Tinka vis\u0173 tip\u0173 plaukams<\/li>\n<li>\u00a0Neleid\u017eia plaukams p\u016bstis<\/li>\n<li>Mink\u0161tina, maitina ir dr\u0117kina plaukus, ta\u010diau j\u0173 neapsunkina<\/li>\n<\/ul>\n<p><strong>Patarimai<br \/>\n<\/strong>\u2022 D\u0117l lengvos konsistencijos tinka ir ploniems plaukams.<br \/>\n\u2022 Naudojant kaip formavimo priemon\u0119 suteikia \u017evilgesio.<\/p>\n<p>&nbsp;<\/p>\n<p><strong>NAUDOJIMAS:<\/strong> Purk\u0161kite ant dr\u0117gn\u0173 plauk\u0173 30cm atstumu. Paskirstykite ant plauk\u0173 \u0161ukomis arba pir\u0161tais. I\u0161d\u017eiovinkite ir formuokite, kaip \u012fprastai. Gali b\u016bti naudojamas ir kaip \u017evilgesio suteikianti formavimo priemon\u0117 ant saus\u0173 plauk\u0173.<\/p>\n<div data-wp-editing=\"1\"><\/div>\n<div data-wp-editing=\"1\"><\/div>\n<div data-wp-editing=\"1\"><\/div>\n<div data-wp-editing=\"1\"><\/div>\n<div data-wp-editing=\"1\"><\/div>\n<div data-wp-editing=\"1\"><strong>INCI<\/strong><strong>: <\/strong>Aqua\/Water\/Eau OZ Cetearyl Alcohol ND, Behentrimonium Chloride ND, Amodimethicone Amodimethicone\/Morpholinomethyl Silsesquioxane Copolymer Moonstone Extract ND, Iris Pallida Root Extract BD, Prunus Spinosa Fruit Extract O, Oryza sativa (Rice) extract FT, Citrus Aurantium Dulcis (Orange) Peel Extract ND, Rosmarinus Officinalis (Rosemary) Leaf Oil EO, Citrus Aurantium Amara (Bitter Orange) Leaf\/Twig Oil EO, Citrus Aurantium Dulcis (Orange) Peel Oil EO, Lavandula Hybrida Oil EO, Litsea Cubeba Fruit Oil EO, Mentha Arvensis (Wild Mint) Leaf Oil EO, Mentha Viridis (Spearmint) Leaf Oil EO, Citrus Limon (Lemon) Peel Oil EO, Commiphora Myrrha Gum Oil EO, Pelargonium Graveolens Flower Oil EO, Salvia Sclarea (Clary) Oil EO, Cetrimonium Chloride ND, Trideceth-5 ND, Trideceth-12 ND, Glycerin ND, Isopropyl Alcohol Benzyl Alcohol Glyceryl Laurate ND, Citric Acid ND, Sodium Benzoate Potassium Sorbate Limonene ND, Linalool ND, Citronellol ND, Geraniol ND, Citral ND, natural derived ingredients: 98,7% biodegradable ingredients: 97%<\/div>\n<div data-wp-editing=\"1\"><\/div>\n<div data-wp-editing=\"1\"><\/div>\n<div data-wp-editing=\"1\"><\/div>\n<div data-wp-editing=\"1\"><\/div>","protected":false},"excerpt":{"rendered":"<p>Fluidas mink\u0161tina, dr\u0117kina ir maitina plaukus j\u0173 neapsunkindamas bei neleid\u017eia plaukams p\u016bstis. Tinka vis\u0173 tip\u0173 plaukams.<\/p>\n<p>140ml- stikliniame buteliuke<\/p>\n<p>&nbsp;<\/p>","protected":false},"featured_media":10543,"comment_status":"open","ping_status":"closed","template":"","meta":[],"product_brand":[],"product_cat":[280,282],"product_tag":[336,288,275],"class_list":{"0":"post-10537","1":"product","2":"type-product","3":"status-publish","4":"has-post-thumbnail","6":"product_cat-oway","7":"product_cat-oway-kondicionieriai-kaukes","8":"product_tag-drekinimas","9":"product_tag-nenuskalaujamas-kondicionierius","10":"product_tag-sausiems-palukams","12":"first","13":"onbackorder","14":"shipping-taxable","15":"purchasable","16":"product-type-simple"},"_links":{"self":[{"href":"https:\/\/rupa.lt\/en\/wp-json\/wp\/v2\/product\/10537","targetHints":{"allow":["GET"]}}],"collection":[{"href":"https:\/\/rupa.lt\/en\/wp-json\/wp\/v2\/product"}],"about":[{"href":"https:\/\/rupa.lt\/en\/wp-json\/wp\/v2\/types\/product"}],"replies":[{"embeddable":true,"href":"https:\/\/rupa.lt\/en\/wp-json\/wp\/v2\/comments?post=10537"}],"wp:featuredmedia":[{"embeddable":true,"href":"https:\/\/rupa.lt\/en\/wp-json\/wp\/v2\/media\/10543"}],"wp:attachment":[{"href":"https:\/\/rupa.lt\/en\/wp-json\/wp\/v2\/media?parent=10537"}],"wp:term":[{"taxonomy":"product_brand","embeddable":true,"href":"https:\/\/rupa.lt\/en\/wp-json\/wp\/v2\/product_brand?post=10537"},{"taxonomy":"product_cat","embeddable":true,"href":"https:\/\/rupa.lt\/en\/wp-json\/wp\/v2\/product_cat?post=10537"},{"taxonomy":"product_tag","embeddable":true,"href":"https:\/\/rupa.lt\/en\/wp-json\/wp\/v2\/product_tag?post=10537"}],"curies":[{"name":"wp","href":"https:\/\/api.w.org\/{rel}","templated":true}]}}