{"id":10308,"date":"2024-06-07T10:51:24","date_gmt":"2024-06-07T07:51:24","guid":{"rendered":"https:\/\/rupa.lt\/?post_type=product&#038;p=10308"},"modified":"2026-02-20T20:42:20","modified_gmt":"2026-02-20T18:42:20","slug":"oway-rebuilding-hair-mask-atstatomoji-plauku-kauke","status":"publish","type":"product","link":"https:\/\/rupa.lt\/en\/product\/oway-rebuilding-hair-mask-atstatomoji-plauku-kauke\/","title":{"rendered":"OWAY -rebuildM+ hair mask- atstatomoji plauk\u0173 kauk\u0117"},"content":{"rendered":"<p><strong>NAUDOJIMAS:<\/strong> Paskirstykite ant dr\u0117gn\u0173 plauk\u0173. Tolygiai\u00a0paskirstykite ir palikite 5-10 minutes. Nuskalaukite.<\/p>\n<p>\u2022 Veikia sinergi\u0161kai su atstatan\u010dia plauk\u0173 vonele; svarbu naudoti abu produktus.<br \/>\n\u2022 Siekiant geriausio rezultato, prie\u0161 tepant atstatan\u010di\u0105 plauk\u0173 kauk\u0119 kruop\u0161\u010diai nusausinkite plaukus rank\u0161luos\u010diu.<\/p>\n<p><strong>Aromat\u0173 puok\u0161t\u0117<br \/>\n<\/strong>\u2022 Citrin\u0173 ir \u017eoleli\u0173 natos<\/p>\n<p>&nbsp;<\/p>\n<div class=\"row inner inner-row d-flex justify-content-left row-certificazioni\">\n<div class=\"col-md-2 col-4\"><\/div>\n<\/div>\n<div class=\"row inner inner-row\">\n<div class=\"col-12 ow-formulas\">\n<div class=\"cta-underline\"><\/div>\n<\/div>\n<\/div>","protected":false},"excerpt":{"rendered":"<p class=\"product_title entry-title\">OWAY atstatomoji kauk\u0117 atkuria baltymin\u0119 plauk\u0173 med\u017eiag\u0105, maitina, atstato ir u\u017edaro kutikul\u0119. Rezultatas- mink\u0161ti, sudr\u0117kinti plaukai.<\/p>\n<p><strong><em>160ml<\/em><\/strong><\/p>","protected":false},"featured_media":10965,"comment_status":"open","ping_status":"closed","template":"","meta":[],"product_brand":[],"product_cat":[280,282],"product_tag":[343,334,284,277,311],"class_list":{"0":"post-10308","1":"product","2":"type-product","3":"status-publish","4":"has-post-thumbnail","6":"product_cat-oway","7":"product_cat-oway-kondicionieriai-kaukes","8":"product_tag-atstatymas","9":"product_tag-chemiskai-paveiktiems-plaukams","10":"product_tag-oway","11":"product_tag-pazeistiems-plaukams","12":"product_tag-sviesintiems-plaukams","14":"first","15":"instock","16":"shipping-taxable","17":"purchasable","18":"product-type-simple"},"_links":{"self":[{"href":"https:\/\/rupa.lt\/en\/wp-json\/wp\/v2\/product\/10308","targetHints":{"allow":["GET"]}}],"collection":[{"href":"https:\/\/rupa.lt\/en\/wp-json\/wp\/v2\/product"}],"about":[{"href":"https:\/\/rupa.lt\/en\/wp-json\/wp\/v2\/types\/product"}],"replies":[{"embeddable":true,"href":"https:\/\/rupa.lt\/en\/wp-json\/wp\/v2\/comments?post=10308"}],"wp:featuredmedia":[{"embeddable":true,"href":"https:\/\/rupa.lt\/en\/wp-json\/wp\/v2\/media\/10965"}],"wp:attachment":[{"href":"https:\/\/rupa.lt\/en\/wp-json\/wp\/v2\/media?parent=10308"}],"wp:term":[{"taxonomy":"product_brand","embeddable":true,"href":"https:\/\/rupa.lt\/en\/wp-json\/wp\/v2\/product_brand?post=10308"},{"taxonomy":"product_cat","embeddable":true,"href":"https:\/\/rupa.lt\/en\/wp-json\/wp\/v2\/product_cat?post=10308"},{"taxonomy":"product_tag","embeddable":true,"href":"https:\/\/rupa.lt\/en\/wp-json\/wp\/v2\/product_tag?post=10308"}],"curies":[{"name":"wp","href":"https:\/\/api.w.org\/{rel}","templated":true}]}}