{"id":10303,"date":"2024-06-07T10:41:57","date_gmt":"2024-06-07T07:41:57","guid":{"rendered":"https:\/\/rupa.lt\/?post_type=product&#038;p=10303"},"modified":"2026-02-20T15:14:47","modified_gmt":"2026-02-20T13:14:47","slug":"oway-rebuilding-hair-bath-atstatantis-sampunas","status":"publish","type":"product","link":"https:\/\/rupa.lt\/en\/product\/oway-rebuilding-hair-bath-atstatantis-sampunas\/","title":{"rendered":"OWAY rebuildM+ hair bath &#8211; atstatantis \u0161amp\u016bnas"},"content":{"rendered":"<p><strong>NAUDOJIMAS:<\/strong> Paskirstykite ant dr\u0117gn\u0173 plauk\u0173 (koncentrukit\u0117s ties galvos oda), \u012ftrinkite masa\u017euojamaisiais judesiais ir nuskalaukite. Jei reikia, kartokite.<\/p>\n<p><strong>AROMAT\u0172 PUOK\u0160T\u0116: levandos, citrina. <\/strong>Mi\u0161inys, kuriame dera subtilios g\u0117li\u0173 natos levand\u0173, skvarbus ir \u0161iek tiek saldus baziliko kvapas bei citrinos gaivumas, suteikiantis plaukams regeneruojan\u010dios ir restrukt\u016brizuojan\u010dios energijos.<\/p>\n<p>&nbsp;<\/p>\n<div data-wp-editing=\"1\">\n<h3 class=\"yikes-custom-woo-tab-title yikes-custom-woo-tab-title-aktyvus-ingredientai\">Aktyv\u016bs ingredientai<\/h3>\n<p>&nbsp;<\/p>\n<div class=\"page\" title=\"Page 101\">\n<div class=\"layoutArea\">\n<div class=\"column\">\n<div class=\"page\" title=\"Page 101\">\n<div class=\"layoutArea\">\n<div class=\"column\">\n<p><img loading=\"lazy\" decoding=\"async\" class=\"alignleft size-thumbnail wp-image-5422 entered lazyloaded\" src=\"https:\/\/karera.lt\/wp-content\/uploads\/2022\/07\/LEVANDAAA-150x150.png\" sizes=\"auto, (max-width: 150px) 100vw, 150px\" srcset=\"https:\/\/karera.lt\/wp-content\/uploads\/2022\/07\/LEVANDAAA-150x150.png 150w, https:\/\/karera.lt\/wp-content\/uploads\/2022\/07\/LEVANDAAA-300x300.png 300w, https:\/\/karera.lt\/wp-content\/uploads\/2022\/07\/LEVANDAAA.png 500w\" alt=\"\" width=\"150\" height=\"150\" data-lazy-srcset=\"https:\/\/karera.lt\/wp-content\/uploads\/2022\/07\/LEVANDAAA-150x150.png 150w, https:\/\/karera.lt\/wp-content\/uploads\/2022\/07\/LEVANDAAA-300x300.png 300w, https:\/\/karera.lt\/wp-content\/uploads\/2022\/07\/LEVANDAAA.png 500w\" data-lazy-sizes=\"(max-width: 150px) 100vw, 150px\" data-lazy-src=\"https:\/\/karera.lt\/wp-content\/uploads\/2022\/07\/LEVANDAAA-150x150.png\" data-ll-status=\"loaded\" \/><br \/>\nBIODINAMINIS LEVAND\u0172 ETERINIS ALIEJUS<br \/>\nAtkuria ir subalansuoja galvos od\u0105, plaukus ir bendrai vis\u0105 k\u016bn\u0105. Turi gaivinant\u012f, tonizuojant\u012f ir raminant\u012f poveik\u012f galvos odai ir plaukams. Aromaterapinis aromatas atpalaiduoja ir sukelia ramyb\u0117s jausm\u0105.<\/p>\n<p>&nbsp;<\/p>\n<div class=\"page\" title=\"Page 101\">\n<div class=\"layoutArea\">\n<div class=\"column\">\n<p>&nbsp;<\/p>\n<p>&nbsp;<\/p>\n<\/div>\n<\/div>\n<\/div>\n<\/div>\n<\/div>\n<\/div>\n<\/div>\n<\/div>\n<\/div>\n<\/div>\n<div data-wp-editing=\"1\"><\/div>\n<div data-wp-editing=\"1\"><\/div>\n<div data-wp-editing=\"1\"><\/div>\n<div data-wp-editing=\"1\"><img loading=\"lazy\" decoding=\"async\" class=\"aligncenter\" src=\"https:\/\/karera.lt\/wp-content\/uploads\/2021\/12\/galutinis-pav.-1024x279.png\" alt=\"\" width=\"1024\" height=\"279\" \/><\/div>","protected":false},"excerpt":{"rendered":"<p>OWAY \u0161amp\u016bnas \u0161velniai valo nepa\u017eeid\u017eiant galvos odos hidrolipidin\u0117s dangos. Atkuria chemi\u0161kai paveikt\u0173 ir pa\u017eeist\u0173 plauk\u0173 strukt\u016br\u0105.<\/p>\n<p>&nbsp;<\/p>\n<p><strong>240ml stikliniame buteliuke<\/strong><\/p>\n<p>&nbsp;<\/p>\n<ul class=\"grid grid-cols-2 gap-x-3 gap-y-5 md:gap-y-2\">\n<li class=\"paragraph-2 relative flex items-center pl-3 font-sans leading-4 opacity-50 before:absolute before:left-0 before:top-1\/2 before:size-1 before:-translate-y-1\/2 before:rounded-full before:bg-oway-dark\"><span class=\"inline-block\">Agricosmetica\u00ae<\/span><\/li>\n<li class=\"paragraph-2 relative flex items-center pl-3 font-sans leading-4 opacity-50 before:absolute before:left-0 before:top-1\/2 before:size-1 before:-translate-y-1\/2 before:rounded-full before:bg-oway-dark\"><span class=\"inline-block\">Eteriniai aliejai<\/span><\/li>\n<li class=\"paragraph-2 relative flex items-center pl-3 font-sans leading-4 opacity-50 before:absolute before:left-0 before:top-1\/2 before:size-1 before:-translate-y-1\/2 before:rounded-full before:bg-oway-dark\"><span class=\"inline-block\">Stiklas ir Aliuminis<\/span><\/li>\n<li class=\"paragraph-2 relative flex items-center pl-3 font-sans leading-4 opacity-50 before:absolute before:left-0 before:top-1\/2 before:size-1 before:-translate-y-1\/2 before:rounded-full before:bg-oway-dark\"><span class=\"inline-block\">Pagaminta Italijoje<\/span><\/li>\n<li class=\"paragraph-2 relative flex items-center pl-3 font-sans leading-4 opacity-50 before:absolute before:left-0 before:top-1\/2 before:size-1 before:-translate-y-1\/2 before:rounded-full before:bg-oway-dark\"><span class=\"inline-block\">S\u0105moningai sukurta<\/span><\/li>\n<li class=\"paragraph-2 relative flex items-center pl-3 font-sans leading-4 opacity-50 before:absolute before:left-0 before:top-1\/2 before:size-1 before:-translate-y-1\/2 before:rounded-full before:bg-oway-dark\"><span class=\"inline-block\">Profesionalus produktas<\/span><\/li>\n<\/ul>\n<p><em><a href=\"https:\/\/rupa.lt\/en\/product\/nerudijancio-plieno-dozatorius\/\">\u012esigyti metalin\u012f dozatori\u0173 prie buteliuko<\/a><\/em><\/p>","protected":false},"featured_media":10304,"comment_status":"open","ping_status":"closed","template":"","meta":[],"product_brand":[],"product_cat":[280,281],"product_tag":[343,277,40,311],"class_list":{"0":"post-10303","1":"product","2":"type-product","3":"status-publish","4":"has-post-thumbnail","6":"product_cat-oway","7":"product_cat-oway-sampunai","8":"product_tag-atstatymas","9":"product_tag-pazeistiems-plaukams","10":"product_tag-sampunas","11":"product_tag-sviesintiems-plaukams","13":"first","14":"instock","15":"shipping-taxable","16":"purchasable","17":"product-type-simple"},"_links":{"self":[{"href":"https:\/\/rupa.lt\/en\/wp-json\/wp\/v2\/product\/10303","targetHints":{"allow":["GET"]}}],"collection":[{"href":"https:\/\/rupa.lt\/en\/wp-json\/wp\/v2\/product"}],"about":[{"href":"https:\/\/rupa.lt\/en\/wp-json\/wp\/v2\/types\/product"}],"replies":[{"embeddable":true,"href":"https:\/\/rupa.lt\/en\/wp-json\/wp\/v2\/comments?post=10303"}],"wp:featuredmedia":[{"embeddable":true,"href":"https:\/\/rupa.lt\/en\/wp-json\/wp\/v2\/media\/10304"}],"wp:attachment":[{"href":"https:\/\/rupa.lt\/en\/wp-json\/wp\/v2\/media?parent=10303"}],"wp:term":[{"taxonomy":"product_brand","embeddable":true,"href":"https:\/\/rupa.lt\/en\/wp-json\/wp\/v2\/product_brand?post=10303"},{"taxonomy":"product_cat","embeddable":true,"href":"https:\/\/rupa.lt\/en\/wp-json\/wp\/v2\/product_cat?post=10303"},{"taxonomy":"product_tag","embeddable":true,"href":"https:\/\/rupa.lt\/en\/wp-json\/wp\/v2\/product_tag?post=10303"}],"curies":[{"name":"wp","href":"https:\/\/api.w.org\/{rel}","templated":true}]}}