{"id":1029,"date":"2016-07-07T12:29:55","date_gmt":"2016-07-07T09:29:55","guid":{"rendered":"http:\/\/ekokirpeja.lt\/shop\/naturalmente\/dekoratyvine-kosmetika\/kompaktiniai-akiu-seseliai\/"},"modified":"2023-02-11T21:33:18","modified_gmt":"2023-02-11T19:33:18","slug":"kompaktiniai-akiu-seseliai","status":"publish","type":"product","link":"https:\/\/rupa.lt\/en\/product\/kompaktiniai-akiu-seseliai\/","title":{"rendered":"Kompaktiniai aki\u0173 \u0161e\u0161\u0117liai"},"content":{"rendered":"<p>&nbsp;<\/p>\n<table class=\"makeuppalette\">\n<tbody>\n<tr>\n<td bgcolor=\"#FCEAE9\"><\/td>\n<td width=\"15px\"><\/td>\n<td bgcolor=\"#55311B\"><\/td>\n<td width=\"15px\"><\/td>\n<td bgcolor=\"#D5A77C\"><\/td>\n<td width=\"15px\"><\/td>\n<td bgcolor=\"#B5704D\"><\/td>\n<td width=\"15px\"><\/td>\n<td bgcolor=\"#D7A6C9\"><\/td>\n<\/tr>\n<tr>\n<td><strong>Ivory<br \/>\nPearl 01<\/strong><\/td>\n<td><\/td>\n<td><strong>Sweet<br \/>\nChocolate 02<\/strong><\/td>\n<td><\/td>\n<td><strong>Sand<br \/>\nMatt 03<\/strong><\/td>\n<td><\/td>\n<td><strong>Pottery<br \/>\nPearl 04<\/strong><\/td>\n<td><\/td>\n<td><strong>Pink<br \/>\nMatt 05<\/strong><\/td>\n<\/tr>\n<tr>\n<td bgcolor=\"#711E71\"><\/td>\n<td width=\"15px\"><\/td>\n<td bgcolor=\"#000000\"><\/td>\n<td width=\"15px\"><\/td>\n<td bgcolor=\"#8E113B\"><\/td>\n<td width=\"15px\"><\/td>\n<td bgcolor=\"#454C51\"><\/td>\n<td width=\"15px\"><\/td>\n<td bgcolor=\"#BA8647\"><\/td>\n<\/tr>\n<tr>\n<td><strong>Italian<br \/>\nWine 06<\/strong><\/td>\n<td><\/td>\n<td><strong>Carbon<br \/>\nBlack 07<\/strong><\/td>\n<td><\/td>\n<td><strong>Purple<br \/>\nPearl 08<\/strong><\/td>\n<td><\/td>\n<td><strong>Smoky<br \/>\nMatt 09<\/strong><\/td>\n<td><\/td>\n<td><strong>Bronze<br \/>\nPearl 10<\/strong><\/td>\n<\/tr>\n<\/tbody>\n<\/table>\n<p>&nbsp;<\/p>\n<p>Sud\u0117tis: Mica, talc, squalane, prunus armeniaca seed powder (prunus armeniaca<br \/>\n(apricot) seed powder)*, zea mays starch (zea mays (corn) starch)*, zinc<br \/>\nstearate, tocopherol, helianthus annuus seed oil (helianthus annuus (sunflower)<br \/>\nseed oil)*, parfum (fragrance), citrus aurantium dulcis peel oil (citrus<br \/>\naurantium dulcis (orange) peel oil)*, benzyl alcohol, dehydroacetic acid,<br \/>\nlinalool, limonene.<br \/>\nMay contain +\/- ci 77891 (titanium dioxide), ci 77491 (iron oxides), ci<br \/>\n77492 (iron oxides), ci 77499 (iron oxides), ci 77510 (ferric ferrocyanide),<br \/>\nci 77007 (ultramarines), ci 77288 (chromium oxide green), ci 77289<br \/>\n(chromium hydroxide green), ci 77742 (manganese violet), ci 19140 (yellow<br \/>\n5).<\/p>","protected":false},"excerpt":{"rendered":"<h2>| Eyes | Eye shadow<\/h2>\n<p><strong>Kompaktiniai aki\u0173 \u0161e\u0161\u0117liai, matiniai ir perlamutriniai nat\u016brali\u0173 abrikos\u0173 s\u0117kl\u0173 milteli\u0173 pagrindu \u00a02,5gr<\/strong><br \/>\nLengvai u\u017etepami, milteliai \u0161veln\u016bs ir subtil\u016bs, \u0161e\u0161\u0117liai matin\u0117s tekst\u016bros, galima tirpinti vandenyje, kad efektas b\u016bt\u0173 ry\u0161kesnis, patariama naudoti tam skirtus \u0161epet\u0117lius.<\/p>","protected":false},"featured_media":1030,"comment_status":"open","ping_status":"closed","template":"","meta":[],"product_brand":[],"product_cat":[58],"product_tag":[],"class_list":{"0":"post-1029","1":"product","2":"type-product","3":"status-publish","4":"has-post-thumbnail","6":"product_cat-dekoratyvine-kosmetika","8":"first","9":"outofstock","10":"shipping-taxable","11":"purchasable","12":"product-type-simple"},"_links":{"self":[{"href":"https:\/\/rupa.lt\/en\/wp-json\/wp\/v2\/product\/1029","targetHints":{"allow":["GET"]}}],"collection":[{"href":"https:\/\/rupa.lt\/en\/wp-json\/wp\/v2\/product"}],"about":[{"href":"https:\/\/rupa.lt\/en\/wp-json\/wp\/v2\/types\/product"}],"replies":[{"embeddable":true,"href":"https:\/\/rupa.lt\/en\/wp-json\/wp\/v2\/comments?post=1029"}],"wp:featuredmedia":[{"embeddable":true,"href":"https:\/\/rupa.lt\/en\/wp-json\/wp\/v2\/media\/1030"}],"wp:attachment":[{"href":"https:\/\/rupa.lt\/en\/wp-json\/wp\/v2\/media?parent=1029"}],"wp:term":[{"taxonomy":"product_brand","embeddable":true,"href":"https:\/\/rupa.lt\/en\/wp-json\/wp\/v2\/product_brand?post=1029"},{"taxonomy":"product_cat","embeddable":true,"href":"https:\/\/rupa.lt\/en\/wp-json\/wp\/v2\/product_cat?post=1029"},{"taxonomy":"product_tag","embeddable":true,"href":"https:\/\/rupa.lt\/en\/wp-json\/wp\/v2\/product_tag?post=1029"}],"curies":[{"name":"wp","href":"https:\/\/api.w.org\/{rel}","templated":true}]}}