{"id":10255,"date":"2024-05-01T09:12:42","date_gmt":"2024-05-01T06:12:42","guid":{"rendered":"https:\/\/rupa.lt\/?post_type=product&#038;p=10255"},"modified":"2026-04-01T13:42:06","modified_gmt":"2026-04-01T10:42:06","slug":"oway-micro-stimulating-hair-bath-sampunas-nuo-plauku-slinkimo","status":"publish","type":"product","link":"https:\/\/rupa.lt\/en\/product\/oway-micro-stimulating-hair-bath-sampunas-nuo-plauku-slinkimo\/","title":{"rendered":"OWAY micro-stimulating hair bath &#8211; \u0161amp\u016bnas nuo plauk\u0173 slinkimo"},"content":{"rendered":"<p><strong>NAUDOJIMAS:<\/strong> Paskirstykite ant dr\u0117gn\u0173 plauk\u0173 (koncentrukit\u0117s ties galvos oda), \u012ftrinkite masa\u017euojamaisiais judesiais ir nuskalaukite. Jei reikia, kartokite.<\/p>\n<h3 class=\"yikes-custom-woo-tab-title yikes-custom-woo-tab-title-aktyvus-ingredientai\">Aktyv\u016bs ingredientai<\/h3>\n<div class=\"page\" title=\"Page 98\">\n<div class=\"layoutArea\">\n<div class=\"column\">\n<p><img loading=\"lazy\" decoding=\"async\" class=\"alignleft size-thumbnail wp-image-5423 entered lazyloaded\" src=\"https:\/\/karera.lt\/wp-content\/uploads\/2022\/07\/MENTAAA-150x150.png\" sizes=\"auto, (max-width: 150px) 100vw, 150px\" srcset=\"https:\/\/karera.lt\/wp-content\/uploads\/2022\/07\/MENTAAA-150x150.png 150w, https:\/\/karera.lt\/wp-content\/uploads\/2022\/07\/MENTAAA-300x300.png 300w, https:\/\/karera.lt\/wp-content\/uploads\/2022\/07\/MENTAAA.png 500w\" alt=\"\" width=\"150\" height=\"150\" data-lazy-srcset=\"https:\/\/karera.lt\/wp-content\/uploads\/2022\/07\/MENTAAA-150x150.png 150w, https:\/\/karera.lt\/wp-content\/uploads\/2022\/07\/MENTAAA-300x300.png 300w, https:\/\/karera.lt\/wp-content\/uploads\/2022\/07\/MENTAAA.png 500w\" data-lazy-sizes=\"(max-width: 150px) 100vw, 150px\" data-lazy-src=\"https:\/\/karera.lt\/wp-content\/uploads\/2022\/07\/MENTAAA-150x150.png\" data-ll-status=\"loaded\" \/><br \/>\nBIODINAMINIS PIPIRM\u0116\u010cI\u0172 ETERINIS ALIEJUS\u00a0IR MENTOLIO EKSTRAKTAS<br \/>\n\u0160ios med\u017eiagos aktyvina ir atnaujina mikrocirkuliacij\u0105 akimirksniu suteikdamos gaivumo ir gerov\u0117s poj\u016bt\u012f. Galvos odai jos turi sutriaukiam\u0105j\u012f ir valant\u012f poveik\u012f. Akimirksniu suteikia gaivumo poj\u016bt\u012f ir pasi\u017eymi stipriomis nie\u017e\u0117jim\u0105 slopinan\u010diomis savyb\u0117mis.<\/p>\n<p>&nbsp;<\/p>\n<p>&nbsp;<\/p>\n<p><img loading=\"lazy\" decoding=\"async\" class=\"alignleft size-thumbnail wp-image-5441 entered lazyloaded\" src=\"https:\/\/karera.lt\/wp-content\/uploads\/2022\/07\/KASTONAS-150x150.png\" sizes=\"auto, (max-width: 150px) 100vw, 150px\" srcset=\"https:\/\/karera.lt\/wp-content\/uploads\/2022\/07\/KASTONAS-150x150.png 150w, https:\/\/karera.lt\/wp-content\/uploads\/2022\/07\/KASTONAS-300x300.png 300w, https:\/\/karera.lt\/wp-content\/uploads\/2022\/07\/KASTONAS.png 500w\" alt=\"\" width=\"150\" height=\"150\" data-lazy-srcset=\"https:\/\/karera.lt\/wp-content\/uploads\/2022\/07\/KASTONAS-150x150.png 150w, https:\/\/karera.lt\/wp-content\/uploads\/2022\/07\/KASTONAS-300x300.png 300w, https:\/\/karera.lt\/wp-content\/uploads\/2022\/07\/KASTONAS.png 500w\" data-lazy-sizes=\"(max-width: 150px) 100vw, 150px\" data-lazy-src=\"https:\/\/karera.lt\/wp-content\/uploads\/2022\/07\/KASTONAS-150x150.png\" data-ll-status=\"loaded\" \/>EKOLOGI\u0160KAS PAPRAST\u0172J\u0172 KA\u0160TON\u0172\u00a0EKSTRAKTAS<br \/>\nTarp efektyviausi\u0173 mikrocirkuliacij\u0105 skatinan\u010di\u0173 priemoni\u0173 galima i\u0161skirti biodinamin\u012f paprast\u0173j\u0173 ka\u0161ton\u0173 ekstrakt\u0105, kuris stimuliuoja folikulo srit\u012f. D\u0117l sud\u0117tyje esan\u010di\u0173 saponino ir eskulino, ekstraktas reguliuoja plauko pralaidum\u0105 ir atsparum\u0105, gerina kraujagysli\u0173 mikrocirkuliacij\u0105 ir stimuliuoja plauko svog\u016bn\u0117lio aktyvinim\u0105 ir stiprinim\u0105.<\/p>\n<p>&nbsp;<\/p>\n<p>&nbsp;<\/p>\n<div class=\"page\" title=\"Page 98\">\n<div class=\"layoutArea\">\n<div class=\"column\">\n<p><img loading=\"lazy\" decoding=\"async\" class=\"alignleft size-thumbnail wp-image-5428 entered lazyloaded\" src=\"https:\/\/karera.lt\/wp-content\/uploads\/2022\/07\/TIKMEDISSS-150x150.png\" sizes=\"auto, (max-width: 150px) 100vw, 150px\" srcset=\"https:\/\/karera.lt\/wp-content\/uploads\/2022\/07\/TIKMEDISSS-150x150.png 150w, https:\/\/karera.lt\/wp-content\/uploads\/2022\/07\/TIKMEDISSS-300x300.png 300w, https:\/\/karera.lt\/wp-content\/uploads\/2022\/07\/TIKMEDISSS.png 500w\" alt=\"\" width=\"150\" height=\"150\" data-lazy-srcset=\"https:\/\/karera.lt\/wp-content\/uploads\/2022\/07\/TIKMEDISSS-150x150.png 150w, https:\/\/karera.lt\/wp-content\/uploads\/2022\/07\/TIKMEDISSS-300x300.png 300w, https:\/\/karera.lt\/wp-content\/uploads\/2022\/07\/TIKMEDISSS.png 500w\" data-lazy-sizes=\"(max-width: 150px) 100vw, 150px\" data-lazy-src=\"https:\/\/karera.lt\/wp-content\/uploads\/2022\/07\/TIKMEDISSS-150x150.png\" data-ll-status=\"loaded\" \/><br \/>\nGAUTI VADOVAUJANTIS ETINIAIS PRINCIPAIS TIKMEDIS IR RAUDONMEDIS<br \/>\nTikmed\u017eio ekstraktas da\u017enai naudojamas ajurvedin\u0117je medicinoje siekiant sustiprinti plauko strukt\u016br\u0105 ir d\u0117l antibakterini\u0173 savybi\u0173. Raudonmedis \u2013 augalas, kuris da\u017enai naudojamas tradicin\u0117je afrikie\u010di\u0173 medicinoje d\u0117l plaukus energizuojan\u010di\u0173 ir pagyvinan\u010di\u0173 savybi\u0173.<\/p>\n<\/div>\n<\/div>\n<\/div>\n<p>&nbsp;<\/p>\n<\/div>\n<\/div>\n<\/div>\n<div data-wp-editing=\"1\"><\/div>\n<div data-wp-editing=\"1\"><\/div>\n<div data-wp-editing=\"1\"><\/div>\n<div data-wp-editing=\"1\"><img loading=\"lazy\" decoding=\"async\" class=\"aligncenter\" src=\"https:\/\/karera.lt\/wp-content\/uploads\/2021\/12\/galutinis-pav.-1024x279.png\" alt=\"\" width=\"1024\" height=\"279\" \/><\/div>\n<div data-wp-editing=\"1\"><\/div>\n<div data-wp-editing=\"1\"><\/div>\n<div data-wp-editing=\"1\"><\/div>\n<div data-wp-editing=\"1\"><\/div>","protected":false},"excerpt":{"rendered":"<p>OWAY \u0161amp\u016bnas nuo plauk\u0173 slinkimo \u0161velniai valo, stimuliuoja plauk\u0173 gyvybingum\u0105, skatina odos toksin\u0173 pasi\u0161alinim\u0105, suaktyvina galvos odos mikrocirkuliacij\u0105.<\/p>\n<p>&nbsp;<\/p>\n<p><strong>240ml stikliniame buteliuke<\/strong><\/p>\n<p>&nbsp;<\/p>\n<ul class=\"grid grid-cols-2 gap-x-3 gap-y-5 md:gap-y-2\">\n<li class=\"paragraph-2 relative flex items-center pl-3 font-sans leading-4 opacity-50 before:absolute before:left-0 before:top-1\/2 before:size-1 before:-translate-y-1\/2 before:rounded-full before:bg-oway-dark\"><span class=\"inline-block\">Agricosmetica\u00ae<\/span><\/li>\n<li class=\"paragraph-2 relative flex items-center pl-3 font-sans leading-4 opacity-50 before:absolute before:left-0 before:top-1\/2 before:size-1 before:-translate-y-1\/2 before:rounded-full before:bg-oway-dark\"><span class=\"inline-block\">Eteriniai aliejai<\/span><\/li>\n<li class=\"paragraph-2 relative flex items-center pl-3 font-sans leading-4 opacity-50 before:absolute before:left-0 before:top-1\/2 before:size-1 before:-translate-y-1\/2 before:rounded-full before:bg-oway-dark\"><span class=\"inline-block\">Stiklas ir Aliuminis<\/span><\/li>\n<li class=\"paragraph-2 relative flex items-center pl-3 font-sans leading-4 opacity-50 before:absolute before:left-0 before:top-1\/2 before:size-1 before:-translate-y-1\/2 before:rounded-full before:bg-oway-dark\"><span class=\"inline-block\">Pagaminta Italijoje<\/span><\/li>\n<li class=\"paragraph-2 relative flex items-center pl-3 font-sans leading-4 opacity-50 before:absolute before:left-0 before:top-1\/2 before:size-1 before:-translate-y-1\/2 before:rounded-full before:bg-oway-dark\"><span class=\"inline-block\">S\u0105moningai sukurta<\/span><\/li>\n<li class=\"paragraph-2 relative flex items-center pl-3 font-sans leading-4 opacity-50 before:absolute before:left-0 before:top-1\/2 before:size-1 before:-translate-y-1\/2 before:rounded-full before:bg-oway-dark\"><span class=\"inline-block\">Profesionalus produktas<\/span><\/li>\n<\/ul>\n<p><em><a href=\"https:\/\/rupa.lt\/en\/product\/nerudijancio-plieno-dozatorius\/\">\u012esigyti metalin\u012f dozatori\u0173 prie buteliuko<\/a><\/em><\/p>","protected":false},"featured_media":10256,"comment_status":"open","ping_status":"closed","template":"","meta":[],"product_brand":[],"product_cat":[280,281],"product_tag":[332,40,333],"class_list":{"0":"post-10255","1":"product","2":"type-product","3":"status-publish","4":"has-post-thumbnail","6":"product_cat-oway","7":"product_cat-oway-sampunai","8":"product_tag-nuo-slinkimo","9":"product_tag-sampunas","10":"product_tag-stimuliuojantis-plauku-augima","12":"first","13":"instock","14":"shipping-taxable","15":"purchasable","16":"product-type-simple"},"_links":{"self":[{"href":"https:\/\/rupa.lt\/en\/wp-json\/wp\/v2\/product\/10255","targetHints":{"allow":["GET"]}}],"collection":[{"href":"https:\/\/rupa.lt\/en\/wp-json\/wp\/v2\/product"}],"about":[{"href":"https:\/\/rupa.lt\/en\/wp-json\/wp\/v2\/types\/product"}],"replies":[{"embeddable":true,"href":"https:\/\/rupa.lt\/en\/wp-json\/wp\/v2\/comments?post=10255"}],"wp:featuredmedia":[{"embeddable":true,"href":"https:\/\/rupa.lt\/en\/wp-json\/wp\/v2\/media\/10256"}],"wp:attachment":[{"href":"https:\/\/rupa.lt\/en\/wp-json\/wp\/v2\/media?parent=10255"}],"wp:term":[{"taxonomy":"product_brand","embeddable":true,"href":"https:\/\/rupa.lt\/en\/wp-json\/wp\/v2\/product_brand?post=10255"},{"taxonomy":"product_cat","embeddable":true,"href":"https:\/\/rupa.lt\/en\/wp-json\/wp\/v2\/product_cat?post=10255"},{"taxonomy":"product_tag","embeddable":true,"href":"https:\/\/rupa.lt\/en\/wp-json\/wp\/v2\/product_tag?post=10255"}],"curies":[{"name":"wp","href":"https:\/\/api.w.org\/{rel}","templated":true}]}}