{"id":1025,"date":"2016-07-07T12:17:41","date_gmt":"2016-07-07T09:17:41","guid":{"rendered":"http:\/\/ekokirpeja.lt\/shop\/naturalmente\/dekoratyvine-kosmetika\/matiniai-lupu-dazai\/"},"modified":"2020-03-03T20:21:18","modified_gmt":"2020-03-03T18:21:18","slug":"matiniai-lupu-dazai","status":"publish","type":"product","link":"https:\/\/rupa.lt\/en\/product\/matiniai-lupu-dazai\/","title":{"rendered":"Matiniai l\u016bp\u0173 da\u017eai"},"content":{"rendered":"<p>Sud\u0117tis: Ricinus communis seed oil (ricinus communis (castor) seed oil)*, silica,<br \/>\noleic\/linoleic\/linolenic polyglycerides, hydroxystearic\/linolenic\/oleic polyglycerides,<br \/>\nglyceryl rosinate, prunus armeniaca kernel extract (prunus<br \/>\narmeniaca (apricot) kernel extract), tocopherol, helianthus annuus seed<br \/>\noil (helianthus annuus (sunflower) seed oil)*, aroma, parfum (fragrance),<br \/>\nchamomilla recutita flower extract (chamomilla recutita (matricaria) flower<br \/>\nextract)*.<\/p>","protected":false},"excerpt":{"rendered":"<h2>| Lips | Lip stick<\/h2>\n<p><strong>Matiniai l\u016bp\u0173 da\u017eai abrikos\u0173 ir ramun\u0117li\u0173 pagrindu<\/strong><br \/>\nIlgai i\u0161liekantys, gali b\u016bti pary\u0161kinti l\u016bp\u0173 blizgiu.<\/p>\n<table class=\"makeuppalette\">\n<tbody>\n<tr>\n<td bgcolor=\"#9B6B6F\"><\/td>\n<td width=\"15px\"><\/td>\n<td bgcolor=\"#BA2229\"><\/td>\n<td width=\"15px\"><\/td>\n<td bgcolor=\"#995B63\"><\/td>\n<\/tr>\n<tr>\n<td><strong>Nude 01<\/strong><\/td>\n<td><\/td>\n<td><strong>Red Passion 02<\/strong><\/td>\n<td><\/td>\n<td><strong>Lavander 03<\/strong><\/td>\n<\/tr>\n<tr>\n<td bgcolor=\"#DB3B29\"><\/td>\n<td width=\"15px\"><\/td>\n<td bgcolor=\"#802E2B\"><\/td>\n<td width=\"15px\"><\/td>\n<td bgcolor=\"#733825\"><\/td>\n<\/tr>\n<tr>\n<td><strong>Orange 04<\/strong><\/td>\n<td><\/td>\n<td><strong>Cyclamen 05<\/strong><\/td>\n<td><\/td>\n<td><strong>Hazelnut 06<\/strong><\/td>\n<\/tr>\n<\/tbody>\n<\/table>\n<h2><\/h2>","protected":false},"featured_media":1026,"comment_status":"open","ping_status":"closed","template":"","meta":[],"product_brand":[],"product_cat":[58],"product_tag":[],"class_list":{"0":"post-1025","1":"product","2":"type-product","3":"status-publish","4":"has-post-thumbnail","6":"product_cat-dekoratyvine-kosmetika","8":"first","9":"outofstock","10":"shipping-taxable","11":"purchasable","12":"product-type-simple"},"_links":{"self":[{"href":"https:\/\/rupa.lt\/en\/wp-json\/wp\/v2\/product\/1025","targetHints":{"allow":["GET"]}}],"collection":[{"href":"https:\/\/rupa.lt\/en\/wp-json\/wp\/v2\/product"}],"about":[{"href":"https:\/\/rupa.lt\/en\/wp-json\/wp\/v2\/types\/product"}],"replies":[{"embeddable":true,"href":"https:\/\/rupa.lt\/en\/wp-json\/wp\/v2\/comments?post=1025"}],"wp:featuredmedia":[{"embeddable":true,"href":"https:\/\/rupa.lt\/en\/wp-json\/wp\/v2\/media\/1026"}],"wp:attachment":[{"href":"https:\/\/rupa.lt\/en\/wp-json\/wp\/v2\/media?parent=1025"}],"wp:term":[{"taxonomy":"product_brand","embeddable":true,"href":"https:\/\/rupa.lt\/en\/wp-json\/wp\/v2\/product_brand?post=1025"},{"taxonomy":"product_cat","embeddable":true,"href":"https:\/\/rupa.lt\/en\/wp-json\/wp\/v2\/product_cat?post=1025"},{"taxonomy":"product_tag","embeddable":true,"href":"https:\/\/rupa.lt\/en\/wp-json\/wp\/v2\/product_tag?post=1025"}],"curies":[{"name":"wp","href":"https:\/\/api.w.org\/{rel}","templated":true}]}}