{"id":10240,"date":"2024-04-27T18:16:50","date_gmt":"2024-04-27T15:16:50","guid":{"rendered":"https:\/\/rupa.lt\/?post_type=product&#038;p=10240"},"modified":"2024-05-02T01:05:26","modified_gmt":"2024-05-01T22:05:26","slug":"lush-velvet-elixir-purskiamas-proteininis-eliksyras","status":"publish","type":"product","link":"https:\/\/rupa.lt\/en\/product\/lush-velvet-elixir-purskiamas-proteininis-eliksyras\/","title":{"rendered":"LUSH VELVET ELIXIR Pur\u0161kiamas Proteininis Eliksyras"},"content":{"rendered":"<p>Maitina ir suteikia plaukams \u017evilgesio. Yra nepaprastai universalus, nes puikiai tinka vis\u0173 tip\u0173 plaukams.<\/p>\n<p><strong>Naudojimas:<\/strong>\u00a0tolygiai purk\u0161ti ant plauk\u0173, i\u0161\u0161ukuoti ir d\u017eiovinti.<\/p>","protected":false},"excerpt":{"rendered":"<p><strong>Pur\u0161kiamas proteininis eliksyras<\/strong>\u00a0naudojamas prie\u0161 plauk\u0173 d\u017eiovinim\u0105. Suteikia plaukams nuostabaus \u0161velnumo efekt\u0105.<\/p>\n<p>50ml<\/p>","protected":false},"featured_media":10241,"comment_status":"open","ping_status":"closed","template":"","meta":[],"product_brand":[],"product_cat":[198,55],"product_tag":[],"class_list":{"0":"post-10240","1":"product","2":"type-product","3":"status-publish","4":"has-post-thumbnail","6":"product_cat-naturalmente","7":"product_cat-naturalmente-in-bloom","9":"first","10":"instock","11":"shipping-taxable","12":"purchasable","13":"product-type-simple"},"_links":{"self":[{"href":"https:\/\/rupa.lt\/en\/wp-json\/wp\/v2\/product\/10240","targetHints":{"allow":["GET"]}}],"collection":[{"href":"https:\/\/rupa.lt\/en\/wp-json\/wp\/v2\/product"}],"about":[{"href":"https:\/\/rupa.lt\/en\/wp-json\/wp\/v2\/types\/product"}],"replies":[{"embeddable":true,"href":"https:\/\/rupa.lt\/en\/wp-json\/wp\/v2\/comments?post=10240"}],"wp:featuredmedia":[{"embeddable":true,"href":"https:\/\/rupa.lt\/en\/wp-json\/wp\/v2\/media\/10241"}],"wp:attachment":[{"href":"https:\/\/rupa.lt\/en\/wp-json\/wp\/v2\/media?parent=10240"}],"wp:term":[{"taxonomy":"product_brand","embeddable":true,"href":"https:\/\/rupa.lt\/en\/wp-json\/wp\/v2\/product_brand?post=10240"},{"taxonomy":"product_cat","embeddable":true,"href":"https:\/\/rupa.lt\/en\/wp-json\/wp\/v2\/product_cat?post=10240"},{"taxonomy":"product_tag","embeddable":true,"href":"https:\/\/rupa.lt\/en\/wp-json\/wp\/v2\/product_tag?post=10240"}],"curies":[{"name":"wp","href":"https:\/\/api.w.org\/{rel}","templated":true}]}}