{"id":1022,"date":"2016-07-07T12:11:47","date_gmt":"2016-07-07T09:11:47","guid":{"rendered":"http:\/\/ekokirpeja.lt\/shop\/naturalmente\/dekoratyvine-kosmetika\/juodas-matinis-akiu-konturas\/"},"modified":"2020-03-03T20:21:27","modified_gmt":"2020-03-03T18:21:27","slug":"juodas-matinis-akiu-konturas","status":"publish","type":"product","link":"https:\/\/rupa.lt\/en\/product\/juodas-matinis-akiu-konturas\/","title":{"rendered":"Juodas matinis aki\u0173 kont\u016bras"},"content":{"rendered":"<p>Sud\u0117tis: Aqua (water), ci 77499 (iron oxides), acacia senegal gum, salvia sclarea<br \/>\nflower\/leaf\/stem water (salvia sclarea (clary) flower\/leaf\/stem water)*, glycerin*,<br \/>\ncellulose, cetearyl alcohol, glyceryl stearate, microcrystalline cellulose,<br \/>\ncellulose gum, silica, potassium palmitoyl hydrolyzed wheat protein, sunflower<br \/>\noil decyl esters, myristoylpullulan, squalane, zea mays starch (zea<br \/>\nmays (corn) starch)*, benzyl alcohol, dehydroacetic acid<\/p>","protected":false},"excerpt":{"rendered":"<h2><\/h2>\n<h2>| Eyes | Eye liner<\/h2>\n<p><strong>Juodas matinis aki\u0173 kont\u016bras muskatini\u0173 \u0161alavij\u0173 pagrindu<\/strong><br \/>\nPrie\u0161 naudojant suplakti, kad milteliai ir ilgai i\u0161liekantis aliejus susimai\u0161yt\u0173, aplikatorius palengvina naudojim\u0105, i\u0161gaunama ai\u0161ki ir ry\u0161ki linija.<\/p>\n<table class=\"makeuppalette\">\n<tbody>\n<tr>\n<td bgcolor=\"#000000\"><\/td>\n<\/tr>\n<tr>\n<td><strong>Black Opal 01<\/strong><\/td>\n<\/tr>\n<\/tbody>\n<\/table>","protected":false},"featured_media":1023,"comment_status":"open","ping_status":"closed","template":"","meta":[],"product_brand":[],"product_cat":[58],"product_tag":[],"class_list":{"0":"post-1022","1":"product","2":"type-product","3":"status-publish","4":"has-post-thumbnail","6":"product_cat-dekoratyvine-kosmetika","8":"first","9":"outofstock","10":"shipping-taxable","11":"purchasable","12":"product-type-simple"},"_links":{"self":[{"href":"https:\/\/rupa.lt\/en\/wp-json\/wp\/v2\/product\/1022","targetHints":{"allow":["GET"]}}],"collection":[{"href":"https:\/\/rupa.lt\/en\/wp-json\/wp\/v2\/product"}],"about":[{"href":"https:\/\/rupa.lt\/en\/wp-json\/wp\/v2\/types\/product"}],"replies":[{"embeddable":true,"href":"https:\/\/rupa.lt\/en\/wp-json\/wp\/v2\/comments?post=1022"}],"wp:featuredmedia":[{"embeddable":true,"href":"https:\/\/rupa.lt\/en\/wp-json\/wp\/v2\/media\/1023"}],"wp:attachment":[{"href":"https:\/\/rupa.lt\/en\/wp-json\/wp\/v2\/media?parent=1022"}],"wp:term":[{"taxonomy":"product_brand","embeddable":true,"href":"https:\/\/rupa.lt\/en\/wp-json\/wp\/v2\/product_brand?post=1022"},{"taxonomy":"product_cat","embeddable":true,"href":"https:\/\/rupa.lt\/en\/wp-json\/wp\/v2\/product_cat?post=1022"},{"taxonomy":"product_tag","embeddable":true,"href":"https:\/\/rupa.lt\/en\/wp-json\/wp\/v2\/product_tag?post=1022"}],"curies":[{"name":"wp","href":"https:\/\/api.w.org\/{rel}","templated":true}]}}